{"id":30042,"date":"2026-05-06T12:40:49","date_gmt":"2026-05-06T15:40:49","guid":{"rendered":"https:\/\/www.swedcham.com.br\/?post_type=product&#038;p=30042"},"modified":"2026-05-06T12:40:49","modified_gmt":"2026-05-06T15:40:49","slug":"cafe-da-manha-de-matchmaking","status":"publish","type":"product","link":"https:\/\/www.swedcham.com.br\/en\/product\/our-events\/cafe-da-manha-de-matchmaking\/","title":{"rendered":"Caf\u00e9 da manh\u00e3 de Matchmaking\u00a0"},"content":{"rendered":"\n<figure class=\"wp-block-image size-full is-resized\"><a href=\"https:\/\/www.swedcham.com.br\/wp-content\/uploads\/2026\/01\/frukost2.png\"><img loading=\"lazy\" decoding=\"async\" width=\"1536\" height=\"1024\" src=\"https:\/\/www.swedcham.com.br\/wp-content\/uploads\/2026\/01\/frukost2.png\" alt=\"\" class=\"wp-image-29831\" style=\"aspect-ratio:16\/9;object-fit:cover;width:488px;height:auto\" srcset=\"https:\/\/www.swedcham.com.br\/wp-content\/uploads\/2026\/01\/frukost2.png 1536w, https:\/\/www.swedcham.com.br\/wp-content\/uploads\/2026\/01\/frukost2-300x200.png 300w, https:\/\/www.swedcham.com.br\/wp-content\/uploads\/2026\/01\/frukost2-1024x683.png 1024w, https:\/\/www.swedcham.com.br\/wp-content\/uploads\/2026\/01\/frukost2-768x512.png 768w, https:\/\/www.swedcham.com.br\/wp-content\/uploads\/2026\/01\/frukost2-600x400.png 600w\" sizes=\"auto, (max-width: 1536px) 100vw, 1536px\" \/><\/a><\/figure>\n\n\n\n<p data-wp-context---core-fit-text=\"core\/fit-text::{&quot;fontSize&quot;:&quot;&quot;}\" data-wp-init---core-fit-text=\"core\/fit-text::callbacks.init\" data-wp-interactive data-wp-style--font-size=\"core\/fit-text::context.fontSize\" class=\"has-fit-text\"><\/p>\n\n\n\n<p id=\"isPasted\">A Swedcham tem o prazer de convid\u00e1-los para um\u00a0<strong>Caf\u00e9 da Manh\u00e3 de Networking & Matchmaking<\/strong>, um encontro pensado para\u00a0<strong>fortalecer conex\u00f5es<\/strong>\u00a0e promover\u00a0<strong>trocas relevantes<\/strong>\u00a0entre as<strong>\u00a0empresas associadas.<\/strong><\/p>\n\n\n\n<p id=\"isPasted\">Em um ambiente din\u00e2mico e colaborativo, os participantes ser\u00e3o organizados em pequenas mesas, com rodadas de\u00a0<strong>conversas guiadas<\/strong>\u00a0por perguntas estrat\u00e9gicas, incentivando apresenta\u00e7\u00f5es objetivas e a troca de experi\u00eancias. A cada ciclo, as mesas ser\u00e3o rotacionadas, ampliando as\u00a0<strong>oportunidades de intera\u00e7\u00e3o e networking.<\/strong><\/p>\n\n\n\n<p id=\"isPasted\">Al\u00e9m disso, todos receber\u00e3o um material com informa\u00e7\u00f5es das empresas participantes, facilitando conex\u00f5es futuras.<\/p>\n\n\n\n<p data-wp-context---core-fit-text=\"core\/fit-text::{&quot;fontSize&quot;:&quot;&quot;}\" data-wp-init---core-fit-text=\"core\/fit-text::callbacks.init\" data-wp-interactive data-wp-style--font-size=\"core\/fit-text::context.fontSize\" class=\"has-fit-text\">Ser\u00e1 uma\u00a0<strong>excelente oportunidade<\/strong>\u00a0para conhecer novas empresas, compartilhar desafios e identificar sinergias.<\/p>\n\n\n\n<p><strong>Quando:<\/strong><br>Ter\u00e7a-feira, 19 de maio \u00e0 partir das 08h30<\/p>\n\n\n\n<p><strong>Onde:<\/strong><br>Swedcham \u2013 Rua Oscar Freire, 379 \u2013 cj 121<\/p>\n\n\n\n<p><strong>900 metros<\/strong><strong>\u00a0da esta\u00e7\u00e3o Oscar Freire do Metr\u00f4 (linha amarela)<\/strong><\/p>\n\n\n\n<p><strong>Estacionamento:<\/strong><br>Recomendamos o estacionamento do Hotel Regent Park<br>Rua Oscar Freire, 533.<\/p>\n\n\n\n<p><strong>Investimento:<\/strong><br>Gratuito para associados da Swedcham<\/p>\n\n\n\n<p><strong>RSVP:\u00a0<\/strong>at\u00e9 15\/05 \u2013\u00a0<a href=\"https:\/\/docs.google.com\/forms\/d\/e\/1FAIpQLSddJSoAfQWx-m8OY5OjlADKbG50AHCeDFiKEYOoR2lo2DZaxw\/viewform?usp=publish-editor\" target=\"_blank\" rel=\"noreferrer noopener\">Clique aqui para inscrever a sua empresa<\/a><\/p>\n","protected":false},"excerpt":{"rendered":"<p>A Swedcham tem o prazer de convid\u00e1-los para um\u00a0Caf\u00e9 da Manh\u00e3 de Networking &#038; Matchmaking, um encontro pensado para\u00a0fortalecer conex\u00f5es\u00a0e<\/p>\n","protected":false},"featured_media":29835,"template":"","meta":[],"product_brand":[],"product_cat":[228],"product_tag":[],"class_list":{"0":"post-30042","1":"product","2":"type-product","3":"status-publish","4":"has-post-thumbnail","6":"product_cat-our-events","8":"first","9":"instock","10":"shipping-taxable","11":"product-type-simple"},"_links":{"self":[{"href":"https:\/\/www.swedcham.com.br\/en\/wp-json\/wp\/v2\/product\/30042","targetHints":{"allow":["GET"]}}],"collection":[{"href":"https:\/\/www.swedcham.com.br\/en\/wp-json\/wp\/v2\/product"}],"about":[{"href":"https:\/\/www.swedcham.com.br\/en\/wp-json\/wp\/v2\/types\/product"}],"wp:featuredmedia":[{"embeddable":true,"href":"https:\/\/www.swedcham.com.br\/en\/wp-json\/wp\/v2\/media\/29835"}],"wp:attachment":[{"href":"https:\/\/www.swedcham.com.br\/en\/wp-json\/wp\/v2\/media?parent=30042"}],"wp:term":[{"taxonomy":"product_brand","embeddable":true,"href":"https:\/\/www.swedcham.com.br\/en\/wp-json\/wp\/v2\/product_brand?post=30042"},{"taxonomy":"product_cat","embeddable":true,"href":"https:\/\/www.swedcham.com.br\/en\/wp-json\/wp\/v2\/product_cat?post=30042"},{"taxonomy":"product_tag","embeddable":true,"href":"https:\/\/www.swedcham.com.br\/en\/wp-json\/wp\/v2\/product_tag?post=30042"}],"curies":[{"name":"wp","href":"https:\/\/api.w.org\/{rel}","templated":true}]}}