{"id":29985,"date":"2026-04-05T14:19:57","date_gmt":"2026-04-05T17:19:57","guid":{"rendered":"https:\/\/www.swedcham.com.br\/product\/uncategorized\/como-preparar-lideres-para-as-novas-geracoes-na-pratica\/"},"modified":"2026-04-13T14:25:57","modified_gmt":"2026-04-13T17:25:57","slug":"como-preparar-lideres-para-as-novas-geracoes-na-pratica","status":"publish","type":"product","link":"https:\/\/www.swedcham.com.br\/en\/product\/our-events\/como-preparar-lideres-para-as-novas-geracoes-na-pratica\/","title":{"rendered":"Como preparar l\u00edderes para as novas gera\u00e7\u00f5es na pr\u00e1tica?"},"content":{"rendered":"\n<p class=\"has-x-large-font-size\"><strong>Como preparar l\u00edderes para as novas gera\u00e7\u00f5es na pr\u00e1tica?<\/strong><\/p>\n\n\n\n<p>A Swedcham, em parceria com o Juventudes Potentes, programa articulado pela United Way Brasil, e com apoio de outras c\u00e2maras de com\u00e9rcio europeias, convida sua empresa para participar de uma edi\u00e7\u00e3o do Elevado \u00e0 Pot\u00eancia.<\/p>\n\n\n\n<p>O Elevado \u00e0 Pot\u00eancia \u00e9 uma experi\u00eancia imersiva que conecta jovens e colaboradores em um encontro direto com o territ\u00f3rio, promovendo troca de experi\u00eancias, desenvolvimento de novas perspectivas e reflex\u00e3o sobre o futuro do trabalho.<\/p>\n\n\n\n<p>Ao longo da manh\u00e3, os participantes vivenciam uma jornada pr\u00e1tica que inclui intera\u00e7\u00e3o com jovens, escuta ativa e discuss\u00e3o sobre desafios reais relacionados \u00e0 forma\u00e7\u00e3o, empregabilidade e desenvolvimento de novas lideran\u00e7as.<\/p>\n\n\n\n<p>Essa iniciativa integra empresas e organiza\u00e7\u00f5es em um ambiente de troca qualificada, fortalecendo o papel do setor privado na inclus\u00e3o produtiva das juventudes.<\/p>\n\n\n\n<p id=\"m_988522463716203910isPasted\">A experi\u00eancia inclui:<\/p>\n\n\n\n<ul class=\"wp-block-list\">\n<li>Intera\u00e7\u00e3o direta com jovens participantes de programas formativos<\/li>\n\n\n\n<li>Troca de experi\u00eancias entre colaboradores e juventudes<\/li>\n\n\n\n<li>Reflex\u00e3o sobre lideran\u00e7a, futuro do trabalho e inclus\u00e3o produtiva<\/li>\n\n\n\n<li>Networking com empresas e c\u00e2maras de com\u00e9rcio<\/li>\n<\/ul>\n\n\n\n<p id=\"m_988522463716203910isPasted\"><strong>Quando:<\/strong><\/p>\n\n\n\n<p>Sexta-feira, 22 de maio \u00e0s 9h30<\/p>\n\n\n\n<p><strong>Local:<\/strong><\/p>\n\n\n\n<p><strong>ESPRO<\/strong>&nbsp;&#8211; Av. Brigadeiro Lu\u00eds Ant\u00f4nio, 2482 \u2013 S\u00e3o Paulo<\/p>\n\n\n\n<p><strong>Agenda do dia:<\/strong><\/p>\n\n\n\n<p>09h30 \u2013 Welcome Coffee<br>10h00 \u2013 Abertura (boas-vindas ESPRO, Juventudes Potentes e Swedcham)<br>10h10 \u2013 Apresenta\u00e7\u00e3o de dados sobre juventudes e empregabilidade<br>10h30 \u2013 Roda de conversa conduzida pelo N\u00facleo Jovem<br>11h00 \u2013 Atividades em grupos (jovens + representantes das empresas)<br>11h30 \u2013 Apresenta\u00e7\u00f5es dos grupos<br>12h00 \u2013 Fechamento e agradecimentos<\/p>\n\n\n\n<p><strong>Estacionamento: Pagamento no local<\/strong><\/p>\n\n\n\n<p>Edif\u00edcio Ouro Preto<\/p>\n\n\n\n<p><a href=\"https:\/\/iiahcge.r.af.d.sendibt2.com\/tr\/cl\/y6ahRP144m0HCOOze1vJww8KAQx-xOIJPG34ILr4AHgQSvcrQPkRoMuNuhSsiECWTCjvRQhKls2JbHg6xDU4_OV_zrspYOpFO2f9qUBR--hatQkCvyrlO8CBdw89F8MaioDzswi9MkFG19Bj-hnCwse0iU4LJdLvAbwsSGAQGIHY0vxGToG1TXEtfizMtWAMEt72BlhiSfzBVDh0V0lPxG9Lepp0QuCuYqBrFZbKXfBCZ4wMBOkmIZS0OlrwUsoyHaM1zWqOd7PAD2FkI7qweS6M5-S0IIQVgmSg0v5x8FYeWpOWqg8B_P0tMd-E4_j4wSoyvQATzR56S_a2HuxqfZC0Q97rBnq2VmtexZYC7tu8BND0TjG8RY6isMq98kGWDfJY1gGQlmOox4qklxEIGy9HDQCroBENu7wIv0PkEiSphsjDgv_oPWyrqO1neSHuycsRiakzX9NVIhYTa7pfD6F6rCE\" target=\"_blank\" rel=\"noreferrer noopener\">Av. Brigadeiro Lu\u00eds Ant\u00f4nio, 2466 &#8211; Jardim Paulista, S\u00e3o Paulo &#8211; SP, 01402-000<\/a><\/p>\n\n\n\n<p><strong>RSVP:<\/strong><\/p>\n\n\n\n<p>18\/05 &#8211;&nbsp;<a href=\"mailto:eventos@swedcham.com.br\" target=\"_blank\" rel=\"noreferrer noopener\">eventos@swedcham.com.br<\/a><\/p>\n\n\n\n<p><\/p>\n\n\n\n<figure class=\"wp-block-image size-large is-resized\"><a href=\"https:\/\/www.swedcham.com.br\/wp-content\/uploads\/2026\/04\/unnamed.png\"><img loading=\"lazy\" decoding=\"async\" width=\"1024\" height=\"240\" src=\"https:\/\/www.swedcham.com.br\/wp-content\/uploads\/2026\/04\/unnamed-1024x240.png\" alt=\"\" class=\"wp-image-29981\" style=\"width:688px;height:auto\" srcset=\"https:\/\/www.swedcham.com.br\/wp-content\/uploads\/2026\/04\/unnamed-1024x240.png 1024w, https:\/\/www.swedcham.com.br\/wp-content\/uploads\/2026\/04\/unnamed-300x70.png 300w, https:\/\/www.swedcham.com.br\/wp-content\/uploads\/2026\/04\/unnamed-768x180.png 768w, https:\/\/www.swedcham.com.br\/wp-content\/uploads\/2026\/04\/unnamed-600x140.png 600w, https:\/\/www.swedcham.com.br\/wp-content\/uploads\/2026\/04\/unnamed.png 1418w\" sizes=\"auto, (max-width: 1024px) 100vw, 1024px\" \/><\/a><\/figure>\n","protected":false},"excerpt":{"rendered":"<p>Como preparar l\u00edderes para as novas gera\u00e7\u00f5es na pr\u00e1tica? A Swedcham, em parceria com o Juventudes Potentes, programa articulado pela<\/p>\n","protected":false},"featured_media":29987,"template":"","meta":[],"product_brand":[],"product_cat":[228],"product_tag":[],"class_list":{"0":"post-29985","1":"product","2":"type-product","3":"status-publish","4":"has-post-thumbnail","6":"product_cat-our-events","8":"first","9":"instock","10":"shipping-taxable","11":"product-type-simple"},"_links":{"self":[{"href":"https:\/\/www.swedcham.com.br\/en\/wp-json\/wp\/v2\/product\/29985","targetHints":{"allow":["GET"]}}],"collection":[{"href":"https:\/\/www.swedcham.com.br\/en\/wp-json\/wp\/v2\/product"}],"about":[{"href":"https:\/\/www.swedcham.com.br\/en\/wp-json\/wp\/v2\/types\/product"}],"wp:featuredmedia":[{"embeddable":true,"href":"https:\/\/www.swedcham.com.br\/en\/wp-json\/wp\/v2\/media\/29987"}],"wp:attachment":[{"href":"https:\/\/www.swedcham.com.br\/en\/wp-json\/wp\/v2\/media?parent=29985"}],"wp:term":[{"taxonomy":"product_brand","embeddable":true,"href":"https:\/\/www.swedcham.com.br\/en\/wp-json\/wp\/v2\/product_brand?post=29985"},{"taxonomy":"product_cat","embeddable":true,"href":"https:\/\/www.swedcham.com.br\/en\/wp-json\/wp\/v2\/product_cat?post=29985"},{"taxonomy":"product_tag","embeddable":true,"href":"https:\/\/www.swedcham.com.br\/en\/wp-json\/wp\/v2\/product_tag?post=29985"}],"curies":[{"name":"wp","href":"https:\/\/api.w.org\/{rel}","templated":true}]}}