{"id":29961,"date":"2026-04-09T13:24:00","date_gmt":"2026-04-09T16:24:00","guid":{"rendered":"https:\/\/www.swedcham.com.br\/?post_type=product&#038;p=29961"},"modified":"2026-04-09T13:24:04","modified_gmt":"2026-04-09T16:24:04","slug":"carreira-e-equilibrio-como-os-jovens-estao-lidando-com-a-saude-mental-no-trabalho","status":"publish","type":"product","link":"https:\/\/www.swedcham.com.br\/en\/product\/uncategorized\/carreira-e-equilibrio-como-os-jovens-estao-lidando-com-a-saude-mental-no-trabalho\/","title":{"rendered":"Carreira e equil\u00edbrio: Como os jovens est\u00e3o lidando com a sa\u00fade mental no trabalho"},"content":{"rendered":"\n<p class=\"has-medium-font-size\"><strong>Carreira e equil\u00edbrio: Como os jovens est\u00e3o lidando com a sa\u00fade mental no trabalho<\/strong><\/p>\n\n\n\n<p id=\"m_-708516477929607670m_2919904291723686299isPasted\">A<strong>&nbsp;S<\/strong><strong>wedcham<\/strong>, em parceria com a&nbsp;<strong>Alumni Network<\/strong>, convida voc\u00ea para um encontro sobre sa\u00fade mental no ambiente de trabalho, um tema cada vez mais urgente para quem est\u00e1 construindo sua trajet\u00f3ria profissional.<\/p>\n\n\n\n<p>Em um cen\u00e1rio marcado por alta performance, excesso de est\u00edmulos, press\u00e3o constante e a sensa\u00e7\u00e3o de precisar estar sempre dispon\u00edvel, como encontrar equil\u00edbrio sem comprometer o crescimento profissional?<\/p>\n\n\n\n<p>Neste encontro, vamos discutir de forma aberta e atual os principais desafios de sa\u00fade mental enfrentados por jovens profissionais no ambiente corporativo.<\/p>\n\n\n\n<p><strong>Entre os temas em destaque:<\/strong><\/p>\n\n\n\n<ul class=\"wp-block-list\">\n<li>Burnout silencioso no in\u00edcio da carreira<\/li>\n\n\n\n<li>Ansiedade de performance e s\u00edndrome do impostor<\/li>\n\n\n\n<li>Limites saud\u00e1veis no ambiente de trabalho<\/li>\n\n\n\n<li>Seguran\u00e7a psicol\u00f3gica nas empresas<\/li>\n\n\n\n<li>Sa\u00fade mental na era digital e a cultura do \u201calways on\u201d<\/li>\n<\/ul>\n\n\n\n<p>Junte-se a n\u00f3s para essa troca e participe de uma conversa relevante sobre bem-estar, carreira e o futuro do trabalho!<\/p>\n\n\n\n<p><\/p>\n\n\n\n<div class=\"wp-block-media-text is-stacked-on-mobile\" style=\"grid-template-columns:19% auto\"><figure class=\"wp-block-media-text__media\"><img loading=\"lazy\" decoding=\"async\" width=\"400\" height=\"400\" src=\"https:\/\/www.swedcham.com.br\/wp-content\/uploads\/2026\/04\/unnamed.jpg\" alt=\"\" class=\"wp-image-29962 size-full\" srcset=\"https:\/\/www.swedcham.com.br\/wp-content\/uploads\/2026\/04\/unnamed.jpg 400w, https:\/\/www.swedcham.com.br\/wp-content\/uploads\/2026\/04\/unnamed-300x300.jpg 300w, https:\/\/www.swedcham.com.br\/wp-content\/uploads\/2026\/04\/unnamed-150x150.jpg 150w, https:\/\/www.swedcham.com.br\/wp-content\/uploads\/2026\/04\/unnamed-100x100.jpg 100w\" sizes=\"auto, (max-width: 400px) 100vw, 400px\" \/><\/figure><div class=\"wp-block-media-text__content\">\n<p><strong>Joana D\u2019arc Silva<\/strong><br>HR Director | H\u00f6gan\u00e4s Brasil<\/p>\n<\/div><\/div>\n\n\n\n<p><\/p>\n\n\n\n<div class=\"wp-block-media-text is-stacked-on-mobile\" style=\"grid-template-columns:19% auto\"><figure class=\"wp-block-media-text__media\"><img loading=\"lazy\" decoding=\"async\" width=\"300\" height=\"300\" src=\"https:\/\/www.swedcham.com.br\/wp-content\/uploads\/2026\/04\/unnamed-1.jpg\" alt=\"\" class=\"wp-image-29964 size-full\" srcset=\"https:\/\/www.swedcham.com.br\/wp-content\/uploads\/2026\/04\/unnamed-1.jpg 300w, https:\/\/www.swedcham.com.br\/wp-content\/uploads\/2026\/04\/unnamed-1-150x150.jpg 150w, https:\/\/www.swedcham.com.br\/wp-content\/uploads\/2026\/04\/unnamed-1-100x100.jpg 100w\" sizes=\"auto, (max-width: 300px) 100vw, 300px\" \/><\/figure><div class=\"wp-block-media-text__content\">\n<p><strong>Laercio Pereira<\/strong><br>VP, Head of Human Resources \u2013 LAR | SAAB<\/p>\n\n\n\n<p><\/p>\n<\/div><\/div>\n\n\n\n<p><\/p>\n\n\n\n<div class=\"wp-block-media-text is-stacked-on-mobile\" style=\"grid-template-columns:19% auto\"><figure class=\"wp-block-media-text__media\"><img loading=\"lazy\" decoding=\"async\" width=\"400\" height=\"400\" src=\"https:\/\/www.swedcham.com.br\/wp-content\/uploads\/2026\/04\/unnamed-3.jpg\" alt=\"\" class=\"wp-image-29968 size-full\" srcset=\"https:\/\/www.swedcham.com.br\/wp-content\/uploads\/2026\/04\/unnamed-3.jpg 400w, https:\/\/www.swedcham.com.br\/wp-content\/uploads\/2026\/04\/unnamed-3-300x300.jpg 300w, https:\/\/www.swedcham.com.br\/wp-content\/uploads\/2026\/04\/unnamed-3-150x150.jpg 150w, https:\/\/www.swedcham.com.br\/wp-content\/uploads\/2026\/04\/unnamed-3-100x100.jpg 100w\" sizes=\"auto, (max-width: 400px) 100vw, 400px\" \/><\/figure><div class=\"wp-block-media-text__content\">\n<p><strong>Maria Eug\u00eania Bismarck Carillo<\/strong><br>Occupational Health Group Manager na Scania Latin America<\/p>\n<\/div><\/div>\n\n\n\n<p><\/p>\n\n\n\n<div class=\"wp-block-media-text is-stacked-on-mobile\" style=\"grid-template-columns:19% auto\"><figure class=\"wp-block-media-text__media\"><img loading=\"lazy\" decoding=\"async\" width=\"955\" height=\"1024\" src=\"https:\/\/www.swedcham.com.br\/wp-content\/uploads\/2026\/04\/unnamed-2-955x1024.jpg\" alt=\"\" class=\"wp-image-29966 size-full\" srcset=\"https:\/\/www.swedcham.com.br\/wp-content\/uploads\/2026\/04\/unnamed-2-955x1024.jpg 955w, https:\/\/www.swedcham.com.br\/wp-content\/uploads\/2026\/04\/unnamed-2-280x300.jpg 280w, https:\/\/www.swedcham.com.br\/wp-content\/uploads\/2026\/04\/unnamed-2-768x824.jpg 768w, https:\/\/www.swedcham.com.br\/wp-content\/uploads\/2026\/04\/unnamed-2-1432x1536.jpg 1432w, https:\/\/www.swedcham.com.br\/wp-content\/uploads\/2026\/04\/unnamed-2-1910x2048.jpg 1910w, https:\/\/www.swedcham.com.br\/wp-content\/uploads\/2026\/04\/unnamed-2-600x644.jpg 600w\" sizes=\"auto, (max-width: 955px) 100vw, 955px\" \/><\/figure><div class=\"wp-block-media-text__content\">\n<p><strong>Dra. Raquel Duaibs<\/strong><br>Psic\u00f3loga Cl\u00ednica Intercultural<\/p>\n<\/div><\/div>\n\n\n\n<div class=\"wp-block-group is-layout-grid wp-container-core-group-is-layout-9649a0d9 wp-block-group-is-layout-grid\"><\/div>\n\n\n\n<p><\/p>\n\n\n\n<p id=\"m_-708516477929607670m_2919904291723686299isPasted\"><strong>Quando:<\/strong><\/p>\n\n\n\n<p>Segunda-feira, 27 de abril, 18h<\/p>\n\n\n\n<p><strong>Local:<\/strong><\/p>\n\n\n\n<p>Swedcham Brasil &#8211; Rua Oscar Freire, 379 &#8211; cj 121<\/p>\n\n\n\n<p>900 metros da Esta\u00e7\u00e3o Oscar Freire<\/p>\n\n\n\n<p><strong>Agenda:<\/strong><\/p>\n\n\n\n<p>18:00 \u2013 Welcome Coffee<br>18.20 \u2013 Abertura \u2013 Jonas Lindstr\u00f6m \u2013 Swedcham<br>18:25 &#8211; Apresenta\u00e7\u00f5es<br>19:10 &#8211; Painel e&nbsp;Q&amp;As<br>19:40 &#8211; Happy Hour<\/p>\n\n\n\n<p><strong>Estacionamento:<\/strong><\/p>\n\n\n\n<p>Indicamos o estacionamento do Hotel Regent Park &#8211; Rua Oscar Freire, 533<\/p>\n\n\n\n<p><strong>RSVP:<\/strong><\/p>\n\n\n\n<p>26\/04 &#8211;&nbsp;<a href=\"mailto:brazil@swedcham.com.br\" target=\"_blank\" rel=\"noreferrer noopener\">brazil@swedcham.com.br<\/a><\/p>\n\n\n\n<p><strong>Espa\u00e7o limitado, estamos dando prefer\u00eancia para jovens profissionais em inicio de carreira e profissionais de RH.<\/strong><\/p>\n","protected":false},"excerpt":{"rendered":"<p>Carreira e equil\u00edbrio: Como os jovens est\u00e3o lidando com a sa\u00fade mental no trabalho A&nbsp;Swedcham, em parceria com a&nbsp;Alumni Network,<\/p>\n","protected":false},"featured_media":29970,"template":"","meta":[],"product_brand":[],"product_cat":[],"product_tag":[],"class_list":{"0":"post-29961","1":"product","2":"type-product","3":"status-publish","4":"has-post-thumbnail","7":"first","8":"instock","9":"shipping-taxable","10":"product-type-simple"},"_links":{"self":[{"href":"https:\/\/www.swedcham.com.br\/en\/wp-json\/wp\/v2\/product\/29961","targetHints":{"allow":["GET"]}}],"collection":[{"href":"https:\/\/www.swedcham.com.br\/en\/wp-json\/wp\/v2\/product"}],"about":[{"href":"https:\/\/www.swedcham.com.br\/en\/wp-json\/wp\/v2\/types\/product"}],"wp:featuredmedia":[{"embeddable":true,"href":"https:\/\/www.swedcham.com.br\/en\/wp-json\/wp\/v2\/media\/29970"}],"wp:attachment":[{"href":"https:\/\/www.swedcham.com.br\/en\/wp-json\/wp\/v2\/media?parent=29961"}],"wp:term":[{"taxonomy":"product_brand","embeddable":true,"href":"https:\/\/www.swedcham.com.br\/en\/wp-json\/wp\/v2\/product_brand?post=29961"},{"taxonomy":"product_cat","embeddable":true,"href":"https:\/\/www.swedcham.com.br\/en\/wp-json\/wp\/v2\/product_cat?post=29961"},{"taxonomy":"product_tag","embeddable":true,"href":"https:\/\/www.swedcham.com.br\/en\/wp-json\/wp\/v2\/product_tag?post=29961"}],"curies":[{"name":"wp","href":"https:\/\/api.w.org\/{rel}","templated":true}]}}