{"id":29952,"date":"2026-04-09T13:25:51","date_gmt":"2026-04-09T16:25:51","guid":{"rendered":"https:\/\/www.swedcham.com.br\/product\/uncategorized\/save-the-date-employer-branding-2026\/"},"modified":"2026-04-09T13:25:53","modified_gmt":"2026-04-09T16:25:53","slug":"save-the-date-employer-branding-2026","status":"publish","type":"product","link":"https:\/\/www.swedcham.com.br\/en\/product\/uncategorized\/save-the-date-employer-branding-2026\/","title":{"rendered":"Employer Branding &#8211; O poder da marca empregadora na estrat\u00e9gia de neg\u00f3cio"},"content":{"rendered":"\n<p class=\"has-text-align-center has-x-large-font-size\"><strong>Employer Branding<\/strong><\/p>\n\n\n\n<p class=\"has-text-align-center has-medium-font-size\"><strong>O poder da marca empregadora na estrat\u00e9gia de neg\u00f3cio <\/strong><\/p>\n\n\n\n<p><\/p>\n\n\n\n<p>No dia&nbsp;<strong>23\/04<\/strong>, a C\u00e2mara Sueca promove um encontro para discutir como a marca empregadora se tornou um pilar estrat\u00e9gico para o crescimento e a competitividade das empresas. O evento reunir\u00e1 lideran\u00e7as de organiza\u00e7\u00f5es como&nbsp;<strong>Atlas Copco Group, BrainKapital, H&amp;M e Smart I Kreab,<\/strong>&nbsp;que compartilhar\u00e3o vis\u00f5es, desafios e boas pr\u00e1ticas sobre atra\u00e7\u00e3o, engajamento e reten\u00e7\u00e3o de talentos.<\/p>\n\n\n\n<p>Nesse contexto, refor\u00e7a-se o papel fundamental da lideran\u00e7a na ativa\u00e7\u00e3o e sustenta\u00e7\u00e3o da proposta de valor ao longo de toda a jornada do colaborador, garantindo coer\u00eancia entre discurso e pr\u00e1tica e potencializando o engajamento e a reten\u00e7\u00e3o de talentos.<\/p>\n\n\n\n<p>A programa\u00e7\u00e3o contar\u00e1 com apresenta\u00e7\u00f5es e um debate conjunto entre os participantes, promovendo uma troca rica sobre o papel da lideran\u00e7a, cultura organizacional e experi\u00eancia do colaborador na constru\u00e7\u00e3o de marcas empregadoras fortes e relevantes.<\/p>\n\n\n\n<hr class=\"wp-block-separator has-alpha-channel-opacity\"\/>\n\n\n\n<p id=\"isPasted\"><strong>Quando:<\/strong><\/p>\n\n\n\n<p>Quinta-feira, 23 de Abril, das 8h30 \u00e0s 11h<\/p>\n\n\n\n<p><strong>Local:<\/strong><\/p>\n\n\n\n<p>Swedcham Brasil &#8211; Rua Oscar Freire, 379 &#8211; cj 121<\/p>\n\n\n\n<p>900 metros da Esta\u00e7\u00e3o Oscar Freire<\/p>\n\n\n\n<p id=\"isPasted\">Agenda:&nbsp;<\/p>\n\n\n\n<p id=\"isPasted\">08:30\u00a0\u2013 Welcome Coffee<br>09:00\u00a0\u2013 Abertura &#8211;\u00a0<strong>Jonas Lindstr\u00f6m,<\/strong> Diretor Executivo da Swedcham<br>09:10\u00a0\u2013 Smart I Kreab: O papel da lideran\u00e7a para o fortalecimento da marca empregadora\u00a0<strong>Silse Martell, <\/strong>Founder Smart (marca representante da Kreab no Brasil)\u00a0<br>09:30\u00a0\u2013\u00a0H&amp;M:\u00a0(case \/ vis\u00e3o global de cultura e pessoas)<br><strong>Diana Ni\u00f1o<\/strong>, HR Manager Brasil e\u00a0<strong>Paula Panella<\/strong>\u00a0&#8211; Talent Acquistion Lead<br>10:00\u00a0\u2013\u00a0Atlas Copco Group:\u00a0O Papel da Comunica\u00e7\u00e3o no Employer Branding Industrial<br><strong>Alessandra Sellmer<\/strong>, Gerente Corporativa de Comunica\u00e7\u00f5es<br>10:15\u00a0\u2013\u00a0BrainKapital:\u00a0<strong>Carol B\u00f6ttcher<\/strong>, Managing Director<br>10:30\u00a0\u2013 Q&amp;A (todas as participantes<br>11:00\u00a0\u2013 Encerramento<\/p>\n\n\n\n<p><strong>Estacionamento:<\/strong><\/p>\n\n\n\n<p>Indicamos o estacionamento do Hotel Regent Park &#8211; Rua Oscar Freire, 533<\/p>\n\n\n\n<p><strong>RSVP:<\/strong><\/p>\n\n\n\n<p>21\/04 &#8211; eventos@swedcham.com.br<\/p>\n\n\n\n<p><\/p>\n","protected":false},"excerpt":{"rendered":"<p>Employer Branding O poder da marca empregadora na estrat\u00e9gia de neg\u00f3cio No dia&nbsp;23\/04, a C\u00e2mara Sueca promove um encontro para<\/p>\n","protected":false},"featured_media":29975,"template":"","meta":[],"product_brand":[],"product_cat":[],"product_tag":[],"class_list":{"0":"post-29952","1":"product","2":"type-product","3":"status-publish","4":"has-post-thumbnail","7":"first","8":"instock","9":"shipping-taxable","10":"product-type-simple"},"_links":{"self":[{"href":"https:\/\/www.swedcham.com.br\/en\/wp-json\/wp\/v2\/product\/29952","targetHints":{"allow":["GET"]}}],"collection":[{"href":"https:\/\/www.swedcham.com.br\/en\/wp-json\/wp\/v2\/product"}],"about":[{"href":"https:\/\/www.swedcham.com.br\/en\/wp-json\/wp\/v2\/types\/product"}],"wp:featuredmedia":[{"embeddable":true,"href":"https:\/\/www.swedcham.com.br\/en\/wp-json\/wp\/v2\/media\/29975"}],"wp:attachment":[{"href":"https:\/\/www.swedcham.com.br\/en\/wp-json\/wp\/v2\/media?parent=29952"}],"wp:term":[{"taxonomy":"product_brand","embeddable":true,"href":"https:\/\/www.swedcham.com.br\/en\/wp-json\/wp\/v2\/product_brand?post=29952"},{"taxonomy":"product_cat","embeddable":true,"href":"https:\/\/www.swedcham.com.br\/en\/wp-json\/wp\/v2\/product_cat?post=29952"},{"taxonomy":"product_tag","embeddable":true,"href":"https:\/\/www.swedcham.com.br\/en\/wp-json\/wp\/v2\/product_tag?post=29952"}],"curies":[{"name":"wp","href":"https:\/\/api.w.org\/{rel}","templated":true}]}}