{"id":29919,"date":"2026-03-11T14:11:56","date_gmt":"2026-03-11T17:11:56","guid":{"rendered":"https:\/\/www.swedcham.com.br\/product\/uncategorized\/lancamento-do-manual-de-praticas-esg-direitos-humanos-trabalho-e-conscientizacao-de-fornecedores\/"},"modified":"2026-03-11T14:21:06","modified_gmt":"2026-03-11T17:21:06","slug":"lancamento-do-manual-de-praticas-esg-direitos-humanos-trabalho-e-conscientizacao-de-fornecedores","status":"publish","type":"product","link":"https:\/\/www.swedcham.com.br\/en\/product\/uncategorized\/lancamento-do-manual-de-praticas-esg-direitos-humanos-trabalho-e-conscientizacao-de-fornecedores\/","title":{"rendered":"Manual de Pr\u00e1ticas ESG &#8211; direitos humanos, trabalho e conscientiza\u00e7\u00e3o de fornecedores"},"content":{"rendered":"\n<figure class=\"wp-block-image size-large\"><a href=\"https:\/\/docs.google.com\/forms\/d\/e\/1FAIpQLSfpAwkIQjjre0DsafMb0vyTpt9esyjIiUTh9LZf0rSHAXPXlw\/viewform?usp=publish-editor\"><img loading=\"lazy\" decoding=\"async\" width=\"724\" height=\"1024\" src=\"https:\/\/www.swedcham.com.br\/wp-content\/uploads\/2026\/03\/WhatsApp-Image-2026-03-11-at-13.58.24-724x1024.jpeg\" alt=\"\" class=\"wp-image-29915\" srcset=\"https:\/\/www.swedcham.com.br\/wp-content\/uploads\/2026\/03\/WhatsApp-Image-2026-03-11-at-13.58.24-724x1024.jpeg 724w, https:\/\/www.swedcham.com.br\/wp-content\/uploads\/2026\/03\/WhatsApp-Image-2026-03-11-at-13.58.24-212x300.jpeg 212w, https:\/\/www.swedcham.com.br\/wp-content\/uploads\/2026\/03\/WhatsApp-Image-2026-03-11-at-13.58.24-768x1086.jpeg 768w, https:\/\/www.swedcham.com.br\/wp-content\/uploads\/2026\/03\/WhatsApp-Image-2026-03-11-at-13.58.24-1086x1536.jpeg 1086w, https:\/\/www.swedcham.com.br\/wp-content\/uploads\/2026\/03\/WhatsApp-Image-2026-03-11-at-13.58.24-600x849.jpeg 600w, https:\/\/www.swedcham.com.br\/wp-content\/uploads\/2026\/03\/WhatsApp-Image-2026-03-11-at-13.58.24.jpeg 1131w\" sizes=\"auto, (max-width: 724px) 100vw, 724px\" \/><\/a><\/figure>\n\n\n\n<p><\/p>\n","protected":false},"excerpt":{"rendered":"","protected":false},"featured_media":29926,"template":"","meta":[],"product_brand":[],"product_cat":[],"product_tag":[],"class_list":{"0":"post-29919","1":"product","2":"type-product","3":"status-publish","4":"has-post-thumbnail","7":"first","8":"instock","9":"shipping-taxable","10":"product-type-simple"},"_links":{"self":[{"href":"https:\/\/www.swedcham.com.br\/en\/wp-json\/wp\/v2\/product\/29919","targetHints":{"allow":["GET"]}}],"collection":[{"href":"https:\/\/www.swedcham.com.br\/en\/wp-json\/wp\/v2\/product"}],"about":[{"href":"https:\/\/www.swedcham.com.br\/en\/wp-json\/wp\/v2\/types\/product"}],"wp:featuredmedia":[{"embeddable":true,"href":"https:\/\/www.swedcham.com.br\/en\/wp-json\/wp\/v2\/media\/29926"}],"wp:attachment":[{"href":"https:\/\/www.swedcham.com.br\/en\/wp-json\/wp\/v2\/media?parent=29919"}],"wp:term":[{"taxonomy":"product_brand","embeddable":true,"href":"https:\/\/www.swedcham.com.br\/en\/wp-json\/wp\/v2\/product_brand?post=29919"},{"taxonomy":"product_cat","embeddable":true,"href":"https:\/\/www.swedcham.com.br\/en\/wp-json\/wp\/v2\/product_cat?post=29919"},{"taxonomy":"product_tag","embeddable":true,"href":"https:\/\/www.swedcham.com.br\/en\/wp-json\/wp\/v2\/product_tag?post=29919"}],"curies":[{"name":"wp","href":"https:\/\/api.w.org\/{rel}","templated":true}]}}