{"id":29849,"date":"2026-02-06T08:54:42","date_gmt":"2026-02-06T11:54:42","guid":{"rendered":"https:\/\/www.swedcham.com.br\/product\/uncategorized\/nova-desordem-mundial-caio-blinder\/"},"modified":"2026-02-06T08:54:43","modified_gmt":"2026-02-06T11:54:43","slug":"nova-desordem-mundial-caio-blinder","status":"publish","type":"product","link":"https:\/\/www.swedcham.com.br\/en\/product\/our-events\/nova-desordem-mundial-caio-blinder\/","title":{"rendered":"Nova Desordem Mundial &#8211; Caio Blinder\u00a0"},"content":{"rendered":"\n<p id=\"m_-8729782351813876728isPasted\">De Kiruna, na Su\u00e9cia, ao Chu\u00ed, o mundo est\u00e1 perplexo, desorientado e desgovernado.<\/p>\n\n\n\n<p>Podemos chamar o quadro de surrealista, a narrativa de realismo m\u00e1gico ou no pique carnavalesco de samba do Trump doido.<\/p>\n\n\n\n<p>O fato \u00e9 que os atores pol\u00edticos, econ\u00f4micos e mesmo os de div\u00e3 perderam as refer\u00eancias.&nbsp;<\/p>\n\n\n\n<p>A ordem mundial constru\u00edda no p\u00f3s-guerra est\u00e1 desabando. Existe a bola de demoli\u00e7\u00e3o de Trump, mas ela n\u00e3o seria t\u00e3o fulminante caso as funda\u00e7\u00f5es da ordem mundial j\u00e1 n\u00e3o estivessem fr\u00e1geis e desgastadas.&nbsp;<\/p>\n\n\n\n<p>Mas, Trump \u00e9 Trump, com sua incr\u00edvel capacidade de confundir e alterar os roteiros.&nbsp;<\/p>\n\n\n\n<p>Sua miss\u00e3o j\u00e1 est\u00e1 cumprida. Ele sempre est\u00e1 no centro dos acontecimentos. Mais do que o ritmo vertiginoso do entra-e-sai das tarifas, existe a tarifa Trump.<\/p>\n\n\n\n<p>Vivemos intensamente em um mundo transacional em que alian\u00e7as tradicionais est\u00e3o sendo desmanteladas e os players buscam novas configura\u00e7\u00f5es com marchas e contramarchas repentinas e muita improvisa\u00e7\u00e3o.&nbsp;<\/p>\n\n\n\n<p>N\u00e3o existe v\u00e1cuo de poder. Uma nova ordem ser\u00e1 constru\u00edda, com riscos e oportunidades.<\/p>\n\n\n\n<p>No aqui e agora, o mundo n\u00e3o \u00e9 para amadores\u2026nem para profissionais<\/p>\n\n\n\n<p><\/p>\n\n\n\n<div class=\"wp-block-media-text is-stacked-on-mobile\" style=\"grid-template-columns:31% auto\"><figure class=\"wp-block-media-text__media\"><img loading=\"lazy\" decoding=\"async\" width=\"554\" height=\"554\" src=\"https:\/\/www.swedcham.com.br\/wp-content\/uploads\/2026\/01\/WhatsApp-Image-2026-01-26-at-11.09.48.jpeg\" alt=\"\" class=\"wp-image-29845 size-full\" srcset=\"https:\/\/www.swedcham.com.br\/wp-content\/uploads\/2026\/01\/WhatsApp-Image-2026-01-26-at-11.09.48.jpeg 554w, https:\/\/www.swedcham.com.br\/wp-content\/uploads\/2026\/01\/WhatsApp-Image-2026-01-26-at-11.09.48-300x300.jpeg 300w, https:\/\/www.swedcham.com.br\/wp-content\/uploads\/2026\/01\/WhatsApp-Image-2026-01-26-at-11.09.48-150x150.jpeg 150w, https:\/\/www.swedcham.com.br\/wp-content\/uploads\/2026\/01\/WhatsApp-Image-2026-01-26-at-11.09.48-100x100.jpeg 100w\" sizes=\"auto, (max-width: 554px) 100vw, 554px\" \/><\/figure><div class=\"wp-block-media-text__content\">\n<p><strong>Caio Blinder<\/strong>&nbsp;est\u00e1 completando 50 anos de jornalismo neste j\u00e1 alucinante ano de 2026. Com mestrados em Estudos Latino-Americanos (Ohio University) e Rela\u00e7\u00f5es Internacionais (University of Notre Dame), j\u00e1 foi editor de Exterior da Folha de S. Paulo e passou pelos principais \u00f3rg\u00e3os da imprensa brasileira, a destacar as Organiza\u00e7\u00f5es Globo, onde integrou a bancada do programa Manhattan Connection.&nbsp;Vive h\u00e1 37 anos nos EUA (desta vez na Fl\u00f3rida) e atua como comentarista da r\u00e1dio Eldorado e do podcast Levante.<\/p>\n<\/div><\/div>\n\n\n\n<p><\/p>\n\n\n\n<p><strong>Quando:<\/strong><br>Quinta-feira, 12 de fevereiro \u00e0s 17h<\/p>\n\n\n\n<p><br><strong>Onde:<\/strong><br>Swedcham &#8211; Rua Oscar Freire, 379,&nbsp;cj 121 &#8211; Cerqueira C\u00e9sar<\/p>\n\n\n\n<p><strong>900 metros<\/strong><strong>&nbsp;da esta\u00e7\u00e3o Oscar Freire do Metr\u00f4 (linha amarela)<\/strong><\/p>\n\n\n\n<p><strong>Agenda:<\/strong><\/p>\n\n\n\n<p>17h00 &#8211; Welcome coffee<\/p>\n\n\n\n<p>17h30 &#8211; 18h45 &#8211; Apresenta\u00e7\u00e3o e Q&amp;As<\/p>\n\n\n\n<p>18h45 &#8211; 20h00 &#8211; Drinks e networking<\/p>\n\n\n\n<p><strong>Investimento:<\/strong><br>Associados: cortesia<br>N\u00e3o associados: R$100,00<br><br><strong>Estacionamento:&nbsp;<\/strong><br>Recomendamos o estacionamento&nbsp;do Hotel Regent Park<br>Rua Oscar Freire, 533.<\/p>\n\n\n\n<p><strong>RSVP: <\/strong><br>Associados &#8211; eventos@swedcham.com.br<\/p>\n\n\n\n<p>N\u00e3o associados &#8211; <strong><a href=\"https:\/\/lagom.swedcham.com.br\/welcome\/swedcham\">clique aqui<\/a><\/strong><\/p>\n\n\n\n<p><\/p>\n","protected":false},"excerpt":{"rendered":"<p>De Kiruna, na Su\u00e9cia, ao Chu\u00ed, o mundo est\u00e1 perplexo, desorientado e desgovernado. Podemos chamar o quadro de surrealista, a<\/p>\n","protected":false},"featured_media":29848,"template":"","meta":[],"product_brand":[],"product_cat":[228],"product_tag":[],"class_list":{"0":"post-29849","1":"product","2":"type-product","3":"status-publish","4":"has-post-thumbnail","6":"product_cat-our-events","8":"first","9":"instock","10":"shipping-taxable","11":"product-type-simple"},"_links":{"self":[{"href":"https:\/\/www.swedcham.com.br\/en\/wp-json\/wp\/v2\/product\/29849","targetHints":{"allow":["GET"]}}],"collection":[{"href":"https:\/\/www.swedcham.com.br\/en\/wp-json\/wp\/v2\/product"}],"about":[{"href":"https:\/\/www.swedcham.com.br\/en\/wp-json\/wp\/v2\/types\/product"}],"wp:featuredmedia":[{"embeddable":true,"href":"https:\/\/www.swedcham.com.br\/en\/wp-json\/wp\/v2\/media\/29848"}],"wp:attachment":[{"href":"https:\/\/www.swedcham.com.br\/en\/wp-json\/wp\/v2\/media?parent=29849"}],"wp:term":[{"taxonomy":"product_brand","embeddable":true,"href":"https:\/\/www.swedcham.com.br\/en\/wp-json\/wp\/v2\/product_brand?post=29849"},{"taxonomy":"product_cat","embeddable":true,"href":"https:\/\/www.swedcham.com.br\/en\/wp-json\/wp\/v2\/product_cat?post=29849"},{"taxonomy":"product_tag","embeddable":true,"href":"https:\/\/www.swedcham.com.br\/en\/wp-json\/wp\/v2\/product_tag?post=29849"}],"curies":[{"name":"wp","href":"https:\/\/api.w.org\/{rel}","templated":true}]}}