{"id":29833,"date":"2026-01-27T12:11:57","date_gmt":"2026-01-27T15:11:57","guid":{"rendered":"https:\/\/www.swedcham.com.br\/?post_type=product&#038;p=29833"},"modified":"2026-01-27T12:11:58","modified_gmt":"2026-01-27T15:11:58","slug":"cafe-de-networking-na-swedcham","status":"publish","type":"product","link":"https:\/\/www.swedcham.com.br\/en\/product\/our-events\/cafe-de-networking-na-swedcham\/","title":{"rendered":"Caf\u00e9 de Networking na Swedcham"},"content":{"rendered":"\n<figure class=\"wp-block-image size-large\"><a href=\"https:\/\/www.swedcham.com.br\/wp-content\/uploads\/2026\/01\/frukost2.png\"><img loading=\"lazy\" decoding=\"async\" width=\"1024\" height=\"683\" src=\"https:\/\/www.swedcham.com.br\/wp-content\/uploads\/2026\/01\/frukost2-1024x683.png\" alt=\"\" class=\"wp-image-29831\" srcset=\"https:\/\/www.swedcham.com.br\/wp-content\/uploads\/2026\/01\/frukost2-1024x683.png 1024w, https:\/\/www.swedcham.com.br\/wp-content\/uploads\/2026\/01\/frukost2-300x200.png 300w, https:\/\/www.swedcham.com.br\/wp-content\/uploads\/2026\/01\/frukost2-768x512.png 768w, https:\/\/www.swedcham.com.br\/wp-content\/uploads\/2026\/01\/frukost2-600x400.png 600w, https:\/\/www.swedcham.com.br\/wp-content\/uploads\/2026\/01\/frukost2.png 1536w\" sizes=\"auto, (max-width: 1024px) 100vw, 1024px\" \/><\/a><\/figure>\n\n\n\n<p><\/p>\n\n\n\n<p id=\"isPasted\">Temos o prazer de convidar voc\u00ea para o\u00a0<strong>primeiro evento da Swedcham em 2026<\/strong>: um Caf\u00e9 da Manh\u00e3 de Networking, com quitutes suecos, preparados especialmente para iniciar o ano fortalecendo conex\u00f5es e novas oportunidades.<\/p>\n\n\n\n<p>Ser\u00e1 um encontro inspirador para reencontrar nossa comunidade, conhecer novos associados e conversar sobre projetos, ideias e perspectivas para o ano que come\u00e7a.<\/p>\n\n\n\n<p>Venha conhecer ou reencontrar os coordenadores dos comit\u00eas da Swedcham, nosso chairman S\u00e9rgio Quiroga, e diretor executivo Jonas Lindstr\u00f6m.<\/p>\n\n\n\n<p>Esperamos contar com sua presen\u00e7a!<\/p>\n\n\n\n<p><\/p>\n\n\n\n<p><strong>Quando:<\/strong><br>Quarta-feira, 04 de fevereiro \u00e0 partir das 08h30<\/p>\n\n\n\n<p><strong>Onde:<\/strong><br>Swedcham \u2013 Rua Oscar Freire, 379 \u2013 cj 121<\/p>\n\n\n\n<p><strong>900 metros<\/strong><strong>&nbsp;da esta\u00e7\u00e3o Oscar Freire do Metr\u00f4 (linha amarela)<\/strong><\/p>\n\n\n\n<p><strong>Estacionamento:<\/strong><br>Recomendamos o estacionamento do Hotel Regent Park<br>Rua Oscar Freire, 533.<\/p>\n\n\n\n<p><strong>Investimento:<\/strong><br>Gratuito para associados da Swedcham<\/p>\n\n\n\n<p><strong>N\u00e3o associados: entrar em contato com a Swedcham<\/strong><\/p>\n\n\n\n<p><strong>RSVP:&nbsp;<\/strong>at\u00e9 02\/02 &#8211; eventos@swedcham.com.br<\/p>\n","protected":false},"excerpt":{"rendered":"<p>Temos o prazer de convidar voc\u00ea para o\u00a0primeiro evento da Swedcham em 2026: um Caf\u00e9 da Manh\u00e3 de Networking, com<\/p>\n","protected":false},"featured_media":29835,"template":"","meta":[],"product_brand":[],"product_cat":[228],"product_tag":[],"class_list":{"0":"post-29833","1":"product","2":"type-product","3":"status-publish","4":"has-post-thumbnail","6":"product_cat-our-events","8":"first","9":"instock","10":"shipping-taxable","11":"product-type-simple"},"_links":{"self":[{"href":"https:\/\/www.swedcham.com.br\/en\/wp-json\/wp\/v2\/product\/29833","targetHints":{"allow":["GET"]}}],"collection":[{"href":"https:\/\/www.swedcham.com.br\/en\/wp-json\/wp\/v2\/product"}],"about":[{"href":"https:\/\/www.swedcham.com.br\/en\/wp-json\/wp\/v2\/types\/product"}],"wp:featuredmedia":[{"embeddable":true,"href":"https:\/\/www.swedcham.com.br\/en\/wp-json\/wp\/v2\/media\/29835"}],"wp:attachment":[{"href":"https:\/\/www.swedcham.com.br\/en\/wp-json\/wp\/v2\/media?parent=29833"}],"wp:term":[{"taxonomy":"product_brand","embeddable":true,"href":"https:\/\/www.swedcham.com.br\/en\/wp-json\/wp\/v2\/product_brand?post=29833"},{"taxonomy":"product_cat","embeddable":true,"href":"https:\/\/www.swedcham.com.br\/en\/wp-json\/wp\/v2\/product_cat?post=29833"},{"taxonomy":"product_tag","embeddable":true,"href":"https:\/\/www.swedcham.com.br\/en\/wp-json\/wp\/v2\/product_tag?post=29833"}],"curies":[{"name":"wp","href":"https:\/\/api.w.org\/{rel}","templated":true}]}}