{"id":29040,"date":"2025-11-21T09:04:43","date_gmt":"2025-11-21T12:04:43","guid":{"rendered":"https:\/\/www.swedcham.com.br\/product\/uncategorized\/milk-campaign-2025\/"},"modified":"2025-11-25T09:43:29","modified_gmt":"2025-11-25T12:43:29","slug":"milk-campaign-2025","status":"publish","type":"product","link":"https:\/\/www.swedcham.com.br\/en\/product\/our-events\/milk-campaign-2025\/","title":{"rendered":"Milk Campaign 2025"},"content":{"rendered":"\n<figure class=\"wp-block-image size-large\"><a href=\"https:\/\/www.swedcham.com.br\/wp-content\/uploads\/2025\/11\/1.png\"><img loading=\"lazy\" decoding=\"async\" width=\"1024\" height=\"385\" src=\"https:\/\/www.swedcham.com.br\/wp-content\/uploads\/2025\/11\/1-1024x385.png\" alt=\"\" class=\"wp-image-29036\" srcset=\"https:\/\/www.swedcham.com.br\/wp-content\/uploads\/2025\/11\/1-1024x385.png 1024w, https:\/\/www.swedcham.com.br\/wp-content\/uploads\/2025\/11\/1-300x113.png 300w, https:\/\/www.swedcham.com.br\/wp-content\/uploads\/2025\/11\/1-768x289.png 768w, https:\/\/www.swedcham.com.br\/wp-content\/uploads\/2025\/11\/1-600x226.png 600w, https:\/\/www.swedcham.com.br\/wp-content\/uploads\/2025\/11\/1.png 1241w\" sizes=\"auto, (max-width: 1024px) 100vw, 1024px\" \/><\/a><\/figure>\n\n\n\n<p><\/p>\n\n\n\n<p id=\"isPasted\">Mais um ano reunimos nossas empresas&nbsp;para&nbsp;<strong>c<\/strong><strong>ombater a fome no&nbsp;<\/strong><strong>Brasil!<\/strong>&nbsp;<\/p>\n\n\n\n<p>&nbsp;Juntos, apoiamos milhares de fam\u00edlias em diferentes comunidades de S\u00e3o Paulo &#8211; &nbsp; &nbsp; &nbsp;atrav\u00e9s da&nbsp;<strong>doa\u00e7\u00e3o de leite.<\/strong><\/p>\n\n\n\n<p><strong>Assista o&nbsp;<\/strong><a href=\"https:\/\/youtube.com\/watch?si=sTARE4N31f12w75x&amp;v=It-ElJTxAfk&amp;feature=youtu.be\" target=\"_blank\" rel=\"noreferrer noopener\"><strong>v\u00eddeo&nbsp;<\/strong><\/a><strong>do dia da distribui\u00e7\u00e3o do ano passado.<\/strong><\/p>\n\n\n\n<p><\/p>\n\n\n\n<figure class=\"wp-block-image size-large\"><a href=\"https:\/\/bancodealimentos.colabore.org\/campanhadoleite2025\/single_step\"><img loading=\"lazy\" decoding=\"async\" width=\"1024\" height=\"948\" src=\"https:\/\/www.swedcham.com.br\/wp-content\/uploads\/2025\/11\/2-1024x948.png\" alt=\"\" class=\"wp-image-29038\" srcset=\"https:\/\/www.swedcham.com.br\/wp-content\/uploads\/2025\/11\/2-1024x948.png 1024w, https:\/\/www.swedcham.com.br\/wp-content\/uploads\/2025\/11\/2-300x278.png 300w, https:\/\/www.swedcham.com.br\/wp-content\/uploads\/2025\/11\/2-768x711.png 768w, https:\/\/www.swedcham.com.br\/wp-content\/uploads\/2025\/11\/2-600x556.png 600w, https:\/\/www.swedcham.com.br\/wp-content\/uploads\/2025\/11\/2.png 1241w\" sizes=\"auto, (max-width: 1024px) 100vw, 1024px\" \/><\/a><\/figure>\n","protected":false},"excerpt":{"rendered":"<p>Mais um ano reunimos nossas empresas&nbsp;para&nbsp;combater a fome no&nbsp;Brasil!&nbsp; &nbsp;Juntos, apoiamos milhares de fam\u00edlias em diferentes comunidades de S\u00e3o Paulo<\/p>\n","protected":false},"featured_media":29045,"template":"","meta":[],"product_brand":[],"product_cat":[228],"product_tag":[],"class_list":{"0":"post-29040","1":"product","2":"type-product","3":"status-publish","4":"has-post-thumbnail","6":"product_cat-our-events","8":"first","9":"instock","10":"shipping-taxable","11":"product-type-simple"},"_links":{"self":[{"href":"https:\/\/www.swedcham.com.br\/en\/wp-json\/wp\/v2\/product\/29040","targetHints":{"allow":["GET"]}}],"collection":[{"href":"https:\/\/www.swedcham.com.br\/en\/wp-json\/wp\/v2\/product"}],"about":[{"href":"https:\/\/www.swedcham.com.br\/en\/wp-json\/wp\/v2\/types\/product"}],"wp:featuredmedia":[{"embeddable":true,"href":"https:\/\/www.swedcham.com.br\/en\/wp-json\/wp\/v2\/media\/29045"}],"wp:attachment":[{"href":"https:\/\/www.swedcham.com.br\/en\/wp-json\/wp\/v2\/media?parent=29040"}],"wp:term":[{"taxonomy":"product_brand","embeddable":true,"href":"https:\/\/www.swedcham.com.br\/en\/wp-json\/wp\/v2\/product_brand?post=29040"},{"taxonomy":"product_cat","embeddable":true,"href":"https:\/\/www.swedcham.com.br\/en\/wp-json\/wp\/v2\/product_cat?post=29040"},{"taxonomy":"product_tag","embeddable":true,"href":"https:\/\/www.swedcham.com.br\/en\/wp-json\/wp\/v2\/product_tag?post=29040"}],"curies":[{"name":"wp","href":"https:\/\/api.w.org\/{rel}","templated":true}]}}