{"id":28989,"date":"2025-11-17T09:38:57","date_gmt":"2025-11-17T12:38:57","guid":{"rendered":"https:\/\/www.swedcham.com.br\/?post_type=product&#038;p=28989"},"modified":"2025-11-17T10:05:11","modified_gmt":"2025-11-17T13:05:11","slug":"almoco-de-networking-6","status":"publish","type":"product","link":"https:\/\/www.swedcham.com.br\/en\/product\/our-events\/almoco-de-networking-6\/","title":{"rendered":"Almo\u00e7o de Networking"},"content":{"rendered":"\n<p class=\"has-medium-font-size\"><\/p>\n\n\n\n<figure class=\"wp-block-image size-large\"><a href=\"https:\/\/www.swedcham.com.br\/wp-content\/uploads\/2025\/11\/unnamed.jpg\"><img loading=\"lazy\" decoding=\"async\" width=\"1024\" height=\"501\" src=\"https:\/\/www.swedcham.com.br\/wp-content\/uploads\/2025\/11\/unnamed-1024x501.jpg\" alt=\"\" class=\"wp-image-28993\" srcset=\"https:\/\/www.swedcham.com.br\/wp-content\/uploads\/2025\/11\/unnamed-1024x501.jpg 1024w, https:\/\/www.swedcham.com.br\/wp-content\/uploads\/2025\/11\/unnamed-300x147.jpg 300w, https:\/\/www.swedcham.com.br\/wp-content\/uploads\/2025\/11\/unnamed-768x376.jpg 768w, https:\/\/www.swedcham.com.br\/wp-content\/uploads\/2025\/11\/unnamed-600x294.jpg 600w, https:\/\/www.swedcham.com.br\/wp-content\/uploads\/2025\/11\/unnamed.jpg 1200w\" sizes=\"auto, (max-width: 1024px) 100vw, 1024px\" \/><\/a><\/figure>\n\n\n\n<figure class=\"wp-block-table\"><table class=\"has-fixed-layout\"><tbody><tr><th class=\"has-text-align-left\" data-align=\"left\">&nbsp;<strong>Swedcham<\/strong>&nbsp;tem o prazer de convidar voc\u00ea para o nosso&nbsp;<strong>\u00faltimo almo\u00e7o de networking de 2026<\/strong>, encerrando o ano com boas conversas e conex\u00f5es valiosas.Este encontro ser\u00e1 uma excelente oportunidade para se reunir com outros associados, compartilhar experi\u00eancias e fortalecer sua rede de contatos em um ambiente agrad\u00e1vel e inspirador.<br><br>&nbsp;<strong>Vagas limitadas \u2013 confirme sua presen\u00e7a e participe desse momento especial.<\/strong><\/th><\/tr><\/tbody><\/table><\/figure>\n\n\n\n\n\n<figure class=\"wp-block-table\"><table class=\"has-fixed-layout\"><tbody><tr><td><strong>Quando:<\/strong><br>Quarta-feira, 19 de novembro \u00e0s 12h(V\u00e9spera de feirado em SP)<br><strong>Onde:<\/strong><br><strong>Tartuferia San Paolo &#8211; Oscar Freire<\/strong><br>R. Oscar Freire, 155 &#8211; Jardim Paulista<br><br><strong>Incluso:&nbsp;Entrada, prato principal, sobremesa, bebida n\u00e3o alco\u00f3lica e caf\u00e9<\/strong><br><br><strong>Investimento:<\/strong><br>Associados: R$125,00<br>N\u00e3o associados: R$180,00<br><br><strong>Estacionamento:&nbsp;<\/strong><br>Valet no local &#8211; R$45,00<\/td><\/tr><\/tbody><\/table><\/figure>\n\n\n\n<p><\/p>\n\n\n\n<div class=\"wp-block-buttons is-layout-flex wp-block-buttons-is-layout-flex\">\n<div class=\"wp-block-button has-custom-width wp-block-button__width-75 is-style-fill\"><a class=\"wp-block-button__link has-background wp-element-button\" href=\"https:\/\/lagom.swedcham.com.br\/welcome\/swedcham\" style=\"background-color:#062130\"><strong>Fa\u00e7a aqui sua inscri\u00e7\u00e3o!<\/strong><\/a><\/div>\n<\/div>\n\n\n\n<p><\/p>\n","protected":false},"excerpt":{"rendered":"<p>&nbsp;Swedcham&nbsp;tem o prazer de convidar voc\u00ea para o nosso&nbsp;\u00faltimo almo\u00e7o de networking de 2026, encerrando o ano com boas conversas<\/p>\n","protected":false},"featured_media":28998,"template":"","meta":[],"product_brand":[],"product_cat":[228],"product_tag":[],"class_list":{"0":"post-28989","1":"product","2":"type-product","3":"status-publish","4":"has-post-thumbnail","6":"product_cat-our-events","8":"first","9":"instock","10":"shipping-taxable","11":"product-type-simple"},"_links":{"self":[{"href":"https:\/\/www.swedcham.com.br\/en\/wp-json\/wp\/v2\/product\/28989","targetHints":{"allow":["GET"]}}],"collection":[{"href":"https:\/\/www.swedcham.com.br\/en\/wp-json\/wp\/v2\/product"}],"about":[{"href":"https:\/\/www.swedcham.com.br\/en\/wp-json\/wp\/v2\/types\/product"}],"wp:featuredmedia":[{"embeddable":true,"href":"https:\/\/www.swedcham.com.br\/en\/wp-json\/wp\/v2\/media\/28998"}],"wp:attachment":[{"href":"https:\/\/www.swedcham.com.br\/en\/wp-json\/wp\/v2\/media?parent=28989"}],"wp:term":[{"taxonomy":"product_brand","embeddable":true,"href":"https:\/\/www.swedcham.com.br\/en\/wp-json\/wp\/v2\/product_brand?post=28989"},{"taxonomy":"product_cat","embeddable":true,"href":"https:\/\/www.swedcham.com.br\/en\/wp-json\/wp\/v2\/product_cat?post=28989"},{"taxonomy":"product_tag","embeddable":true,"href":"https:\/\/www.swedcham.com.br\/en\/wp-json\/wp\/v2\/product_tag?post=28989"}],"curies":[{"name":"wp","href":"https:\/\/api.w.org\/{rel}","templated":true}]}}