{"id":28848,"date":"2025-10-08T15:29:25","date_gmt":"2025-10-08T18:29:25","guid":{"rendered":"https:\/\/www.swedcham.com.br\/?post_type=product&#038;p=28848"},"modified":"2025-10-16T17:07:07","modified_gmt":"2025-10-16T20:07:07","slug":"seguranca-cibernetica-acoes-para-o-presente-e-estrategias-para-o-futuro","status":"publish","type":"product","link":"https:\/\/www.swedcham.com.br\/en\/product\/our-events\/seguranca-cibernetica-acoes-para-o-presente-e-estrategias-para-o-futuro\/","title":{"rendered":"Seguran\u00e7a cibern\u00e9tica: a\u00e7\u00f5es para o presente e estrat\u00e9gias para o futuro"},"content":{"rendered":"\n<div class=\"wp-block-group\"><div class=\"wp-block-group__inner-container is-layout-constrained wp-block-group-is-layout-constrained\">\n<figure class=\"wp-block-embed is-type-video is-provider-youtube wp-block-embed-youtube wp-embed-aspect-16-9 wp-has-aspect-ratio\"><div class=\"wp-block-embed__wrapper\">\n<iframe loading=\"lazy\" title=\"Seguran\u00e7a cibern\u00e9tica: a\u00e7\u00f5es para o presente e estrat\u00e9gias para o futuro\" width=\"640\" height=\"360\" src=\"https:\/\/www.youtube.com\/embed\/wUDu6rzd7rQ?start=218&#038;feature=oembed\" frameborder=\"0\" allow=\"accelerometer; autoplay; clipboard-write; encrypted-media; gyroscope; picture-in-picture; web-share\" referrerpolicy=\"strict-origin-when-cross-origin\" allowfullscreen><\/iframe>\n<\/div><\/figure>\n<\/div><\/div>\n\n\n\n<p><\/p>\n\n\n\n<p id=\"isPasted\">Prepare-se para uma imers\u00e3o nos desafios e solu\u00e7\u00f5es que moldam o futuro da prote\u00e7\u00e3o digital nas empresas. Em um mundo cada vez mais conectado, a seguran\u00e7a cibern\u00e9tica deixou de ser apenas uma preocupa\u00e7\u00e3o t\u00e9cnica \u2014 tornou-se uma prioridade estrat\u00e9gica.<\/p>\n\n\n\n<p>Neste evento exclusivo, reunimos quatro gigantes suecas da inova\u00e7\u00e3o \u2014&nbsp;<strong>Axis Communications<\/strong>,&nbsp;<strong>Autoliv,&nbsp;Ericsson,<\/strong>&nbsp;e&nbsp;<strong>Scania<\/strong>&nbsp;\u2014 para um di\u00e1logo profundo e provocador sobre como proteger dados, sistemas e pessoas em um cen\u00e1rio global de amea\u00e7as em constante evolu\u00e7\u00e3o.<\/p>\n\n\n\n<p>\ud83d\udca1 Quais s\u00e3o as a\u00e7\u00f5es imediatas que as empresas devem adotar?&nbsp;<\/p>\n\n\n\n<p>\ud83d\ude80 Quais estrat\u00e9gias est\u00e3o sendo desenhadas para garantir resili\u00eancia no futuro?&nbsp;<\/p>\n\n\n\n<p>\ud83c\udf0d Como a colabora\u00e7\u00e3o internacional pode fortalecer a seguran\u00e7a digital?<\/p>\n\n\n\n<p>Venha descobrir como l\u00edderes globais est\u00e3o enfrentando esses desafios com intelig\u00eancia, tecnologia e vis\u00e3o de longo prazo. Este \u00e9 o momento de transformar preocupa\u00e7\u00e3o em a\u00e7\u00e3o \u2014 e estrat\u00e9gia em vantagem competitiva.<\/p>\n\n\n\n<p><strong>Convidados:<\/strong><\/p>\n\n\n\n<hr class=\"wp-block-separator has-text-color has-black-color has-alpha-channel-opacity has-black-background-color has-background is-style-wide\"\/>\n\n\n\n<div class=\"wp-block-media-text is-stacked-on-mobile\" style=\"grid-template-columns:17% auto\"><figure class=\"wp-block-media-text__media\"><img loading=\"lazy\" decoding=\"async\" width=\"460\" height=\"508\" src=\"https:\/\/www.swedcham.com.br\/wp-content\/uploads\/2025\/09\/WhatsApp-Image-2025-09-30-at-09.13.42.jpeg\" alt=\"\" class=\"wp-image-28840 size-full\" srcset=\"https:\/\/www.swedcham.com.br\/wp-content\/uploads\/2025\/09\/WhatsApp-Image-2025-09-30-at-09.13.42.jpeg 460w, https:\/\/www.swedcham.com.br\/wp-content\/uploads\/2025\/09\/WhatsApp-Image-2025-09-30-at-09.13.42-272x300.jpeg 272w\" sizes=\"auto, (max-width: 460px) 100vw, 460px\" \/><\/figure><div class=\"wp-block-media-text__content\">\n<p>Y<strong>anis Stoyannis<\/strong><\/p>\n\n\n\n<p>Customer&nbsp;Security Director |&nbsp;<strong>ERICSSON<\/strong><\/p>\n<\/div><\/div>\n\n\n\n<p><\/p>\n\n\n\n<div class=\"wp-block-media-text is-stacked-on-mobile\" style=\"grid-template-columns:17% auto\"><figure class=\"wp-block-media-text__media\"><img loading=\"lazy\" decoding=\"async\" width=\"443\" height=\"484\" src=\"https:\/\/www.swedcham.com.br\/wp-content\/uploads\/2025\/09\/f2.png\" alt=\"\" class=\"wp-image-28842 size-full\" srcset=\"https:\/\/www.swedcham.com.br\/wp-content\/uploads\/2025\/09\/f2.png 443w, https:\/\/www.swedcham.com.br\/wp-content\/uploads\/2025\/09\/f2-275x300.png 275w\" sizes=\"auto, (max-width: 443px) 100vw, 443px\" \/><\/figure><div class=\"wp-block-media-text__content\">\n<p><strong>Fernando Chaves<\/strong><\/p>\n\n\n\n<p>IT Manager&nbsp;&nbsp;|&nbsp;<strong>AUTOLIV<\/strong><\/p>\n<\/div><\/div>\n\n\n\n<p><\/p>\n\n\n\n<div class=\"wp-block-media-text is-stacked-on-mobile\" style=\"grid-template-columns:18% auto\"><figure class=\"wp-block-media-text__media\"><img loading=\"lazy\" decoding=\"async\" width=\"563\" height=\"570\" src=\"https:\/\/www.swedcham.com.br\/wp-content\/uploads\/2025\/09\/WhatsApp-Image-2025-09-26-at-17.24.05.jpeg\" alt=\"\" class=\"wp-image-28844 size-full\" srcset=\"https:\/\/www.swedcham.com.br\/wp-content\/uploads\/2025\/09\/WhatsApp-Image-2025-09-26-at-17.24.05.jpeg 563w, https:\/\/www.swedcham.com.br\/wp-content\/uploads\/2025\/09\/WhatsApp-Image-2025-09-26-at-17.24.05-296x300.jpeg 296w, https:\/\/www.swedcham.com.br\/wp-content\/uploads\/2025\/09\/WhatsApp-Image-2025-09-26-at-17.24.05-100x100.jpeg 100w\" sizes=\"auto, (max-width: 563px) 100vw, 563px\" \/><\/figure><div class=\"wp-block-media-text__content\">\n<p><strong><strong>Marcos&nbsp;Soares e&nbsp;Silva<\/strong><\/strong><\/p>\n\n\n\n<p>Information Security Manager&nbsp;<em>|&nbsp;<\/em><strong>SCANIA<\/strong><\/p>\n<\/div><\/div>\n\n\n\n<p><\/p>\n\n\n\n<div class=\"wp-block-media-text is-stacked-on-mobile\" style=\"grid-template-columns:19% auto\"><figure class=\"wp-block-media-text__media\"><img loading=\"lazy\" decoding=\"async\" width=\"400\" height=\"400\" src=\"https:\/\/www.swedcham.com.br\/wp-content\/uploads\/2025\/09\/Sergio-Fukushima.jpeg\" alt=\"\" class=\"wp-image-28846 size-full\" srcset=\"https:\/\/www.swedcham.com.br\/wp-content\/uploads\/2025\/09\/Sergio-Fukushima.jpeg 400w, https:\/\/www.swedcham.com.br\/wp-content\/uploads\/2025\/09\/Sergio-Fukushima-300x300.jpeg 300w, https:\/\/www.swedcham.com.br\/wp-content\/uploads\/2025\/09\/Sergio-Fukushima-150x150.jpeg 150w, https:\/\/www.swedcham.com.br\/wp-content\/uploads\/2025\/09\/Sergio-Fukushima-100x100.jpeg 100w\" sizes=\"auto, (max-width: 400px) 100vw, 400px\" \/><\/figure><div class=\"wp-block-media-text__content\">\n<p>S<strong>ergio T. Fukushima<\/strong><\/p>\n\n\n\n<p id=\"isPasted\">BDM LATAM&nbsp;<em>|<\/em><strong>AXIS COMMUNICATIONS<\/strong><\/p>\n<\/div><\/div>\n\n\n\n<p><\/p>\n\n\n\n<hr class=\"wp-block-separator has-text-color has-black-color has-alpha-channel-opacity has-black-background-color has-background\"\/>\n\n\n\n<p><\/p>\n\n\n\n<p><\/p>\n","protected":false},"excerpt":{"rendered":"<p>Prepare-se para uma imers\u00e3o nos desafios e solu\u00e7\u00f5es que moldam o futuro da prote\u00e7\u00e3o digital nas empresas. Em um mundo<\/p>\n","protected":false},"featured_media":28854,"template":"","meta":[],"product_brand":[],"product_cat":[228],"product_tag":[],"class_list":{"0":"post-28848","1":"product","2":"type-product","3":"status-publish","4":"has-post-thumbnail","6":"product_cat-our-events","8":"first","9":"instock","10":"shipping-taxable","11":"product-type-simple"},"_links":{"self":[{"href":"https:\/\/www.swedcham.com.br\/en\/wp-json\/wp\/v2\/product\/28848","targetHints":{"allow":["GET"]}}],"collection":[{"href":"https:\/\/www.swedcham.com.br\/en\/wp-json\/wp\/v2\/product"}],"about":[{"href":"https:\/\/www.swedcham.com.br\/en\/wp-json\/wp\/v2\/types\/product"}],"wp:featuredmedia":[{"embeddable":true,"href":"https:\/\/www.swedcham.com.br\/en\/wp-json\/wp\/v2\/media\/28854"}],"wp:attachment":[{"href":"https:\/\/www.swedcham.com.br\/en\/wp-json\/wp\/v2\/media?parent=28848"}],"wp:term":[{"taxonomy":"product_brand","embeddable":true,"href":"https:\/\/www.swedcham.com.br\/en\/wp-json\/wp\/v2\/product_brand?post=28848"},{"taxonomy":"product_cat","embeddable":true,"href":"https:\/\/www.swedcham.com.br\/en\/wp-json\/wp\/v2\/product_cat?post=28848"},{"taxonomy":"product_tag","embeddable":true,"href":"https:\/\/www.swedcham.com.br\/en\/wp-json\/wp\/v2\/product_tag?post=28848"}],"curies":[{"name":"wp","href":"https:\/\/api.w.org\/{rel}","templated":true}]}}