{"id":28805,"date":"2025-10-17T17:32:58","date_gmt":"2025-10-17T20:32:58","guid":{"rendered":"https:\/\/www.swedcham.com.br\/?post_type=product&#038;p=28805"},"modified":"2025-11-06T15:55:44","modified_gmt":"2025-11-06T18:55:44","slug":"swedcham-career-fair-2025","status":"publish","type":"product","link":"https:\/\/www.swedcham.com.br\/en\/product\/our-events\/swedcham-career-fair-2025\/","title":{"rendered":"Swedcham Career Fair 2025!"},"content":{"rendered":"<div class=\"wp-block-image\">\n<figure class=\"aligncenter size-full\"><a href=\"https:\/\/docs.google.com\/forms\/d\/e\/1FAIpQLSfdakDDVWN1WodBPUa3muOhWnAu7R5kOba32hbqFWIOCbBaUA\/viewform?usp=sharing&amp;ouid=104666707585133158044\"><img loading=\"lazy\" decoding=\"async\" width=\"1080\" height=\"1350\" src=\"https:\/\/www.swedcham.com.br\/wp-content\/uploads\/2025\/10\/WhatsApp-Image-2025-10-23-at-13.45.40.jpeg\" alt=\"\" class=\"wp-image-28923\" srcset=\"https:\/\/www.swedcham.com.br\/wp-content\/uploads\/2025\/10\/WhatsApp-Image-2025-10-23-at-13.45.40.jpeg 1080w, https:\/\/www.swedcham.com.br\/wp-content\/uploads\/2025\/10\/WhatsApp-Image-2025-10-23-at-13.45.40-240x300.jpeg 240w, https:\/\/www.swedcham.com.br\/wp-content\/uploads\/2025\/10\/WhatsApp-Image-2025-10-23-at-13.45.40-819x1024.jpeg 819w, https:\/\/www.swedcham.com.br\/wp-content\/uploads\/2025\/10\/WhatsApp-Image-2025-10-23-at-13.45.40-768x960.jpeg 768w, https:\/\/www.swedcham.com.br\/wp-content\/uploads\/2025\/10\/WhatsApp-Image-2025-10-23-at-13.45.40-600x750.jpeg 600w\" sizes=\"auto, (max-width: 1080px) 100vw, 1080px\" \/><\/a><\/figure>\n<\/div>\n\n\n<p><\/p>\n\n\n\n<p>Se voc\u00ea sonha em estudar na Su\u00e9cia ou conhecer mais sobre as empresas suecas no\u00a0Brasil, a\u00a0<strong>Career\u00a0Fair\u00a0<\/strong>\u00e9 a oportunidade ideal para conversar com representantes que entendem a sua necessidade de investir na carreira.<br>Os participantes poder\u00e3o tirar d\u00favidas sobre universidades, cursos oferecidos, assistir a palestras de\u00a0 especialistas, conversar com jovens que j\u00e1 estudaram na Su\u00e9cia, al\u00e9m de conhecer importantes empresas suecas estabelecidas no\u00a0Brasil.<br>As universidades suecas s\u00e3o conhecidas por sua qualidade acad\u00eamica, modernidade, m\u00e9todos pr\u00e1ticos e atendimento \u00e0s demandas atuais do mercado.<br><br>A feira tamb\u00e9m oferece uma apresenta\u00e7\u00e3o com a Embaixada e workshops com as empresas. N\u00e3o fique de fora desse evento com algumas\u00a0das mais respeitadas universidades suecas e grandes empresas suecas no\u00a0Brasil.<br><br>Evento gratuito. N\u00e3o perca esta oportunidade!<br><br><strong>Bem-vindo! &#8211; Welcome! &#8211; V\u00e4lkomna!<\/strong><\/p>\n\n\n\n<p><\/p>\n\n\n\n<div class=\"wp-block-buttons is-layout-flex wp-block-buttons-is-layout-flex\">\n<div class=\"wp-block-button has-custom-width wp-block-button__width-100 is-style-fill\"><a class=\"wp-block-button__link has-white-color has-text-color has-background has-link-color has-medium-font-size has-custom-font-size wp-element-button\" href=\"http:\/\/bit.ly\/3K6NY7L\" style=\"background-color:#0e3144\"><strong>Inscreva-se aqui!<\/strong><\/a><\/div>\n<\/div>\n\n\n\n<p><br><\/p>\n\n\n\n<p><\/p>\n","protected":false},"excerpt":{"rendered":"<p>Se voc\u00ea sonha em estudar na Su\u00e9cia ou conhecer mais sobre as empresas suecas no\u00a0Brasil, a\u00a0Career\u00a0Fair\u00a0\u00e9 a oportunidade ideal para<\/p>\n","protected":false},"featured_media":28802,"template":"","meta":[],"product_brand":[],"product_cat":[228],"product_tag":[],"class_list":{"0":"post-28805","1":"product","2":"type-product","3":"status-publish","4":"has-post-thumbnail","6":"product_cat-our-events","8":"first","9":"instock","10":"shipping-taxable","11":"product-type-simple"},"_links":{"self":[{"href":"https:\/\/www.swedcham.com.br\/en\/wp-json\/wp\/v2\/product\/28805","targetHints":{"allow":["GET"]}}],"collection":[{"href":"https:\/\/www.swedcham.com.br\/en\/wp-json\/wp\/v2\/product"}],"about":[{"href":"https:\/\/www.swedcham.com.br\/en\/wp-json\/wp\/v2\/types\/product"}],"wp:featuredmedia":[{"embeddable":true,"href":"https:\/\/www.swedcham.com.br\/en\/wp-json\/wp\/v2\/media\/28802"}],"wp:attachment":[{"href":"https:\/\/www.swedcham.com.br\/en\/wp-json\/wp\/v2\/media?parent=28805"}],"wp:term":[{"taxonomy":"product_brand","embeddable":true,"href":"https:\/\/www.swedcham.com.br\/en\/wp-json\/wp\/v2\/product_brand?post=28805"},{"taxonomy":"product_cat","embeddable":true,"href":"https:\/\/www.swedcham.com.br\/en\/wp-json\/wp\/v2\/product_cat?post=28805"},{"taxonomy":"product_tag","embeddable":true,"href":"https:\/\/www.swedcham.com.br\/en\/wp-json\/wp\/v2\/product_tag?post=28805"}],"curies":[{"name":"wp","href":"https:\/\/api.w.org\/{rel}","templated":true}]}}