{"id":28592,"date":"2025-08-25T09:01:34","date_gmt":"2025-08-25T12:01:34","guid":{"rendered":"https:\/\/www.swedcham.com.br\/product\/uncategorized\/innovation-group-circle-brasil-2025\/"},"modified":"2025-08-25T09:01:35","modified_gmt":"2025-08-25T12:01:35","slug":"innovation-group-circle-brasil-2025","status":"publish","type":"product","link":"https:\/\/www.swedcham.com.br\/en\/product\/our-events\/innovation-group-circle-brasil-2025\/","title":{"rendered":"Innovation Group Circle Brasil 2025"},"content":{"rendered":"<div class=\"wp-block-image\">\n<figure class=\"aligncenter size-full is-resized\"><a href=\"https:\/\/www.swedcham.com.br\/wp-content\/uploads\/2025\/07\/Linkedin.png\"><img decoding=\"async\" src=\"https:\/\/www.swedcham.com.br\/wp-content\/uploads\/2025\/07\/Linkedin.png\" alt=\"\" class=\"wp-image-28593\" style=\"width:660px;height:auto\"\/><\/a><\/figure>\n<\/div>\n\n\n<p class=\"has-text-align-center has-medium-font-size\"><\/p>\n\n\n\n<p>A empresa <strong>LC Works Consultoria e Assessoria Empresarial<\/strong>, nova associada da C\u00e2mara Sueca, convida para o evento:<\/p>\n\n\n\n<p class=\"has-large-font-size\"><strong>Innovation Group Circle Brasil 2025<\/strong><\/p>\n\n\n\n<p>Simplifique a jornada rumo ao sucesso em inova\u00e7\u00e3o com nosso framework exclusivo. Os Circles da Innovation360 Group\u00ae s\u00e3o uma forma comprovada de explorar nossa abordagem sistem\u00e1tica e baseada em evid\u00eancias para identificar e alavancar seus pontos fortes \u2014 tudo fundamentado em ci\u00eancia peer reviewed e na maior base de dados do mundo sobre gest\u00e3o da inova\u00e7\u00e3o.<\/p>\n\n\n\n<p><strong>Os participantes exploram:<\/strong><\/p>\n\n\n\n<p>\u2022\u2060&nbsp; \u2060Conceitos Globais de Inova\u00e7\u00e3o e a Linguagem da Inova\u00e7\u00e3o<\/p>\n\n\n\n<p>\u2022\u2060&nbsp; \u2060O poder do Framework e das Ferramentas de Gest\u00e3o da Inova\u00e7\u00e3o da Innovation360<\/p>\n\n\n\n<p>\u2022\u2060&nbsp; \u2060Novas percep\u00e7\u00f5es sobre os fatores que dificultam a inova\u00e7\u00e3o eficaz<\/p>\n\n\n\n<p>\u2022\u2060&nbsp; \u2060Detalhes e recomenda\u00e7\u00f5es sobre como aprimorar estrat\u00e9gias de inova\u00e7\u00e3o, lideran\u00e7a, cultura e capacidades<\/p>\n\n\n\n<p>\u2022\u2060&nbsp; \u2060Trocas de insights entre pares e discuss\u00f5es colaborativas<\/p>\n\n\n\n<p><strong>A Sess\u00e3o:<\/strong><\/p>\n\n\n\n<p>Cada participante recebe um relat\u00f3rio abrangente, personalizado para sua organiza\u00e7\u00e3o.<\/p>\n\n\n\n<p>Ap\u00f3s uma palestra aprofundada cobrindo os aspectos cr\u00edticos para o sucesso em inova\u00e7\u00e3o, os participantes mergulham na an\u00e1lise individualizada dos pontos fortes e fracos de suas organiza\u00e7\u00f5es.<\/p>\n\n\n\n<p>Em seguida, s\u00e3o incentivados a dialogar e compartilhar os resultados em mesas redondas facilitadas por nossos curadores credenciados. O di\u00e1logo inclui riscos embutidos, bloqueadores e amplificadores de desempenho \u2014 ou seja, oportunidades potenciais. Os participantes se inspiram com exemplos e teorias sobre inova\u00e7\u00e3o de alto n\u00edvel dentro das organiza\u00e7\u00f5es.<\/p>\n\n\n\n<p>Para saber mais sobre o evento e como participar, clique  <a href=\"https:\/\/www.sympla.com.br\/evento\/innovation-group-circle\/3031079?token=92f059cf32cd6b42da029ad7eabb8d17\">aqui.<\/a><\/p>\n\n\n\n<p><\/p>\n","protected":false},"excerpt":{"rendered":"<p>A empresa LC Works Consultoria e Assessoria Empresarial, nova associada da C\u00e2mara Sueca, convida para o evento: Innovation Group Circle<\/p>\n","protected":false},"featured_media":28620,"template":"","meta":[],"product_brand":[],"product_cat":[228],"product_tag":[],"class_list":{"0":"post-28592","1":"product","2":"type-product","3":"status-publish","4":"has-post-thumbnail","6":"product_cat-our-events","8":"first","9":"instock","10":"shipping-taxable","11":"product-type-simple"},"_links":{"self":[{"href":"https:\/\/www.swedcham.com.br\/en\/wp-json\/wp\/v2\/product\/28592","targetHints":{"allow":["GET"]}}],"collection":[{"href":"https:\/\/www.swedcham.com.br\/en\/wp-json\/wp\/v2\/product"}],"about":[{"href":"https:\/\/www.swedcham.com.br\/en\/wp-json\/wp\/v2\/types\/product"}],"wp:featuredmedia":[{"embeddable":true,"href":"https:\/\/www.swedcham.com.br\/en\/wp-json\/wp\/v2\/media\/28620"}],"wp:attachment":[{"href":"https:\/\/www.swedcham.com.br\/en\/wp-json\/wp\/v2\/media?parent=28592"}],"wp:term":[{"taxonomy":"product_brand","embeddable":true,"href":"https:\/\/www.swedcham.com.br\/en\/wp-json\/wp\/v2\/product_brand?post=28592"},{"taxonomy":"product_cat","embeddable":true,"href":"https:\/\/www.swedcham.com.br\/en\/wp-json\/wp\/v2\/product_cat?post=28592"},{"taxonomy":"product_tag","embeddable":true,"href":"https:\/\/www.swedcham.com.br\/en\/wp-json\/wp\/v2\/product_tag?post=28592"}],"curies":[{"name":"wp","href":"https:\/\/api.w.org\/{rel}","templated":true}]}}