{"id":28519,"date":"2025-05-26T17:56:39","date_gmt":"2025-05-26T20:56:39","guid":{"rendered":"https:\/\/www.swedcham.com.br\/?post_type=product&#038;p=28519"},"modified":"2025-05-26T17:56:39","modified_gmt":"2025-05-26T20:56:39","slug":"happy-hour-pizza-com-a-swedcham-yp-alumni","status":"publish","type":"product","link":"https:\/\/www.swedcham.com.br\/en\/product\/our-events\/happy-hour-pizza-com-a-swedcham-yp-alumni\/","title":{"rendered":"\u00a0Happy Hour &amp;\u00a0Pizza\u00a0com a Swedcham YP&amp; Alumni\u00a0"},"content":{"rendered":"\n<figure class=\"wp-block-image size-large is-resized\"><a href=\"https:\/\/www.swedcham.com.br\/wp-content\/uploads\/2025\/05\/WhatsApp-Image-2025-05-26-at-17.46.18.jpeg\"><img loading=\"lazy\" decoding=\"async\" width=\"1024\" height=\"1024\" src=\"https:\/\/www.swedcham.com.br\/wp-content\/uploads\/2025\/05\/WhatsApp-Image-2025-05-26-at-17.46.18-1024x1024.jpeg\" alt=\"\" class=\"wp-image-28517\" style=\"width:616px;height:auto\"\/><\/a><\/figure>\n\n\n\n<p><strong>Happy Hour &amp;\u00a0Pizza\u00a0com a Swedcham YP<br><\/strong><br><br>A Swedcham Young Professionals, em parceria com o Sweden Alumni Network Brazil, convida voc\u00ea para uma noite especial de\u00a0<strong>Happy Hour &amp;\u00a0Pizza<\/strong>!<\/p>\n\n\n\n<p>Ser\u00e1 uma \u00f3tima oportunidade para reencontrar colegas, fazer novos contatos e aproveitar uma noite descontra\u00edda em boa companhia.<\/p>\n\n\n\n<p>\ud83d\udcc5 <strong>Data:<\/strong> 28 de maio<br>\u23f0 <strong>Hor\u00e1rio:<\/strong> A partir das 19h<br>\ud83d\udccd <strong>Local:<\/strong> <a href=\"https:\/\/g.co\/kgs\/vJscMJs\">Margherita Pizzeria, Alameda Tiet\u00ea, 255 \u2013 Jardins, S\u00e3o Paulo \u2013 SP, 01417-020<\/a><\/p>\n\n\n\n<p><strong>Obs:<\/strong> Cada participante pagar\u00e1 o seu consumo no local.<\/p>\n\n\n\n<p><strong>Esperamos por voc\u00ea!<\/strong><\/p>\n\n\n\n<p><\/p>\n\n\n\n<div class=\"wp-block-buttons is-layout-flex wp-block-buttons-is-layout-flex\">\n<div class=\"wp-block-button has-custom-width wp-block-button__width-75\"><a class=\"wp-block-button__link has-background wp-element-button\" href=\"https:\/\/docs.google.com\/forms\/d\/e\/1FAIpQLSf81ELuMnMOb61Pwnd1Adzzf06Iqp9cb7npQu1pjOs9Zhnx8w\/viewform\" style=\"background-color:#0c334c\">Inscreva-se agora!<\/a><\/div>\n<\/div>\n","protected":false},"excerpt":{"rendered":"<p>Happy Hour &amp;\u00a0Pizza\u00a0com a Swedcham YP A Swedcham Young Professionals, em parceria com o Sweden Alumni Network Brazil, convida voc\u00ea<\/p>\n","protected":false},"featured_media":28518,"template":"","meta":[],"product_brand":[],"product_cat":[228],"product_tag":[],"class_list":{"0":"post-28519","1":"product","2":"type-product","3":"status-publish","4":"has-post-thumbnail","6":"product_cat-our-events","8":"first","9":"instock","10":"shipping-taxable","11":"product-type-simple"},"_links":{"self":[{"href":"https:\/\/www.swedcham.com.br\/en\/wp-json\/wp\/v2\/product\/28519","targetHints":{"allow":["GET"]}}],"collection":[{"href":"https:\/\/www.swedcham.com.br\/en\/wp-json\/wp\/v2\/product"}],"about":[{"href":"https:\/\/www.swedcham.com.br\/en\/wp-json\/wp\/v2\/types\/product"}],"wp:featuredmedia":[{"embeddable":true,"href":"https:\/\/www.swedcham.com.br\/en\/wp-json\/wp\/v2\/media\/28518"}],"wp:attachment":[{"href":"https:\/\/www.swedcham.com.br\/en\/wp-json\/wp\/v2\/media?parent=28519"}],"wp:term":[{"taxonomy":"product_brand","embeddable":true,"href":"https:\/\/www.swedcham.com.br\/en\/wp-json\/wp\/v2\/product_brand?post=28519"},{"taxonomy":"product_cat","embeddable":true,"href":"https:\/\/www.swedcham.com.br\/en\/wp-json\/wp\/v2\/product_cat?post=28519"},{"taxonomy":"product_tag","embeddable":true,"href":"https:\/\/www.swedcham.com.br\/en\/wp-json\/wp\/v2\/product_tag?post=28519"}],"curies":[{"name":"wp","href":"https:\/\/api.w.org\/{rel}","templated":true}]}}