{"id":28400,"date":"2025-04-28T11:55:53","date_gmt":"2025-04-28T14:55:53","guid":{"rendered":"https:\/\/www.swedcham.com.br\/?post_type=product&#038;p=28400"},"modified":"2025-05-08T10:23:09","modified_gmt":"2025-05-08T13:23:09","slug":"mercado-de-carbono-regulado-no-brasil-oportunidades-e-implicacoes","status":"publish","type":"product","link":"https:\/\/www.swedcham.com.br\/en\/product\/our-events\/mercado-de-carbono-regulado-no-brasil-oportunidades-e-implicacoes\/","title":{"rendered":"Mercado de Carbono Regulado no Brasil: Oportunidades e Implica\u00e7\u00f5es."},"content":{"rendered":"\n<figure class=\"wp-block-embed is-type-video is-provider-youtube wp-block-embed-youtube wp-embed-aspect-16-9 wp-has-aspect-ratio\"><div class=\"wp-block-embed__wrapper\">\n<iframe loading=\"lazy\" title=\"Mercado de Carbono Regulado no Brasil: Oportunidades e Implica\u00e7\u00f5es\" width=\"640\" height=\"360\" src=\"https:\/\/www.youtube.com\/embed\/-M47HtbpMs4?feature=oembed\" frameborder=\"0\" allow=\"accelerometer; autoplay; clipboard-write; encrypted-media; gyroscope; picture-in-picture; web-share\" referrerpolicy=\"strict-origin-when-cross-origin\" allowfullscreen><\/iframe>\n<\/div><\/figure>\n\n\n\n<p><\/p>\n\n\n\n<p>Este evento foi uma excelente oportunidade para entender melhor o funcionamento do mercado de carbono no nosso pa\u00eds, explorar as oportunidades que se abrem para diversos setores e discutir as implica\u00e7\u00f5es para empresas e institui\u00e7\u00f5es.<br><\/p>\n\n\n\n<p><\/p>\n\n\n\n<div class=\"wp-block-media-text is-stacked-on-mobile\" style=\"grid-template-columns:28% auto\"><figure class=\"wp-block-media-text__media\"><img loading=\"lazy\" decoding=\"async\" width=\"200\" height=\"200\" src=\"https:\/\/www.swedcham.com.br\/wp-content\/uploads\/2025\/04\/Jessica.jpeg\" alt=\"\" class=\"wp-image-28397 size-full\" srcset=\"https:\/\/www.swedcham.com.br\/wp-content\/uploads\/2025\/04\/Jessica.jpeg 200w, https:\/\/www.swedcham.com.br\/wp-content\/uploads\/2025\/04\/Jessica-150x150.jpeg 150w, https:\/\/www.swedcham.com.br\/wp-content\/uploads\/2025\/04\/Jessica-100x100.jpeg 100w\" sizes=\"auto, (max-width: 200px) 100vw, 200px\" \/><\/figure><div class=\"wp-block-media-text__content\">\n<p class=\"has-text-align-left\"><strong>J\u00e9ssica Campanha <\/strong>&#8211;&nbsp;Consultora | Mudan\u00e7as Clim\u00e1ticas | Invent\u00e1rio de emiss\u00f5es de GEE | Metas SBTi.<br>Mestra pelo Programa de P\u00f3s Gradua\u00e7\u00e3o em Sustentabilidade da USP (PPGSus -USP) e bacharela em Gest\u00e3o Ambiental pela Escola de Artes, Ci\u00eancias e Humanidades da Universidade de S\u00e3o Paulo (EACH-USP).&nbsp;Possui vasta experi\u00eancia na capacita\u00e7\u00e3o de equipes para o diagn\u00f3stico de emiss\u00f5es e compreens\u00e3o dos mercados de carbono.<\/p>\n<\/div><\/div>\n\n\n\n<p><\/p>\n\n\n\n<p><\/p>\n\n\n\n<p><\/p>\n\n\n\n<p><\/p>\n\n\n\n<p><\/p>\n","protected":false},"excerpt":{"rendered":"<p>Este evento foi uma excelente oportunidade para entender melhor o funcionamento do mercado de carbono no nosso pa\u00eds, explorar as<\/p>\n","protected":false},"featured_media":28405,"template":"","meta":[],"product_brand":[],"product_cat":[228],"product_tag":[],"class_list":{"0":"post-28400","1":"product","2":"type-product","3":"status-publish","4":"has-post-thumbnail","6":"product_cat-our-events","8":"first","9":"instock","10":"shipping-taxable","11":"product-type-simple"},"_links":{"self":[{"href":"https:\/\/www.swedcham.com.br\/en\/wp-json\/wp\/v2\/product\/28400","targetHints":{"allow":["GET"]}}],"collection":[{"href":"https:\/\/www.swedcham.com.br\/en\/wp-json\/wp\/v2\/product"}],"about":[{"href":"https:\/\/www.swedcham.com.br\/en\/wp-json\/wp\/v2\/types\/product"}],"wp:featuredmedia":[{"embeddable":true,"href":"https:\/\/www.swedcham.com.br\/en\/wp-json\/wp\/v2\/media\/28405"}],"wp:attachment":[{"href":"https:\/\/www.swedcham.com.br\/en\/wp-json\/wp\/v2\/media?parent=28400"}],"wp:term":[{"taxonomy":"product_brand","embeddable":true,"href":"https:\/\/www.swedcham.com.br\/en\/wp-json\/wp\/v2\/product_brand?post=28400"},{"taxonomy":"product_cat","embeddable":true,"href":"https:\/\/www.swedcham.com.br\/en\/wp-json\/wp\/v2\/product_cat?post=28400"},{"taxonomy":"product_tag","embeddable":true,"href":"https:\/\/www.swedcham.com.br\/en\/wp-json\/wp\/v2\/product_tag?post=28400"}],"curies":[{"name":"wp","href":"https:\/\/api.w.org\/{rel}","templated":true}]}}