{"id":28379,"date":"2025-04-15T15:33:22","date_gmt":"2025-04-15T18:33:22","guid":{"rendered":"https:\/\/www.swedcham.com.br\/?post_type=product&#038;p=28379"},"modified":"2025-04-17T11:09:31","modified_gmt":"2025-04-17T14:09:31","slug":"webinar-inovacao-e-industria-4-0","status":"publish","type":"product","link":"https:\/\/www.swedcham.com.br\/en\/product\/our-events\/webinar-inovacao-e-industria-4-0\/","title":{"rendered":"Webinar &#8211; Inova\u00e7\u00e3o e ind\u00fastria 4.0\u00a0"},"content":{"rendered":"\n<p><strong>O Comit\u00ea de Inova\u00e7\u00e3o da Swedcham, convida para o webinar:<\/strong><\/p>\n\n\n\n<p><br><strong>Inova\u00e7\u00e3o e ind\u00fastria 4.0&nbsp;<\/strong><br><\/p>\n\n\n\n<p>Dia 25 de abril \u00e0s 9 horas,&nbsp;<strong>Edvaldo Santos,<\/strong>&nbsp;Vice-Presidente de P&amp;D &amp; Inova\u00e7\u00e3o da <strong>Ericsson<\/strong>, e coordenador do Comit\u00ea de Inova\u00e7\u00e3o da Swedcham ir\u00e1 receber num webinar, <strong>Gustavo&nbsp;Moura,<\/strong> que lidera a Transforma\u00e7\u00e3o Digital e Inova\u00e7\u00e3o nas opera\u00e7\u00f5es industriais da&nbsp;<strong>Nestl\u00e9&nbsp;Brasil.<\/strong><br>&nbsp;<br>Gustavo compartilhar\u00e1 algumas iniciativas da Nestl\u00e9 no campo da transforma\u00e7\u00e3o digital e manufatura avan\u00e7ada, que combinam o avan\u00e7o tecnol\u00f3gico da Nestl\u00e9 com o avan\u00e7o das Tecnologias da Informa\u00e7\u00e3o e Comunica\u00e7\u00e3o, em especial redes 5G, g\u00eameos digitais, aprendizado imersivo etc.<br><br>N\u00e3o percam!<\/p>\n\n\n\n<div class=\"wp-block-media-text is-stacked-on-mobile\" style=\"grid-template-columns:34% auto\"><figure class=\"wp-block-media-text__media\"><img loading=\"lazy\" decoding=\"async\" width=\"200\" height=\"200\" src=\"https:\/\/www.swedcham.com.br\/wp-content\/uploads\/2025\/04\/gu.jpeg\" alt=\"\" class=\"wp-image-28380 size-full\" srcset=\"https:\/\/www.swedcham.com.br\/wp-content\/uploads\/2025\/04\/gu.jpeg 200w, https:\/\/www.swedcham.com.br\/wp-content\/uploads\/2025\/04\/gu-150x150.jpeg 150w, https:\/\/www.swedcham.com.br\/wp-content\/uploads\/2025\/04\/gu-100x100.jpeg 100w\" sizes=\"auto, (max-width: 200px) 100vw, 200px\" \/><\/figure><div class=\"wp-block-media-text__content\">\n<p style=\"font-size:15px\"><strong>Gustavo Moura &#8211;\u00a0<\/strong>Gerente Executivo de Automa\u00e7\u00e3o e Transforma\u00e7\u00e3o Digital da <strong>Nestl\u00e9 Brasil.<\/strong><br>Com forma\u00e7\u00e3o em engenharia el\u00e9trica e p\u00f3s-gradua\u00e7\u00f5es em gerenciamento de projetos e ci\u00eancia de dados, ele combina conhecimentos t\u00e9cnicos com 15\u00a0anos de experi\u00eancia, para definir estrat\u00e9gias eficazes de automa\u00e7\u00e3o industrial e desenvolver modelos de IA que otimizam processos.<br>Gustavo lidera a Transforma\u00e7\u00e3o Digital e Inova\u00e7\u00e3o nas opera\u00e7\u00f5es industriais da Nestl\u00e9 Brasil, promovendo a ado\u00e7\u00e3o de tecnologias avan\u00e7adas na manufatura.<\/p>\n<\/div><\/div>\n\n\n\n<p><\/p>\n\n\n\n<p><\/p>\n\n\n\n<div class=\"wp-block-buttons is-layout-flex wp-block-buttons-is-layout-flex\">\n<div class=\"wp-block-button has-custom-width wp-block-button__width-75\"><a class=\"wp-block-button__link has-background wp-element-button\" href=\"https:\/\/docs.google.com\/forms\/d\/e\/1FAIpQLScyb8pkWIgOsCZ7d9rNzc0CaTRcRnO4Xk-q_93tLkhHN2UaSA\/viewform?usp=dialog\" style=\"background-color:#0f3449\">Clique aqui e confirme sua participa\u00e7\u00e3o online!<\/a><\/div>\n<\/div>\n\n\n\n<p><\/p>\n","protected":false},"excerpt":{"rendered":"<p>O Comit\u00ea de Inova\u00e7\u00e3o da Swedcham, convida para o webinar: Inova\u00e7\u00e3o e ind\u00fastria 4.0&nbsp; Dia 25 de abril \u00e0s 9<\/p>\n","protected":false},"featured_media":28389,"template":"","meta":[],"product_brand":[],"product_cat":[228],"product_tag":[],"class_list":{"0":"post-28379","1":"product","2":"type-product","3":"status-publish","4":"has-post-thumbnail","6":"product_cat-our-events","8":"first","9":"instock","10":"shipping-taxable","11":"product-type-simple"},"_links":{"self":[{"href":"https:\/\/www.swedcham.com.br\/en\/wp-json\/wp\/v2\/product\/28379","targetHints":{"allow":["GET"]}}],"collection":[{"href":"https:\/\/www.swedcham.com.br\/en\/wp-json\/wp\/v2\/product"}],"about":[{"href":"https:\/\/www.swedcham.com.br\/en\/wp-json\/wp\/v2\/types\/product"}],"wp:featuredmedia":[{"embeddable":true,"href":"https:\/\/www.swedcham.com.br\/en\/wp-json\/wp\/v2\/media\/28389"}],"wp:attachment":[{"href":"https:\/\/www.swedcham.com.br\/en\/wp-json\/wp\/v2\/media?parent=28379"}],"wp:term":[{"taxonomy":"product_brand","embeddable":true,"href":"https:\/\/www.swedcham.com.br\/en\/wp-json\/wp\/v2\/product_brand?post=28379"},{"taxonomy":"product_cat","embeddable":true,"href":"https:\/\/www.swedcham.com.br\/en\/wp-json\/wp\/v2\/product_cat?post=28379"},{"taxonomy":"product_tag","embeddable":true,"href":"https:\/\/www.swedcham.com.br\/en\/wp-json\/wp\/v2\/product_tag?post=28379"}],"curies":[{"name":"wp","href":"https:\/\/api.w.org\/{rel}","templated":true}]}}