{"id":28368,"date":"2025-04-11T16:33:22","date_gmt":"2025-04-11T19:33:22","guid":{"rendered":"https:\/\/www.swedcham.com.br\/?post_type=product&#038;p=28368"},"modified":"2025-04-11T16:34:33","modified_gmt":"2025-04-11T19:34:33","slug":"european-day-2025","status":"publish","type":"product","link":"https:\/\/www.swedcham.com.br\/en\/product\/our-events\/european-day-2025\/","title":{"rendered":"European Day 2025!"},"content":{"rendered":"\n<p><\/p>\n\n\n<div class=\"wp-block-image\">\n<figure class=\"aligncenter size-large is-resized\"><a href=\"https:\/\/www.swedcham.com.br\/wp-content\/uploads\/2025\/04\/aaaaa.png\"><img loading=\"lazy\" decoding=\"async\" width=\"1024\" height=\"293\" src=\"https:\/\/www.swedcham.com.br\/wp-content\/uploads\/2025\/04\/aaaaa-1024x293.png\" alt=\"\" class=\"wp-image-28366\" style=\"width:756px;height:auto\" srcset=\"https:\/\/www.swedcham.com.br\/wp-content\/uploads\/2025\/04\/aaaaa-1024x293.png 1024w, https:\/\/www.swedcham.com.br\/wp-content\/uploads\/2025\/04\/aaaaa-300x86.png 300w, https:\/\/www.swedcham.com.br\/wp-content\/uploads\/2025\/04\/aaaaa-768x220.png 768w, https:\/\/www.swedcham.com.br\/wp-content\/uploads\/2025\/04\/aaaaa-1536x439.png 1536w, https:\/\/www.swedcham.com.br\/wp-content\/uploads\/2025\/04\/aaaaa-600x172.png 600w, https:\/\/www.swedcham.com.br\/wp-content\/uploads\/2025\/04\/aaaaa.png 1920w\" sizes=\"auto, (max-width: 1024px) 100vw, 1024px\" \/><\/a><\/figure>\n<\/div>\n\n\n<p><\/p>\n\n\n\n<p><strong>Como as empresas brasileiras podem se preparar para o acordo de livre com\u00e9rcio Mercosul-Uni\u00e3o Europeia e transformar esse novo cen\u00e1rio em uma estrat\u00e9gia vencedora?<\/strong><\/p>\n\n\n\n<p>A <em><strong>Imagem Corporativa, <\/strong><\/em>empresa associada a Swedcham,promove h\u00e1 v\u00e1rios anos o <em><strong>European Day<\/strong><\/em> em S\u00e3o Paulo, consolidando-se como um dos principais f\u00f3runs para debater os desafios e as perspectivas das rela\u00e7\u00f5es econ\u00f4micas, pol\u00edticas, sociais, ambientais e tecnol\u00f3gicas entre Brasil e Europa.<\/p>\n\n\n\n<p>Em 2025, diante da imin\u00eancia da ratifica\u00e7\u00e3o do acordo hist\u00f3rico Mercosul-UE, escolhemos Bruxelas para sediar nosso evento, que contar\u00e1 com transmiss\u00e3o online exclusiva para convidados no Brasil.<\/p>\n\n\n\n<p><strong>Entre os debatedores estar\u00e3o:<\/strong> Aloysio Nunes, ex-chanceler brasileiro e atual chefe do escrit\u00f3rio da Apex em Bruxelas; Stefan Pinter, Head of Public Policy para a Europa, Oriente M\u00e9dio e \u00c1frica da Suzano; John Bazill e Colombe Warrin, da Comiss\u00e3o Europeia (respectivamente, \u00e1reas de International Policy and Regional Affairs Latin America e projeto Green Europe); Oscar Guinea, economista s\u00eanior do European Center of International Political Economy (ECIPE) em Bilbao; Mariana Fleischhauer, gerente do escrit\u00f3rio da FGV-Europe em Col\u00f4nia; Stephan Wilken, Risk Management &amp; Compliance Consultant for Emerging Markets em Frankfurt; Leonardo C. Fleck, diretor de Sustentabilidade do Banco Santander, S\u00e3o Paulo; Olivier Joris, European and International Affairs, F\u00e9d\u00e9ration des Entreprises de Belgique (FEB); Joris Bulteel, fundador e s\u00f3cio da White Corporate Affairs, Bruxelas.<\/p>\n\n\n\n<p><strong>Quatro pain\u00e9is v\u00e3o focalizar os temas:&nbsp;<\/strong><\/p>\n\n\n\n<p>\u2022 Agroneg\u00f3cio<br>\u2022 Ind\u00fastria e Servi\u00e7os<br>\u2022 Meio Ambiente<br>\u2022 Compras Governamentais<\/p>\n\n\n\n<p><strong>Data: 15 de abril de 2025, \u00e0s 9h<\/strong><\/p>\n\n\n\n<p><strong>Local:<\/strong> Hotel Renaissance, <strong>Bruxelas (presencial)<\/strong><\/p>\n\n\n\n<p><strong>Transmiss\u00e3o: Online, exclusiva para convidados no Brasil. Palestras em ingl\u00eas com tradu\u00e7\u00e3o simult\u00e2nea.&nbsp;<\/strong><\/p>\n\n\n\n<p><\/p>\n\n\n\n<div class=\"wp-block-buttons is-layout-flex wp-block-buttons-is-layout-flex\">\n<div class=\"wp-block-button has-custom-width wp-block-button__width-75\"><a class=\"wp-block-button__link has-background wp-element-button\" href=\"https:\/\/us02web.zoom.us\/webinar\/register\/WN_4z0aMkR8SsiuiM077-tnWQ?utm_campaign=novo_layout_european_day&amp;utm_medium=email&amp;utm_source=RD+Station#\/registration\" style=\"background-color:#1c4259\">Inscri\u00e7\u00e3o para assistir online!<\/a><\/div>\n<\/div>\n\n\n\n<p><\/p>\n","protected":false},"excerpt":{"rendered":"<p>Como as empresas brasileiras podem se preparar para o acordo de livre com\u00e9rcio Mercosul-Uni\u00e3o Europeia e transformar esse novo cen\u00e1rio<\/p>\n","protected":false},"featured_media":28370,"template":"","meta":[],"product_brand":[],"product_cat":[228],"product_tag":[],"class_list":{"0":"post-28368","1":"product","2":"type-product","3":"status-publish","4":"has-post-thumbnail","6":"product_cat-our-events","8":"first","9":"instock","10":"shipping-taxable","11":"product-type-simple"},"_links":{"self":[{"href":"https:\/\/www.swedcham.com.br\/en\/wp-json\/wp\/v2\/product\/28368","targetHints":{"allow":["GET"]}}],"collection":[{"href":"https:\/\/www.swedcham.com.br\/en\/wp-json\/wp\/v2\/product"}],"about":[{"href":"https:\/\/www.swedcham.com.br\/en\/wp-json\/wp\/v2\/types\/product"}],"wp:featuredmedia":[{"embeddable":true,"href":"https:\/\/www.swedcham.com.br\/en\/wp-json\/wp\/v2\/media\/28370"}],"wp:attachment":[{"href":"https:\/\/www.swedcham.com.br\/en\/wp-json\/wp\/v2\/media?parent=28368"}],"wp:term":[{"taxonomy":"product_brand","embeddable":true,"href":"https:\/\/www.swedcham.com.br\/en\/wp-json\/wp\/v2\/product_brand?post=28368"},{"taxonomy":"product_cat","embeddable":true,"href":"https:\/\/www.swedcham.com.br\/en\/wp-json\/wp\/v2\/product_cat?post=28368"},{"taxonomy":"product_tag","embeddable":true,"href":"https:\/\/www.swedcham.com.br\/en\/wp-json\/wp\/v2\/product_tag?post=28368"}],"curies":[{"name":"wp","href":"https:\/\/api.w.org\/{rel}","templated":true}]}}