{"id":28311,"date":"2025-04-14T15:34:59","date_gmt":"2025-04-14T18:34:59","guid":{"rendered":"https:\/\/www.swedcham.com.br\/?post_type=product&#038;p=28311"},"modified":"2025-04-17T11:36:20","modified_gmt":"2025-04-17T14:36:20","slug":"almoco-de-networking-5","status":"publish","type":"product","link":"https:\/\/www.swedcham.com.br\/en\/product\/our-events\/almoco-de-networking-5\/","title":{"rendered":"Almo\u00e7o de Networking"},"content":{"rendered":"<div class=\"wp-block-image\">\n<figure class=\"aligncenter size-large is-resized\"><a href=\"https:\/\/www.swedcham.com.br\/wp-content\/uploads\/2025\/04\/1111.png\"><img loading=\"lazy\" decoding=\"async\" width=\"1024\" height=\"465\" src=\"https:\/\/www.swedcham.com.br\/wp-content\/uploads\/2025\/04\/1111-1024x465.png\" alt=\"\" class=\"wp-image-28316\" style=\"width:684px;height:auto\" srcset=\"https:\/\/www.swedcham.com.br\/wp-content\/uploads\/2025\/04\/1111-1024x465.png 1024w, https:\/\/www.swedcham.com.br\/wp-content\/uploads\/2025\/04\/1111-300x136.png 300w, https:\/\/www.swedcham.com.br\/wp-content\/uploads\/2025\/04\/1111-768x349.png 768w, https:\/\/www.swedcham.com.br\/wp-content\/uploads\/2025\/04\/1111-600x273.png 600w, https:\/\/www.swedcham.com.br\/wp-content\/uploads\/2025\/04\/1111.png 1107w\" sizes=\"auto, (max-width: 1024px) 100vw, 1024px\" \/><\/a><\/figure>\n<\/div>\n\n\n<p><\/p>\n\n\n\n<p><\/p>\n\n\n\n<p class=\"has-medium-font-size\">\u00c9 com grande prazer que a Swedcham convida voc\u00ea para nosso tradicional almo\u00e7o de networking, onde voc\u00ea poder\u00e1 conhecer e conversar com outros membros, e ampliar sua rede de relacionamentos.<br>O restaurante <strong>Tuy Cocina <\/strong>re\u00fane pratos, tapas e petiscos da gastronomia ib\u00e9rica contempor\u00e2nea, em um ambiente moderno e descontra\u00eddo no Jardins.<\/p>\n\n\n\n<figure class=\"wp-block-image is-resized\"><img decoding=\"async\" src=\"https:\/\/fonts.gstatic.com\/s\/e\/notoemoji\/16.0\/1f5d3\/72.png\" alt=\"\ud83d\uddd3\" style=\"width:28px;height:auto\"\/><\/figure>\n\n\n\n<p><strong>Quando:<\/strong><br>Quarta-feira, 16 de abril \u00e0s 12h<\/p>\n\n\n\n<figure class=\"wp-block-image is-resized\"><img decoding=\"async\" src=\"https:\/\/fonts.gstatic.com\/s\/e\/notoemoji\/16.0\/1f4cd\/72.png\" alt=\"\ud83d\udccd\" style=\"width:31px;height:auto\"\/><\/figure>\n\n\n\n<p><strong>Onde:<\/strong><br><strong>Tuy Cocina I Jardins<\/strong><br>R. Padre Jo\u00e3o Manuel, 1156 \u2013 Jardins, S\u00e3o Paulo \u2013 SP, 01411-000<\/p>\n\n\n\n<p>Incluso:\u00a0Entrada, prato principal, sobremesa, bebida n\u00e3o alco\u00f3lica e caf\u00e9<\/p>\n\n\n\n<figure class=\"wp-block-image is-resized\"><img decoding=\"async\" src=\"https:\/\/encrypted-tbn0.gstatic.com\/images?q=tbn:ANd9GcQnZ6pC5bh-8Z7ngs_JdYfxxdDZ7VqkL7ATmw&s\" alt=\"S\u00edmbolo de moeda do d\u00f3lar no fundo branco pinturas para a parede \u2022 quadros  valor, custo, pre\u00e7o | myloview.com.br\" style=\"width:44px;height:auto\"\/><\/figure>\n\n\n\n<p><strong>Investimento:<\/strong><br>Associados: R$115,00<br>N\u00e3o associados: R$160,00<\/p>\n\n\n\n<figure class=\"wp-block-image is-resized\"><img decoding=\"async\" src=\"https:\/\/fonts.gstatic.com\/s\/e\/notoemoji\/16.0\/1f17f_fe0f\/72.png\" alt=\"\ud83c\udd7f\ufe0f\" style=\"width:38px;height:auto\"\/><\/figure>\n\n\n\n<p><strong>Estacionamento:\u00a0<\/strong><br>Valet no local \u2013 R$40,00<\/p>\n\n\n\n<p><strong>Bem vindos!<\/strong><\/p>\n\n\n\n<p><\/p>\n","protected":false},"excerpt":{"rendered":"<p>\u00c9 com grande prazer que a Swedcham convida voc\u00ea para nosso tradicional almo\u00e7o de networking, onde voc\u00ea poder\u00e1 conhecer e<\/p>\n","protected":false},"featured_media":27432,"template":"","meta":[],"product_brand":[],"product_cat":[228],"product_tag":[],"class_list":{"0":"post-28311","1":"product","2":"type-product","3":"status-publish","4":"has-post-thumbnail","6":"product_cat-our-events","8":"first","9":"instock","10":"shipping-taxable","11":"purchasable","12":"product-type-variable"},"_links":{"self":[{"href":"https:\/\/www.swedcham.com.br\/en\/wp-json\/wp\/v2\/product\/28311","targetHints":{"allow":["GET"]}}],"collection":[{"href":"https:\/\/www.swedcham.com.br\/en\/wp-json\/wp\/v2\/product"}],"about":[{"href":"https:\/\/www.swedcham.com.br\/en\/wp-json\/wp\/v2\/types\/product"}],"wp:featuredmedia":[{"embeddable":true,"href":"https:\/\/www.swedcham.com.br\/en\/wp-json\/wp\/v2\/media\/27432"}],"wp:attachment":[{"href":"https:\/\/www.swedcham.com.br\/en\/wp-json\/wp\/v2\/media?parent=28311"}],"wp:term":[{"taxonomy":"product_brand","embeddable":true,"href":"https:\/\/www.swedcham.com.br\/en\/wp-json\/wp\/v2\/product_brand?post=28311"},{"taxonomy":"product_cat","embeddable":true,"href":"https:\/\/www.swedcham.com.br\/en\/wp-json\/wp\/v2\/product_cat?post=28311"},{"taxonomy":"product_tag","embeddable":true,"href":"https:\/\/www.swedcham.com.br\/en\/wp-json\/wp\/v2\/product_tag?post=28311"}],"curies":[{"name":"wp","href":"https:\/\/api.w.org\/{rel}","templated":true}]}}