{"id":28281,"date":"2025-03-19T17:16:31","date_gmt":"2025-03-19T20:16:31","guid":{"rendered":"https:\/\/www.swedcham.com.br\/?post_type=product&#038;p=28281"},"modified":"2025-03-19T17:16:33","modified_gmt":"2025-03-19T20:16:33","slug":"brand-storytelling-como-contar-boas-historias-de-marca","status":"publish","type":"product","link":"https:\/\/www.swedcham.com.br\/en\/product\/our-events\/brand-storytelling-como-contar-boas-historias-de-marca\/","title":{"rendered":"Brand Storytelling: Como contar boas hist\u00f3rias de marca"},"content":{"rendered":"\n<p>No dia&nbsp;03 de abril, \u00e0s&nbsp;18h, teremos o privil\u00e9gio de receber o&nbsp;professor Thiago Costa&nbsp;para uma palestra exclusiva sobre&nbsp;Brand Storytelling: Como contar boas hist\u00f3rias de marca.<\/p>\n\n\n\n<p>Durante o evento, o professor <strong>Thiago Costa<\/strong> compartilhar\u00e1 estrat\u00e9gias para criar narrativas que conectam as marcas com seus p\u00fablicos de maneira aut\u00eantica e impactante. Ele abordar\u00e1 como a arte de contar hist\u00f3rias pode fortalecer a identidade de uma marca, aumentar a lealdade dos clientes e gerar resultados significativos.<\/p>\n\n\n\n<p>N\u00e3o perca a chance!<\/p>\n\n\n\n<div class=\"wp-block-media-text is-stacked-on-mobile\" style=\"grid-template-columns:31% auto\"><figure class=\"wp-block-media-text__media\"><img loading=\"lazy\" decoding=\"async\" width=\"774\" height=\"851\" src=\"https:\/\/www.swedcham.com.br\/wp-content\/uploads\/2025\/03\/Thiago.png\" alt=\"\" class=\"wp-image-28279 size-full\" srcset=\"https:\/\/www.swedcham.com.br\/wp-content\/uploads\/2025\/03\/Thiago.png 774w, https:\/\/www.swedcham.com.br\/wp-content\/uploads\/2025\/03\/Thiago-273x300.png 273w, https:\/\/www.swedcham.com.br\/wp-content\/uploads\/2025\/03\/Thiago-768x844.png 768w, https:\/\/www.swedcham.com.br\/wp-content\/uploads\/2025\/03\/Thiago-600x660.png 600w\" sizes=\"auto, (max-width: 774px) 100vw, 774px\" \/><\/figure><div class=\"wp-block-media-text__content\">\n<p><strong>Thiago Costa<\/strong>, \u00e9 Doutorando em Comunica\u00e7\u00e3o na Universidade Paulista, Mestre em Tecnologias da Intelig\u00eancia e Design Digital e Jornalista formado pela PUC-SP, com especializa\u00e7\u00e3o em Administra\u00e7\u00e3o de Marketing pela FAAP, onde atua na \u00e1rea de comunica\u00e7\u00e3o e marketing como professor e pesquisador. Nessa institui\u00e7\u00e3o tamb\u00e9m coordena os cursos de MBA em Marketing e MBA em Branding, numa parceria entre FAAP e UOL. Trabalha desde 2000 na constru\u00e7\u00e3o de rela\u00e7\u00f5es entre marcas e pessoas sendo, desde 2004, s\u00f3cio da ag\u00eancia evcom, na qual exerce a fun\u00e7\u00e3o de Head de Conte\u00fado e Tend\u00eancias.<\/p>\n<\/div><\/div>\n\n\n\n<p><\/p>\n\n\n\n<p><strong>Quando:<\/strong><br>Quinta-feira, 03&nbsp;de abril \u00e0 partir das 18h<\/p>\n\n\n\n<p><strong>Onde:<\/strong><br>Swedcham \u2013 Rua Oscar Freire, 379 \u2013 cj 121&nbsp;<\/p>\n\n\n\n<p><strong>Estacionamento:<\/strong><br>Recomendamos o estacionamento do Hotel Regent Park<br>Rua Oscar Freire, 533.<br><br><strong>Investimento:<\/strong><br>Gratuito para associados da Swedcham e convidados da Evcom \/ FAAP<br>N\u00e3o associados: R$80,00<br><br><strong>RSVP:<\/strong>&nbsp;by 02\/04<\/p>\n","protected":false},"excerpt":{"rendered":"<p>No dia&nbsp;03 de abril, \u00e0s&nbsp;18h, teremos o privil\u00e9gio de receber o&nbsp;professor Thiago Costa&nbsp;para uma palestra exclusiva sobre&nbsp;Brand Storytelling: Como contar<\/p>\n","protected":false},"featured_media":28295,"template":"","meta":[],"product_brand":[],"product_cat":[228],"product_tag":[],"class_list":{"0":"post-28281","1":"product","2":"type-product","3":"status-publish","4":"has-post-thumbnail","6":"product_cat-our-events","8":"first","9":"instock","10":"shipping-taxable","11":"purchasable","12":"product-type-variable"},"_links":{"self":[{"href":"https:\/\/www.swedcham.com.br\/en\/wp-json\/wp\/v2\/product\/28281","targetHints":{"allow":["GET"]}}],"collection":[{"href":"https:\/\/www.swedcham.com.br\/en\/wp-json\/wp\/v2\/product"}],"about":[{"href":"https:\/\/www.swedcham.com.br\/en\/wp-json\/wp\/v2\/types\/product"}],"wp:featuredmedia":[{"embeddable":true,"href":"https:\/\/www.swedcham.com.br\/en\/wp-json\/wp\/v2\/media\/28295"}],"wp:attachment":[{"href":"https:\/\/www.swedcham.com.br\/en\/wp-json\/wp\/v2\/media?parent=28281"}],"wp:term":[{"taxonomy":"product_brand","embeddable":true,"href":"https:\/\/www.swedcham.com.br\/en\/wp-json\/wp\/v2\/product_brand?post=28281"},{"taxonomy":"product_cat","embeddable":true,"href":"https:\/\/www.swedcham.com.br\/en\/wp-json\/wp\/v2\/product_cat?post=28281"},{"taxonomy":"product_tag","embeddable":true,"href":"https:\/\/www.swedcham.com.br\/en\/wp-json\/wp\/v2\/product_tag?post=28281"}],"curies":[{"name":"wp","href":"https:\/\/api.w.org\/{rel}","templated":true}]}}