{"id":28276,"date":"2025-04-04T11:00:00","date_gmt":"2025-04-04T14:00:00","guid":{"rendered":"https:\/\/www.swedcham.com.br\/?post_type=product&#038;p=28276"},"modified":"2025-04-04T11:00:02","modified_gmt":"2025-04-04T14:00:02","slug":"after-work-com-artsoppa-och-punsch-10","status":"publish","type":"product","link":"https:\/\/www.swedcham.com.br\/en\/product\/our-events\/after-work-com-artsoppa-och-punsch-10\/","title":{"rendered":"After Work com \u00c4rtsoppa och Punsch"},"content":{"rendered":"\n<figure class=\"wp-block-image size-full\"><a href=\"https:\/\/www.swedcham.com.br\/wp-content\/uploads\/2023\/05\/Punsch-e1684422880995.jpg\"><img loading=\"lazy\" decoding=\"async\" width=\"500\" height=\"375\" src=\"https:\/\/www.swedcham.com.br\/wp-content\/uploads\/2023\/05\/Punsch-e1684422880995.jpg\" alt=\"\" class=\"wp-image-26502\" srcset=\"https:\/\/www.swedcham.com.br\/wp-content\/uploads\/2023\/05\/Punsch-e1684422880995.jpg 500w, https:\/\/www.swedcham.com.br\/wp-content\/uploads\/2023\/05\/Punsch-e1684422880995-300x225.jpg 300w\" sizes=\"auto, (max-width: 500px) 100vw, 500px\" \/><\/a><\/figure>\n\n\n\n<p>After Work com \u00c4rtsoppa och Punsch&nbsp;<br><strong><em>(Sopa de ervilhas e ponche)<\/em><\/strong><\/p>\n\n\n\n<p>Baseada numa tradi\u00e7\u00e3o dos tempos dos vikings, a sopa de ervilhas \u00e9 uma receita muito apreciada na Su\u00e9cia. Os restaurantes suecos e as escolas servem este prato t\u00edpico no almo\u00e7o \u00e0s quintas-feiras, seguido de uma saborosa panqueca doce.&nbsp; O&nbsp;punsch&nbsp;\u00e9 um licor t\u00edpico da Su\u00e9cia, envelhecido em barris de madeira, e produzido a partir de gr\u00e3os e ervas n\u00f3rdicas.&nbsp;<br><br>Durante a noite, teremos a oportunidade de conhecer o escritor e jornalista&nbsp;<strong>Richard Beer,<\/strong> que ir\u00e1 compartilhar sobre o seu ultimo livro &#8211; <strong><em>AMOK 2029. <a href=\"https:\/\/www.swedcham.com.br\/wp-content\/uploads\/2021\/09\/amok_invitation_17_03_2025-1.pdf\" target=\"_blank\" rel=\"noreferrer noopener\">Saiba mais sobre o livro (<\/a>em Sueco)<\/em><\/strong><br><br>O Pastor&nbsp;<em><strong>Pierre Schelander, <\/strong><\/em>tamb\u00e9mestar\u00e1 presente.<\/p>\n\n\n\n<p><strong>Venha e fa\u00e7a desse Happy Hour uma noite agrad\u00e1vel e divertida!&nbsp;<\/strong><\/p>\n\n\n\n<h3 class=\"wp-block-heading\">Quando<\/h3>\n\n\n\n<p>Quarta-feira, 09 de abril 19h30min<\/p>\n\n\n\n<h3 class=\"wp-block-heading\">Onde<\/h3>\n\n\n\n<p>Igreja Escandinava<br>Rua Job Lane, 1030 &#8211; Santo Amaro<\/p>\n\n\n\n<h3 class=\"wp-block-heading\">O que ser\u00e1 servido?<\/h3>\n\n\n\n<p>Os pratos a seguir est\u00e3o inclusos no pre\u00e7o do convite:<\/p>\n\n\n\n<ul class=\"wp-block-list\">\n<li><strong>Prato Principal:<\/strong>&nbsp;\u00c4rtsoppa&nbsp;(Sopa de ervilhas)<\/li>\n\n\n\n<li><strong>Sobremesa:<\/strong>&nbsp;Panqueca<\/li>\n\n\n\n<li><strong>Bebidas:<\/strong>&nbsp;Um copo de ponche e 2 cervejas ou bebidas n\u00e3o alco\u00f3licas<\/li>\n<\/ul>\n\n\n\n<p>(qualquer bebida adicional ser\u00e1 cobrada separadamente).<\/p>\n\n\n\n<h3 class=\"wp-block-heading\"><strong>Pre\u00e7o<\/strong><\/h3>\n\n\n\n<p><strong>Membros da igreja e da Swedcham: R$ 70,00<br>N\u00e3o membros: R$ 90,00<\/strong><\/p>\n\n\n\n<div class=\"wp-block-buttons is-layout-flex wp-block-buttons-is-layout-flex\">\n<div class=\"wp-block-button has-custom-width wp-block-button__width-75 is-style-fill\"><a class=\"wp-block-button__link has-background wp-element-button\" href=\"https:\/\/eventos.espacoescandinavo.com.br\/inscricao-sopa-de-ervilha-quarta-feira-dia-9-de-abril-as-19h30\/\" style=\"background-color:#083e60\">Clique aqui para fazer sua inscri\u00e7\u00e3o! <\/a><\/div>\n<\/div>\n\n\n\n<p><\/p>\n","protected":false},"excerpt":{"rendered":"<p>After Work com \u00c4rtsoppa och Punsch&nbsp;(Sopa de ervilhas e ponche) Baseada numa tradi\u00e7\u00e3o dos tempos dos vikings, a sopa de<\/p>\n","protected":false},"featured_media":28275,"template":"","meta":[],"product_brand":[],"product_cat":[228],"product_tag":[],"class_list":{"0":"post-28276","1":"product","2":"type-product","3":"status-publish","4":"has-post-thumbnail","6":"product_cat-our-events","8":"first","9":"instock","10":"shipping-taxable","11":"product-type-simple"},"_links":{"self":[{"href":"https:\/\/www.swedcham.com.br\/en\/wp-json\/wp\/v2\/product\/28276","targetHints":{"allow":["GET"]}}],"collection":[{"href":"https:\/\/www.swedcham.com.br\/en\/wp-json\/wp\/v2\/product"}],"about":[{"href":"https:\/\/www.swedcham.com.br\/en\/wp-json\/wp\/v2\/types\/product"}],"wp:featuredmedia":[{"embeddable":true,"href":"https:\/\/www.swedcham.com.br\/en\/wp-json\/wp\/v2\/media\/28275"}],"wp:attachment":[{"href":"https:\/\/www.swedcham.com.br\/en\/wp-json\/wp\/v2\/media?parent=28276"}],"wp:term":[{"taxonomy":"product_brand","embeddable":true,"href":"https:\/\/www.swedcham.com.br\/en\/wp-json\/wp\/v2\/product_brand?post=28276"},{"taxonomy":"product_cat","embeddable":true,"href":"https:\/\/www.swedcham.com.br\/en\/wp-json\/wp\/v2\/product_cat?post=28276"},{"taxonomy":"product_tag","embeddable":true,"href":"https:\/\/www.swedcham.com.br\/en\/wp-json\/wp\/v2\/product_tag?post=28276"}],"curies":[{"name":"wp","href":"https:\/\/api.w.org\/{rel}","templated":true}]}}