{"id":28191,"date":"2024-12-17T14:14:28","date_gmt":"2024-12-17T17:14:28","guid":{"rendered":"https:\/\/www.swedcham.com.br\/product\/uncategorized\/member-satisfaction-survey\/"},"modified":"2025-01-24T14:38:22","modified_gmt":"2025-01-24T17:38:22","slug":"member-satisfaction-survey","status":"publish","type":"product","link":"https:\/\/www.swedcham.com.br\/en\/product\/our-events\/member-satisfaction-survey\/","title":{"rendered":"Member\u00a0Satisfaction\u00a0Survey\u00a0"},"content":{"rendered":"<div class=\"wp-block-image is-style-default\">\n<figure class=\"aligncenter size-full is-resized\"><a href=\"https:\/\/www.swedcham.com.br\/wp-content\/uploads\/2025\/01\/2.jpg\"><img loading=\"lazy\" decoding=\"async\" width=\"620\" height=\"314\" src=\"https:\/\/www.swedcham.com.br\/wp-content\/uploads\/2025\/01\/2.jpg\" alt=\"\" class=\"wp-image-28187\" style=\"width:840px;height:auto\" srcset=\"https:\/\/www.swedcham.com.br\/wp-content\/uploads\/2025\/01\/2.jpg 620w, https:\/\/www.swedcham.com.br\/wp-content\/uploads\/2025\/01\/2-300x152.jpg 300w, https:\/\/www.swedcham.com.br\/wp-content\/uploads\/2025\/01\/2-600x304.jpg 600w\" sizes=\"auto, (max-width: 620px) 100vw, 620px\" \/><\/a><\/figure>\n<\/div>\n\n\n<p><strong>Prezados,<\/strong><\/p>\n\n\n\n<p>N\u00f3s da C\u00e2mara Sueca desejamos que&nbsp;este Ano Novo traga muitas oportunidades, sa\u00fade e prosperidade&nbsp;a todos voc\u00eas.<\/p>\n\n\n\n<p>No intuito de&nbsp;atend\u00ea-los&nbsp;com maior excel\u00eancia e aprimorarmos nossos servi\u00e7os, convidamos voc\u00eas, a responderem esta r\u00e1pida pesquisa, que tem como objetivo o planejamento das atividades de 2025.<\/p>\n\n\n\n<p>Para acessar a pesquisa: <a href=\"https:\/\/docs.google.com\/forms\/d\/e\/1FAIpQLSfkRVioIxx3tfeDdTnFHTBVHAClC2mGtqYn8nwrvx4F0bZnhQ\/viewform?usp=sharing\" target=\"_blank\" rel=\"noreferrer noopener\">Clique aqui<\/a><a href=\"https:\/\/docs.google.com\/forms\/d\/e\/1FAIpQLScyuDFaS2kMLizJ0haqWgkQy7hncC8XuBl8RSXkEFcm1vSrTg\/viewform?vc=0&amp;c=0&amp;w=1&amp;flr=0\" target=\"_blank\" rel=\"noreferrer noopener\"><\/a><\/p>\n\n\n\n<p>For English version of the survey:&nbsp;<a href=\"https:\/\/docs.google.com\/forms\/d\/e\/1FAIpQLSffCeY_ENtAy-4APF7sP3ThJRR4QhsduQfGS7y7Yzn8uDVILw\/viewform?usp=sharing\" target=\"_blank\" rel=\"noreferrer noopener\">click here<\/a><\/p>\n\n\n\n<p><a href=\"https:\/\/www.swedcham.com.br\/wp-content\/uploads\/2021\/09\/Swedcham-Eventos-2024.pdf\" target=\"_blank\" rel=\"noreferrer noopener\">Clique aqui <\/a>para ver a lista dos eventos realizados em 2024<\/p>\n\n\n\n<p><a href=\"https:\/\/www.swedcham.com.br\/wp-content\/uploads\/2021\/09\/Swedcham-Events-2024-.pdf\" target=\"_blank\" rel=\"noreferrer noopener\">Click here <\/a>to see the list of the events from 2024<\/p>\n\n\n\n<p>Agradecemos a sua participa\u00e7\u00e3o!<\/p>\n\n\n\n<p>Swedcham Team<\/p>\n","protected":false},"excerpt":{"rendered":"<p>Prezados, N\u00f3s da C\u00e2mara Sueca desejamos que&nbsp;este Ano Novo traga muitas oportunidades, sa\u00fade e prosperidade&nbsp;a todos voc\u00eas. No intuito de&nbsp;atend\u00ea-los&nbsp;com<\/p>\n","protected":false},"featured_media":28197,"template":"","meta":[],"product_brand":[],"product_cat":[228],"product_tag":[],"class_list":{"0":"post-28191","1":"product","2":"type-product","3":"status-publish","4":"has-post-thumbnail","6":"product_cat-our-events","8":"first","9":"instock","10":"shipping-taxable","11":"product-type-simple"},"_links":{"self":[{"href":"https:\/\/www.swedcham.com.br\/en\/wp-json\/wp\/v2\/product\/28191","targetHints":{"allow":["GET"]}}],"collection":[{"href":"https:\/\/www.swedcham.com.br\/en\/wp-json\/wp\/v2\/product"}],"about":[{"href":"https:\/\/www.swedcham.com.br\/en\/wp-json\/wp\/v2\/types\/product"}],"wp:featuredmedia":[{"embeddable":true,"href":"https:\/\/www.swedcham.com.br\/en\/wp-json\/wp\/v2\/media\/28197"}],"wp:attachment":[{"href":"https:\/\/www.swedcham.com.br\/en\/wp-json\/wp\/v2\/media?parent=28191"}],"wp:term":[{"taxonomy":"product_brand","embeddable":true,"href":"https:\/\/www.swedcham.com.br\/en\/wp-json\/wp\/v2\/product_brand?post=28191"},{"taxonomy":"product_cat","embeddable":true,"href":"https:\/\/www.swedcham.com.br\/en\/wp-json\/wp\/v2\/product_cat?post=28191"},{"taxonomy":"product_tag","embeddable":true,"href":"https:\/\/www.swedcham.com.br\/en\/wp-json\/wp\/v2\/product_tag?post=28191"}],"curies":[{"name":"wp","href":"https:\/\/api.w.org\/{rel}","templated":true}]}}