{"id":28137,"date":"2025-02-12T15:45:05","date_gmt":"2025-02-12T18:45:05","guid":{"rendered":"https:\/\/www.swedcham.com.br\/product\/uncategorized\/inovacoes-tecnologicas-nas-areas-de-rh-e-seguranca-do-trabalho\/"},"modified":"2025-02-12T15:45:07","modified_gmt":"2025-02-12T18:45:07","slug":"inovacoes-tecnologicas-nas-areas-de-rh-e-seguranca-do-trabalho","status":"publish","type":"product","link":"https:\/\/www.swedcham.com.br\/en\/product\/our-events\/inovacoes-tecnologicas-nas-areas-de-rh-e-seguranca-do-trabalho\/","title":{"rendered":"Intelig\u00eancia Artificial com Miguel Lannes"},"content":{"rendered":"\n<p><\/p>\n\n\n\n<p>A empresa associada <strong>Atlas Copco, <\/strong>em parceria com a Swedcham,tem o prazer de receber<strong>\u00a0Miguel Lannes,\u00a0<\/strong>uma das maiores refer\u00eancias em IA no Brasil. Atual diretor de Intelig\u00eancia Artificial da Exame, onde criou o maior curso de\u00a0<strong>MBA de Intelig\u00eancia Artificial para Neg\u00f3cios\u00a0<\/strong>do Brasil, com mais de 10 mil alunos. Miguel combina a expertise em inova\u00e7\u00e3o, lideran\u00e7a tecnol\u00f3gica e a cria\u00e7\u00e3o de solu\u00e7\u00f5es que antecipam tend\u00eancias e transformam mercados.<\/p>\n\n\n\n<p><\/p>\n\n\n\n<div class=\"wp-block-media-text is-stacked-on-mobile\" style=\"grid-template-columns:23% auto\"><figure class=\"wp-block-media-text__media\"><img loading=\"lazy\" decoding=\"async\" width=\"250\" height=\"375\" src=\"https:\/\/www.swedcham.com.br\/wp-content\/uploads\/2024\/12\/1.jpeg\" alt=\"\" class=\"wp-image-28184 size-full\" srcset=\"https:\/\/www.swedcham.com.br\/wp-content\/uploads\/2024\/12\/1.jpeg 250w, https:\/\/www.swedcham.com.br\/wp-content\/uploads\/2024\/12\/1-200x300.jpeg 200w\" sizes=\"auto, (max-width: 250px) 100vw, 250px\" \/><\/figure><div class=\"wp-block-media-text__content\">\n<p><strong>Miguel Lannes &#8211;&nbsp;<\/strong>Formado em Engenharia da Computa\u00e7\u00e3o pela&nbsp;Universidade Federal do Rio de Janeiro (UFRJ), Miguel passou pelo mercado financeiro desenvolvendo softwares, mergulhou no empreendedorismo e seguiu pelas salas de aula. Na EXAME, lidera iniciativas de IA, mas tamb\u00e9m coordena o&nbsp;MBA de Intelig\u00eancia Artificial para Neg\u00f3cios da Faculdade EXAME.<br><a href=\"https:\/\/www.instagram.com\/accounts\/login\/?next=%2Finventormiguel%2F&amp;source=omni_redirect\" target=\"_blank\" rel=\"noreferrer noopener\">Clique aqui para segui-lo no instagram<\/a><\/p>\n<\/div><\/div>\n\n\n\n<p><\/p>\n\n\n\n<p>O objetivo do evento \u00e9 compartilhar&nbsp; sobre a intelig\u00eancia artificial aplicada nas \u00e1reas de Recursos Humanos e Seguran\u00e7a do Trabalho,&nbsp;&nbsp;mensurar o valor agregado dessas inova\u00e7\u00f5es, al\u00e9m de promover um ambiente de troca de conhecimentos.<\/p>\n\n\n\n<p><strong>Contamos&nbsp;com a presen\u00e7a de todos para potencializar os avan\u00e7os nas empresas suecas no Brasil!<\/strong><\/p>\n\n\n\n<p><strong>Quando:<\/strong><br>Quarta-feira, 19 de fevereiro de 2025.<br>Das 08h30 \u00e0s 12h<\/p>\n\n\n\n<p><strong>Onde:<\/strong><br>Atlas Copco<br>Alameda Araguaia, 2700 \u2013 Barueri<br><br><strong><mark style=\"background-color:rgba(0, 0, 0, 0)\" class=\"has-inline-color has-black-color\">Vagas limitadas! Evento exclusivo para o respons\u00e1vel por RH nas empresas associadas!<\/mark><\/strong><\/p>\n\n\n\n<p><strong><br>Se inscreva <a href=\"https:\/\/docs.google.com\/forms\/d\/e\/1FAIpQLScw_QehviJBXpJAph0yCF2hF2mbpk8hc6HVVXdY7VxuXJyS8w\/viewform?usp=dialog\" target=\"_blank\" rel=\"noreferrer noopener\">aqui <\/a>at\u00e9 o dia 07\/02.<\/strong><\/p>\n\n\n\n<p><\/p>\n","protected":false},"excerpt":{"rendered":"<p>A empresa associada Atlas Copco, em parceria com a Swedcham,tem o prazer de receber\u00a0Miguel Lannes,\u00a0uma das maiores refer\u00eancias em IA<\/p>\n","protected":false},"featured_media":28209,"template":"","meta":[],"product_brand":[],"product_cat":[228],"product_tag":[],"class_list":{"0":"post-28137","1":"product","2":"type-product","3":"status-publish","4":"has-post-thumbnail","6":"product_cat-our-events","8":"first","9":"instock","10":"shipping-taxable","11":"product-type-simple"},"_links":{"self":[{"href":"https:\/\/www.swedcham.com.br\/en\/wp-json\/wp\/v2\/product\/28137","targetHints":{"allow":["GET"]}}],"collection":[{"href":"https:\/\/www.swedcham.com.br\/en\/wp-json\/wp\/v2\/product"}],"about":[{"href":"https:\/\/www.swedcham.com.br\/en\/wp-json\/wp\/v2\/types\/product"}],"wp:featuredmedia":[{"embeddable":true,"href":"https:\/\/www.swedcham.com.br\/en\/wp-json\/wp\/v2\/media\/28209"}],"wp:attachment":[{"href":"https:\/\/www.swedcham.com.br\/en\/wp-json\/wp\/v2\/media?parent=28137"}],"wp:term":[{"taxonomy":"product_brand","embeddable":true,"href":"https:\/\/www.swedcham.com.br\/en\/wp-json\/wp\/v2\/product_brand?post=28137"},{"taxonomy":"product_cat","embeddable":true,"href":"https:\/\/www.swedcham.com.br\/en\/wp-json\/wp\/v2\/product_cat?post=28137"},{"taxonomy":"product_tag","embeddable":true,"href":"https:\/\/www.swedcham.com.br\/en\/wp-json\/wp\/v2\/product_tag?post=28137"}],"curies":[{"name":"wp","href":"https:\/\/api.w.org\/{rel}","templated":true}]}}