{"id":28127,"date":"2025-01-08T13:49:13","date_gmt":"2025-01-08T16:49:13","guid":{"rendered":"https:\/\/www.swedcham.com.br\/?post_type=product&#038;p=28127"},"modified":"2025-01-14T10:58:05","modified_gmt":"2025-01-14T13:58:05","slug":"members-happy-hour","status":"publish","type":"product","link":"https:\/\/www.swedcham.com.br\/en\/product\/our-events\/members-happy-hour\/","title":{"rendered":"Members Happy Hour!"},"content":{"rendered":"\n<figure class=\"wp-block-image size-large is-resized\"><a href=\"https:\/\/www.swedcham.com.br\/wp-content\/uploads\/2024\/12\/1-1.png\"><img loading=\"lazy\" decoding=\"async\" width=\"1024\" height=\"287\" src=\"https:\/\/www.swedcham.com.br\/wp-content\/uploads\/2024\/12\/1-1-1024x287.png\" alt=\"\" class=\"wp-image-28123\" style=\"width:703px;height:auto\" srcset=\"https:\/\/www.swedcham.com.br\/wp-content\/uploads\/2024\/12\/1-1-1024x287.png 1024w, https:\/\/www.swedcham.com.br\/wp-content\/uploads\/2024\/12\/1-1-300x84.png 300w, https:\/\/www.swedcham.com.br\/wp-content\/uploads\/2024\/12\/1-1-768x215.png 768w, https:\/\/www.swedcham.com.br\/wp-content\/uploads\/2024\/12\/1-1-1536x431.png 1536w, https:\/\/www.swedcham.com.br\/wp-content\/uploads\/2024\/12\/1-1-2048x574.png 2048w, https:\/\/www.swedcham.com.br\/wp-content\/uploads\/2024\/12\/1-1-600x168.png 600w\" sizes=\"auto, (max-width: 1024px) 100vw, 1024px\" \/><\/a><\/figure>\n\n\n\n<p><\/p>\n\n\n\n<p><strong>Caros colegas e amigos,<\/strong><br><br>Esperamos que todos tenham tido um in\u00edcio de ano maravilhoso!<br>Retomando nossas atividades, estamos animados para come\u00e7ar 2025&nbsp;com o p\u00e9 direito!<br>E para celebrar este novo in\u00edcio e fortalecer nossas conex\u00f5es profissionais, convidamos voc\u00ea para um Happy Hour de Networking.<br>Venha ampliar sua rede de contatos, conhecer&nbsp;profissionais de diversas \u00e1reas e expandir&nbsp;suas oportunidades de colabora\u00e7\u00e3o.<\/p>\n\n\n\n<p>Teremos petiscos e bebidas, para garantir que a noite seja agrad\u00e1vel para todos.\u00a0<br><strong>Estamos ansiosos para encontr\u00e1-los\u00a0e come\u00e7ar o ano juntos, fortalecendo la\u00e7os e criando novas oportunidades!<\/strong><\/p>\n\n\n\n<p><strong>Quando:<\/strong><br>Quinta-feira, 06 de fevereiro \u00e0 partir das 18h30<\/p>\n\n\n\n<p><strong>Onde:<\/strong><br>Swedcham \u2013 Rua Oscar Freire, 379 \u2013 cj 121&nbsp;<\/p>\n\n\n\n<p><strong>Estacionamento:<\/strong><br>Recomendamos o estacionamento do Hotel Regent Park \u2013 Rua Oscar Freire, 533.<br><br><strong>Investimento:<\/strong><br>Gratuito para associados da Swedcham<br><br><strong>RSVP:<\/strong>&nbsp;by 04\/02<br>eventos@swedcham.com.br<\/p>\n","protected":false},"excerpt":{"rendered":"<p>Caros colegas e amigos, Esperamos que todos tenham tido um in\u00edcio de ano maravilhoso!Retomando nossas atividades, estamos animados para come\u00e7ar<\/p>\n","protected":false},"featured_media":28151,"template":"","meta":[],"product_brand":[],"product_cat":[228],"product_tag":[],"class_list":{"0":"post-28127","1":"product","2":"type-product","3":"status-publish","4":"has-post-thumbnail","6":"product_cat-our-events","8":"first","9":"instock","10":"shipping-taxable","11":"purchasable","12":"product-type-variable"},"_links":{"self":[{"href":"https:\/\/www.swedcham.com.br\/en\/wp-json\/wp\/v2\/product\/28127","targetHints":{"allow":["GET"]}}],"collection":[{"href":"https:\/\/www.swedcham.com.br\/en\/wp-json\/wp\/v2\/product"}],"about":[{"href":"https:\/\/www.swedcham.com.br\/en\/wp-json\/wp\/v2\/types\/product"}],"wp:featuredmedia":[{"embeddable":true,"href":"https:\/\/www.swedcham.com.br\/en\/wp-json\/wp\/v2\/media\/28151"}],"wp:attachment":[{"href":"https:\/\/www.swedcham.com.br\/en\/wp-json\/wp\/v2\/media?parent=28127"}],"wp:term":[{"taxonomy":"product_brand","embeddable":true,"href":"https:\/\/www.swedcham.com.br\/en\/wp-json\/wp\/v2\/product_brand?post=28127"},{"taxonomy":"product_cat","embeddable":true,"href":"https:\/\/www.swedcham.com.br\/en\/wp-json\/wp\/v2\/product_cat?post=28127"},{"taxonomy":"product_tag","embeddable":true,"href":"https:\/\/www.swedcham.com.br\/en\/wp-json\/wp\/v2\/product_tag?post=28127"}],"curies":[{"name":"wp","href":"https:\/\/api.w.org\/{rel}","templated":true}]}}