{"id":28116,"date":"2024-12-10T08:58:57","date_gmt":"2024-12-10T11:58:57","guid":{"rendered":"https:\/\/www.swedcham.com.br\/?post_type=product&#038;p=28116"},"modified":"2024-12-12T09:04:07","modified_gmt":"2024-12-12T12:04:07","slug":"recesso","status":"publish","type":"product","link":"https:\/\/www.swedcham.com.br\/en\/product\/our-events\/recesso\/","title":{"rendered":""},"content":{"rendered":"\n<p>A Swedcham entrar\u00e1 em recesso de 21 de dezembro a 02 de janeiro.<br>Durante esse per\u00edodo, convidamos voc\u00ea a explorar os melhores momentos do ano<br>em nosso canal do YouTube, onde voc\u00ea encontra os melhores eventos h\u00edbridos<br>que fizemos durante 2024.<br><strong>Agradecemos pela parceria e desejamos um excelente fim de ano!<\/strong><\/p>\n\n\n\n<p><\/p>\n\n\n\n<p>Swedcham will be closed from December 21st to January 2nd.<br>During this period, we invite you to explore the best moments of the year<br>on our YouTube channel, where you will find the best hybrid events<br>we have held during 2024.<br><strong>We thank you for your partnership and wish you a wonderful end of the year!<\/strong><\/p>\n\n\n\n<p><\/p>\n","protected":false},"excerpt":{"rendered":"<p>A Swedcham entrar\u00e1 em recesso de 21 de dezembro a 02 de janeiro.Durante esse per\u00edodo, convidamos voc\u00ea a explorar os<\/p>\n","protected":false},"featured_media":28120,"template":"","meta":[],"product_brand":[],"product_cat":[228],"product_tag":[],"class_list":{"0":"post-28116","1":"product","2":"type-product","3":"status-publish","4":"has-post-thumbnail","6":"product_cat-our-events","8":"first","9":"instock","10":"shipping-taxable","11":"product-type-simple"},"_links":{"self":[{"href":"https:\/\/www.swedcham.com.br\/en\/wp-json\/wp\/v2\/product\/28116","targetHints":{"allow":["GET"]}}],"collection":[{"href":"https:\/\/www.swedcham.com.br\/en\/wp-json\/wp\/v2\/product"}],"about":[{"href":"https:\/\/www.swedcham.com.br\/en\/wp-json\/wp\/v2\/types\/product"}],"wp:featuredmedia":[{"embeddable":true,"href":"https:\/\/www.swedcham.com.br\/en\/wp-json\/wp\/v2\/media\/28120"}],"wp:attachment":[{"href":"https:\/\/www.swedcham.com.br\/en\/wp-json\/wp\/v2\/media?parent=28116"}],"wp:term":[{"taxonomy":"product_brand","embeddable":true,"href":"https:\/\/www.swedcham.com.br\/en\/wp-json\/wp\/v2\/product_brand?post=28116"},{"taxonomy":"product_cat","embeddable":true,"href":"https:\/\/www.swedcham.com.br\/en\/wp-json\/wp\/v2\/product_cat?post=28116"},{"taxonomy":"product_tag","embeddable":true,"href":"https:\/\/www.swedcham.com.br\/en\/wp-json\/wp\/v2\/product_tag?post=28116"}],"curies":[{"name":"wp","href":"https:\/\/api.w.org\/{rel}","templated":true}]}}