{"id":28089,"date":"2024-10-25T11:15:47","date_gmt":"2024-10-25T14:15:47","guid":{"rendered":"https:\/\/www.swedcham.com.br\/?post_type=product&#038;p=28089"},"modified":"2024-11-27T11:17:52","modified_gmt":"2024-11-27T14:17:52","slug":"reforma-tributaria-e-pillar-02","status":"publish","type":"product","link":"https:\/\/www.swedcham.com.br\/en\/product\/our-events\/reforma-tributaria-e-pillar-02\/","title":{"rendered":"Reforma Tribut\u00e1ria e Pillar 02"},"content":{"rendered":"\n<figure class=\"wp-block-image size-full\"><a href=\"https:\/\/www.swedcham.com.br\/wp-content\/uploads\/2024\/11\/rt.png\"><img loading=\"lazy\" decoding=\"async\" width=\"600\" height=\"300\" src=\"https:\/\/www.swedcham.com.br\/wp-content\/uploads\/2024\/11\/rt.png\" alt=\"\" class=\"wp-image-28085\" srcset=\"https:\/\/www.swedcham.com.br\/wp-content\/uploads\/2024\/11\/rt.png 600w, https:\/\/www.swedcham.com.br\/wp-content\/uploads\/2024\/11\/rt-300x150.png 300w\" sizes=\"auto, (max-width: 600px) 100vw, 600px\" \/><\/a><\/figure>\n\n\n\n<p>N\u00e3o perca, dia 04 de Dezembro &#8211; Quarta-Feira, o evento&nbsp;<strong>&#8220;Reforma Tribut\u00e1ria e Pillar 02&#8221;.<\/strong><\/p>\n\n\n\n<p>Entenda melhor sobre as recentes mudan\u00e7as no sistema tribut\u00e1rio brasileiro e a introdu\u00e7\u00e3o das normas de Pillar 02 da OCDE, que prop\u00f5e uma al\u00edquota m\u00ednima global de tributa\u00e7\u00e3o sobre a renda.<\/p>\n\n\n\n<p>Ser\u00e3o comentados os principais aspectos das regras globais, a novas normas brasileiras e os desafios de implementa\u00e7\u00e3o tendo em vista as especificidades da legisla\u00e7\u00e3o dom\u00e9stica.<\/p>\n\n\n\n<p><strong>Clique no bot\u00e3o abaixo e participe.<\/strong><\/p>\n\n\n\n<div class=\"wp-block-buttons is-layout-flex wp-block-buttons-is-layout-flex\">\n<div class=\"wp-block-button has-custom-width wp-block-button__width-75\"><a class=\"wp-block-button__link has-luminous-vivid-orange-background-color has-background wp-element-button\" href=\"https:\/\/dutcham.glueup.com\/event\/reforma-tribut%C3%A1ria-e-pillar-02-126177\/register\/?pk_campaign=Lembrete+%7C+Reforma+Tribut%C3%A1ria+e+Pillar+02&amp;pk_cid=331879&amp;pk_kwd=331879&amp;pk_medium=event-campaign\">Confirme sua presen\u00e7a!<\/a><\/div>\n<\/div>\n\n\n\n<p><\/p>\n\n\n\n<p><strong>Organizadores:<\/strong><\/p>\n\n\n\n<figure class=\"wp-block-image size-full is-resized\"><a href=\"https:\/\/www.swedcham.com.br\/wp-content\/uploads\/2024\/11\/BABB.png\"><img loading=\"lazy\" decoding=\"async\" width=\"719\" height=\"135\" src=\"https:\/\/www.swedcham.com.br\/wp-content\/uploads\/2024\/11\/BABB.png\" alt=\"\" class=\"wp-image-28087\" style=\"width:654px;height:auto\" srcset=\"https:\/\/www.swedcham.com.br\/wp-content\/uploads\/2024\/11\/BABB.png 719w, https:\/\/www.swedcham.com.br\/wp-content\/uploads\/2024\/11\/BABB-300x56.png 300w, https:\/\/www.swedcham.com.br\/wp-content\/uploads\/2024\/11\/BABB-600x113.png 600w\" sizes=\"auto, (max-width: 719px) 100vw, 719px\" \/><\/a><\/figure>\n\n\n\n<p><strong>Apoio: <\/strong><\/p>\n\n\n\n<figure class=\"wp-block-image size-full is-resized\"><a href=\"https:\/\/www.swedcham.com.br\/wp-content\/uploads\/2021\/09\/Logo-Swedcham-CS3.svg\"><img decoding=\"async\" src=\"https:\/\/www.swedcham.com.br\/wp-content\/uploads\/2021\/09\/Logo-Swedcham-CS3.svg\" alt=\"\" class=\"wp-image-23827\" style=\"width:237px;height:auto\"\/><\/a><\/figure>\n\n\n\n<p><\/p>\n","protected":false},"excerpt":{"rendered":"<p>N\u00e3o perca, dia 04 de Dezembro &#8211; Quarta-Feira, o evento&nbsp;&#8220;Reforma Tribut\u00e1ria e Pillar 02&#8221;. Entenda melhor sobre as recentes mudan\u00e7as<\/p>\n","protected":false},"featured_media":28091,"template":"","meta":[],"product_brand":[],"product_cat":[228],"product_tag":[],"class_list":{"0":"post-28089","1":"product","2":"type-product","3":"status-publish","4":"has-post-thumbnail","6":"product_cat-our-events","8":"first","9":"instock","10":"shipping-taxable","11":"product-type-simple"},"_links":{"self":[{"href":"https:\/\/www.swedcham.com.br\/en\/wp-json\/wp\/v2\/product\/28089","targetHints":{"allow":["GET"]}}],"collection":[{"href":"https:\/\/www.swedcham.com.br\/en\/wp-json\/wp\/v2\/product"}],"about":[{"href":"https:\/\/www.swedcham.com.br\/en\/wp-json\/wp\/v2\/types\/product"}],"wp:featuredmedia":[{"embeddable":true,"href":"https:\/\/www.swedcham.com.br\/en\/wp-json\/wp\/v2\/media\/28091"}],"wp:attachment":[{"href":"https:\/\/www.swedcham.com.br\/en\/wp-json\/wp\/v2\/media?parent=28089"}],"wp:term":[{"taxonomy":"product_brand","embeddable":true,"href":"https:\/\/www.swedcham.com.br\/en\/wp-json\/wp\/v2\/product_brand?post=28089"},{"taxonomy":"product_cat","embeddable":true,"href":"https:\/\/www.swedcham.com.br\/en\/wp-json\/wp\/v2\/product_cat?post=28089"},{"taxonomy":"product_tag","embeddable":true,"href":"https:\/\/www.swedcham.com.br\/en\/wp-json\/wp\/v2\/product_tag?post=28089"}],"curies":[{"name":"wp","href":"https:\/\/api.w.org\/{rel}","templated":true}]}}