{"id":28003,"date":"2024-10-31T10:59:04","date_gmt":"2024-10-31T13:59:04","guid":{"rendered":"https:\/\/www.swedcham.com.br\/?post_type=product&#038;p=28003"},"modified":"2024-11-25T11:02:24","modified_gmt":"2024-11-25T14:02:24","slug":"milk-donation-campaign-2024","status":"publish","type":"product","link":"https:\/\/www.swedcham.com.br\/en\/product\/our-events\/milk-donation-campaign-2024\/","title":{"rendered":"Campanha de Doa\u00e7\u00e3o de Leite 2024!"},"content":{"rendered":"\n<figure class=\"wp-block-image size-full is-resized\"><a href=\"https:\/\/www.youtube.com\/watch?v=JWk2oIR4fpY\"><img loading=\"lazy\" decoding=\"async\" width=\"600\" height=\"373\" src=\"https:\/\/www.swedcham.com.br\/wp-content\/uploads\/2024\/10\/Milk.png\" alt=\"\" class=\"wp-image-27999\" style=\"width:726px;height:auto\" srcset=\"https:\/\/www.swedcham.com.br\/wp-content\/uploads\/2024\/10\/Milk.png 600w, https:\/\/www.swedcham.com.br\/wp-content\/uploads\/2024\/10\/Milk-300x187.png 300w\" sizes=\"auto, (max-width: 600px) 100vw, 600px\" \/><\/a><\/figure>\n\n\n\n<p class=\"has-small-font-size\"><strong>Lan\u00e7amos oficialmente a Campanha de Doa\u00e7\u00e3o de Leite 2024!<\/strong><br><br>Recentemente, o Brasil voltou ao Mapa da Fome da ONU e 33% dos brasileiros ainda vivem em grave inseguran\u00e7a alimentar. N\u00e3o podemos sentar e assistir, por isso estamos agindo.<br><br>A boa not\u00edcia \u00e9 que este ano estamos nos unindo \u00e0 Dutcham em uma iniciativa comovente e necess\u00e1ria. Empresas suecas e holandesas e seus funcion\u00e1rios unir\u00e3o for\u00e7as e promover\u00e3o sa\u00fade e boa nutri\u00e7\u00e3o no Brasil.<br><br>Apelamos a todas as nossas empresas para que doem e fa\u00e7am a diferen\u00e7a para milhares de fam\u00edlias necessitadas.<br><br><strong>Al\u00e9m disso, VOC\u00ca como indiv\u00edduo pode fazer a diferen\u00e7a. Porque cada gota conta!<\/strong><br><br>Fa\u00e7a hoje mesmo uma doa\u00e7\u00e3o pessoal via PIX. A cada doa\u00e7\u00e3o de no m\u00ednimo R$ 60 voc\u00ea ajuda diretamente uma fam\u00edlia carente com 12 litros de leite, mas tamb\u00e9m tem a chance de ganhar uma passagem a\u00e9rea da KLM para Amsterd\u00e3. Quanto mais doa\u00e7\u00f5es, mais fam\u00edlias apoiadas e mais chances de voc\u00ea ganhar!<br><br>Juntos queremos dobrar o resultado do ano passado e chegar a 160 mil litros de leite, ajudando mais de 13,5 mil fam\u00edlias necessitadas.<\/p>\n\n\n\n<figure class=\"wp-block-image size-full is-resized\"><a href=\"https:\/\/bancodealimentos.colabore.org\/dutcham\/single_step\"><img loading=\"lazy\" decoding=\"async\" width=\"707\" height=\"300\" src=\"https:\/\/www.swedcham.com.br\/wp-content\/uploads\/2024\/10\/3.jpg\" alt=\"\" class=\"wp-image-28001\" style=\"width:748px;height:auto\" srcset=\"https:\/\/www.swedcham.com.br\/wp-content\/uploads\/2024\/10\/3.jpg 707w, https:\/\/www.swedcham.com.br\/wp-content\/uploads\/2024\/10\/3-300x127.jpg 300w, https:\/\/www.swedcham.com.br\/wp-content\/uploads\/2024\/10\/3-600x255.jpg 600w\" sizes=\"auto, (max-width: 707px) 100vw, 707px\" \/><\/a><\/figure>\n\n\n\n<p>As doa\u00e7\u00f5es estar\u00e3o abertas de 21\/10 \u00a0a 06\/12, exclusivamente para residentes dos estados do RJ e SP. Veja condi\u00e7\u00f5es de participa\u00e7\u00e3o no regulamento completo em https:\/\/www.dutcham.com.br\/milk. Certificado de Autoriza\u00e7\u00e3o SPA 01.036619\/2024.<\/p>\n","protected":false},"excerpt":{"rendered":"<p>Lan\u00e7amos oficialmente a Campanha de Doa\u00e7\u00e3o de Leite 2024! Recentemente, o Brasil voltou ao Mapa da Fome da ONU e<\/p>\n","protected":false},"featured_media":28008,"template":"","meta":[],"product_brand":[],"product_cat":[228],"product_tag":[],"class_list":{"0":"post-28003","1":"product","2":"type-product","3":"status-publish","4":"has-post-thumbnail","6":"product_cat-our-events","8":"first","9":"instock","10":"shipping-taxable","11":"product-type-simple"},"_links":{"self":[{"href":"https:\/\/www.swedcham.com.br\/en\/wp-json\/wp\/v2\/product\/28003","targetHints":{"allow":["GET"]}}],"collection":[{"href":"https:\/\/www.swedcham.com.br\/en\/wp-json\/wp\/v2\/product"}],"about":[{"href":"https:\/\/www.swedcham.com.br\/en\/wp-json\/wp\/v2\/types\/product"}],"wp:featuredmedia":[{"embeddable":true,"href":"https:\/\/www.swedcham.com.br\/en\/wp-json\/wp\/v2\/media\/28008"}],"wp:attachment":[{"href":"https:\/\/www.swedcham.com.br\/en\/wp-json\/wp\/v2\/media?parent=28003"}],"wp:term":[{"taxonomy":"product_brand","embeddable":true,"href":"https:\/\/www.swedcham.com.br\/en\/wp-json\/wp\/v2\/product_brand?post=28003"},{"taxonomy":"product_cat","embeddable":true,"href":"https:\/\/www.swedcham.com.br\/en\/wp-json\/wp\/v2\/product_cat?post=28003"},{"taxonomy":"product_tag","embeddable":true,"href":"https:\/\/www.swedcham.com.br\/en\/wp-json\/wp\/v2\/product_tag?post=28003"}],"curies":[{"name":"wp","href":"https:\/\/api.w.org\/{rel}","templated":true}]}}