{"id":27989,"date":"2024-10-30T09:59:07","date_gmt":"2024-10-30T12:59:07","guid":{"rendered":"https:\/\/www.swedcham.com.br\/?post_type=product&#038;p=27989"},"modified":"2024-11-22T10:49:58","modified_gmt":"2024-11-22T13:49:58","slug":"cuide-da-sua-saude-mental-e-melhore-seus-resultados","status":"publish","type":"product","link":"https:\/\/www.swedcham.com.br\/en\/product\/our-events\/cuide-da-sua-saude-mental-e-melhore-seus-resultados\/","title":{"rendered":"CUIDE DA\u00a0SUA SA\u00daDE MENTAL E MELHORE SEUS RESULTADOS!"},"content":{"rendered":"\n<p>A Swedcham e parceria com a empresa associada <em>ClickAula <\/em>convidam para o webinar:<\/p>\n\n\n\n<p><strong>CUIDE DA&nbsp;SUA SA\u00daDE MENTAL E MELHORE SEUS RESULTADOS!<\/strong><\/p>\n\n\n\n<figure class=\"wp-block-embed is-type-video is-provider-youtube wp-block-embed-youtube wp-embed-aspect-16-9 wp-has-aspect-ratio\"><div class=\"wp-block-embed__wrapper\">\n<iframe loading=\"lazy\" title=\"CUIDE DA SUA SA\u00daDE MENTAL E MELHORE SEUS RESULTADOS!\" width=\"640\" height=\"360\" src=\"https:\/\/www.youtube.com\/embed\/G0X7Jd5SZIw?feature=oembed\" frameborder=\"0\" allow=\"accelerometer; autoplay; clipboard-write; encrypted-media; gyroscope; picture-in-picture; web-share\" referrerpolicy=\"strict-origin-when-cross-origin\" allowfullscreen><\/iframe>\n<\/div><\/figure>\n\n\n\n<p><strong>Neste webinar, voc\u00ea ir\u00e1:<\/strong><br><br>\u2022 <strong>Obter insights:<\/strong> Entender as \u00faltimas tend\u00eancias e desafios em torno da sa\u00fade mental e seu impacto na empresa<br>\u2022 <strong>Aprender estrat\u00e9gias pr\u00e1ticas:<\/strong> Descobrir t\u00e9cnicas para dar suporte \u00e0 sa\u00fade mental da sua equipe, desde promover a comunica\u00e7\u00e3o aberta at\u00e9 implementar sistemas de suporte eficazes<br>.\u2022 <strong>Aumentar o engajamento dos funcion\u00e1rios:<\/strong> Descobrir como investir no bem-estar mental pode levar ao aumento da moral, redu\u00e7\u00e3o do absente\u00edsmo e maiores taxas de reten\u00e7\u00e3o.<br>\u2022 <strong>Fazer networking com colegas:<\/strong> Conectar-se com outros l\u00edderes que compartilham seu interesse em criar ambientes de trabalho saud\u00e1veis.<\/p>\n\n\n\n<div class=\"wp-block-media-text is-stacked-on-mobile\" style=\"grid-template-columns:22% auto\"><figure class=\"wp-block-media-text__media\"><img loading=\"lazy\" decoding=\"async\" width=\"228\" height=\"221\" src=\"https:\/\/www.swedcham.com.br\/wp-content\/uploads\/2024\/10\/Fran.jpeg\" alt=\"\" class=\"wp-image-27987 size-full\"\/><\/figure><div class=\"wp-block-media-text__content\">\n<p class=\"has-small-font-size\"><strong>Psic\u00f3loga Francine Munhoz&nbsp;<\/strong><br>Formada em Psicologia, tem especializa\u00e7\u00e3o em Psicologia Cl\u00ednica Gest\u00e1ltica. Tamb\u00e9m possui p\u00f3s-gradua\u00e7\u00e3o em Doc\u00eancia para a Educa\u00e7\u00e3o Profissional, e p\u00f3s-gradua\u00e7\u00e3o em Orienta\u00e7\u00e3o Profissional e de Carreira.&nbsp;Especialista em Transtornos de Humor, \u00e9&nbsp;professora em Cursos de Jovem Aprendiz pela Funda\u00e7\u00e3o Bradesco\/SP.&nbsp;Tamb\u00e9m \u00e9&nbsp;parceira na ClickAula &#8211; uma plataforma de aulas extracurriculares online ao vivo &#8211; realizando encontros com os professores.<\/p>\n<\/div><\/div>\n\n\n\n<p><\/p>\n\n\n\n<p><\/p>\n","protected":false},"excerpt":{"rendered":"<p>A Swedcham e parceria com a empresa associada ClickAula convidam para o webinar: CUIDE DA&nbsp;SUA SA\u00daDE MENTAL E MELHORE SEUS<\/p>\n","protected":false},"featured_media":27993,"template":"","meta":[],"product_brand":[],"product_cat":[228],"product_tag":[],"class_list":{"0":"post-27989","1":"product","2":"type-product","3":"status-publish","4":"has-post-thumbnail","6":"product_cat-our-events","8":"first","9":"instock","10":"shipping-taxable","11":"product-type-simple"},"_links":{"self":[{"href":"https:\/\/www.swedcham.com.br\/en\/wp-json\/wp\/v2\/product\/27989","targetHints":{"allow":["GET"]}}],"collection":[{"href":"https:\/\/www.swedcham.com.br\/en\/wp-json\/wp\/v2\/product"}],"about":[{"href":"https:\/\/www.swedcham.com.br\/en\/wp-json\/wp\/v2\/types\/product"}],"wp:featuredmedia":[{"embeddable":true,"href":"https:\/\/www.swedcham.com.br\/en\/wp-json\/wp\/v2\/media\/27993"}],"wp:attachment":[{"href":"https:\/\/www.swedcham.com.br\/en\/wp-json\/wp\/v2\/media?parent=27989"}],"wp:term":[{"taxonomy":"product_brand","embeddable":true,"href":"https:\/\/www.swedcham.com.br\/en\/wp-json\/wp\/v2\/product_brand?post=27989"},{"taxonomy":"product_cat","embeddable":true,"href":"https:\/\/www.swedcham.com.br\/en\/wp-json\/wp\/v2\/product_cat?post=27989"},{"taxonomy":"product_tag","embeddable":true,"href":"https:\/\/www.swedcham.com.br\/en\/wp-json\/wp\/v2\/product_tag?post=27989"}],"curies":[{"name":"wp","href":"https:\/\/api.w.org\/{rel}","templated":true}]}}