{"id":27911,"date":"2024-10-30T10:01:21","date_gmt":"2024-10-30T13:01:21","guid":{"rendered":"https:\/\/www.swedcham.com.br\/?post_type=product&#038;p=27911"},"modified":"2024-10-30T10:01:24","modified_gmt":"2024-10-30T13:01:24","slug":"career-fair-2024","status":"publish","type":"product","link":"https:\/\/www.swedcham.com.br\/en\/product\/our-events\/career-fair-2024\/","title":{"rendered":"Sweden-Brazil Career Fair 2024"},"content":{"rendered":"\n<figure class=\"wp-block-image size-full is-resized\"><a href=\"https:\/\/www.swedcham.com.br\/wp-content\/uploads\/2024\/10\/NewsletterCAREERFAIR2024-1.png\"><img loading=\"lazy\" decoding=\"async\" width=\"794\" height=\"1980\" src=\"https:\/\/www.swedcham.com.br\/wp-content\/uploads\/2024\/10\/NewsletterCAREERFAIR2024-1.png\" alt=\"\" class=\"wp-image-27994\" style=\"width:759px;height:auto\" srcset=\"https:\/\/www.swedcham.com.br\/wp-content\/uploads\/2024\/10\/NewsletterCAREERFAIR2024-1.png 794w, https:\/\/www.swedcham.com.br\/wp-content\/uploads\/2024\/10\/NewsletterCAREERFAIR2024-1-120x300.png 120w, https:\/\/www.swedcham.com.br\/wp-content\/uploads\/2024\/10\/NewsletterCAREERFAIR2024-1-411x1024.png 411w, https:\/\/www.swedcham.com.br\/wp-content\/uploads\/2024\/10\/NewsletterCAREERFAIR2024-1-768x1915.png 768w, https:\/\/www.swedcham.com.br\/wp-content\/uploads\/2024\/10\/NewsletterCAREERFAIR2024-1-616x1536.png 616w, https:\/\/www.swedcham.com.br\/wp-content\/uploads\/2024\/10\/NewsletterCAREERFAIR2024-1-600x1496.png 600w\" sizes=\"auto, (max-width: 794px) 100vw, 794px\" \/><\/a><\/figure>\n\n\n\n<p><\/p>\n\n\n\n<p>Se voc\u00ea sonha em estudar na Su\u00e9cia ou conhecer mais sobre as empresas suecas no Brasil, a <strong>Career Fair <\/strong>\u00e9 a oportunidade ideal para conversar com representantes que entendem a sua necessidade de investir na carreira.<\/p>\n\n\n\n<p>Os participantes poder\u00e3o tirar d\u00favidas sobre universidades, cursos oferecidos, assistir a palestras de&nbsp; especialistas, conversar com jovens que j\u00e1 estudaram na Su\u00e9cia, al\u00e9m de conhecer importantes empresas suecas estabelecidas no Brasil.<\/p>\n\n\n\n<p>As universidades suecas s\u00e3o conhecidas por sua qualidade acad\u00eamica, modernidade, m\u00e9todos pr\u00e1ticos e atendimento \u00e0s demandas atuais do mercado.<br><br>A feira tamb\u00e9m oferece uma apresenta\u00e7\u00e3o com a Embaixada e workshops com as empresas.<\/p>\n\n\n\n<p>N\u00e3o fique de fora desse evento com algumas&nbsp;das mais respeitadas universidades suecas e grandes empresas suecas no Brasil.<\/p>\n\n\n\n<p><br><strong>Bem-vindo! &#8211; Welcome! &#8211; V\u00e4lkomna!<\/strong><\/p>\n\n\n\n<p><\/p>\n\n\n\n<div class=\"wp-block-buttons is-layout-flex wp-block-buttons-is-layout-flex\">\n<div class=\"wp-block-button has-custom-width wp-block-button__width-75\"><a class=\"wp-block-button__link has-background wp-element-button\" href=\"https:\/\/docs.google.com\/forms\/d\/e\/1FAIpQLSdb1MtaaugGZmTJz1SH2YRabU48OAqB5kQ3C-cY2j0EvS72bw\/viewform\" style=\"background-color:#0b344c\">Clique aqui e confirme sua presen\u00e7a!<\/a><\/div>\n<\/div>\n\n\n\n<p><\/p>\n","protected":false},"excerpt":{"rendered":"<p>Se voc\u00ea sonha em estudar na Su\u00e9cia ou conhecer mais sobre as empresas suecas no Brasil, a Career Fair \u00e9<\/p>\n","protected":false},"featured_media":27910,"template":"","meta":[],"product_brand":[],"product_cat":[228],"product_tag":[],"class_list":{"0":"post-27911","1":"product","2":"type-product","3":"status-publish","4":"has-post-thumbnail","6":"product_cat-our-events","8":"first","9":"instock","10":"shipping-taxable","11":"product-type-simple"},"_links":{"self":[{"href":"https:\/\/www.swedcham.com.br\/en\/wp-json\/wp\/v2\/product\/27911","targetHints":{"allow":["GET"]}}],"collection":[{"href":"https:\/\/www.swedcham.com.br\/en\/wp-json\/wp\/v2\/product"}],"about":[{"href":"https:\/\/www.swedcham.com.br\/en\/wp-json\/wp\/v2\/types\/product"}],"wp:featuredmedia":[{"embeddable":true,"href":"https:\/\/www.swedcham.com.br\/en\/wp-json\/wp\/v2\/media\/27910"}],"wp:attachment":[{"href":"https:\/\/www.swedcham.com.br\/en\/wp-json\/wp\/v2\/media?parent=27911"}],"wp:term":[{"taxonomy":"product_brand","embeddable":true,"href":"https:\/\/www.swedcham.com.br\/en\/wp-json\/wp\/v2\/product_brand?post=27911"},{"taxonomy":"product_cat","embeddable":true,"href":"https:\/\/www.swedcham.com.br\/en\/wp-json\/wp\/v2\/product_cat?post=27911"},{"taxonomy":"product_tag","embeddable":true,"href":"https:\/\/www.swedcham.com.br\/en\/wp-json\/wp\/v2\/product_tag?post=27911"}],"curies":[{"name":"wp","href":"https:\/\/api.w.org\/{rel}","templated":true}]}}