{"id":27871,"date":"2024-10-09T09:47:02","date_gmt":"2024-10-09T12:47:02","guid":{"rendered":"https:\/\/www.swedcham.com.br\/?post_type=product&#038;p=27871"},"modified":"2024-10-09T09:47:04","modified_gmt":"2024-10-09T12:47:04","slug":"acima-de-tudo-estrategia-gestao-marketing-e-design","status":"publish","type":"product","link":"https:\/\/www.swedcham.com.br\/en\/product\/our-events\/acima-de-tudo-estrategia-gestao-marketing-e-design\/","title":{"rendered":"ACIMA DE TUDO\u00a9 &#8211; Estrat\u00e9gia, gest\u00e3o, marketing e design"},"content":{"rendered":"\n<p class=\"has-medium-font-size\"><strong>ACIMA DE TUDO\u00a9<br><br>Estrat\u00e9gia, gest\u00e3o, marketing e design para antecipar o futuro, entender seus clientes e fazer sua empresa crescer.<\/strong><\/p>\n\n\n\n<p>A empresa associada SONNE, em parceria com a Swedcham&nbsp;convidam&nbsp;voc\u00ea a participar da palestra sobre o livro\/conceito <em>ACIMA DE TUDO\u00a9<\/em>, de Max Bavaresco.<\/p>\n\n\n\n<p>O conceito autoral que ajudou grandes CEOs e Empres\u00e1rios a transformarem o futuro das suas empresas por meio de estrat\u00e9gia e metodologia.<br>A inspira\u00e7\u00e3o partiu de um livro que mostrava todos os detalhes da cidade de Chicago vistos do alto. Com isso, surgiu o insight e Max decidiu reunir seus mais de 15 anos e 40 mil horas de experi\u00eancia em consultoria para criar metodologias que auxiliassem o empres\u00e1rio a ter essa mesma sensa\u00e7\u00e3o\/vis\u00e3o panor\u00e2mica de suas empresas. Sendo poss\u00edvel enxergar do alto, longe do olho do furac\u00e3o;&nbsp;seus pontos fortes, pontos fracos, concorrentes e outros aspectos fundamentais para criar a estrat\u00e9gia ideal.<\/p>\n\n\n\n<div class=\"wp-block-media-text is-stacked-on-mobile\" style=\"grid-template-columns:24% auto\"><figure class=\"wp-block-media-text__media\"><img loading=\"lazy\" decoding=\"async\" width=\"461\" height=\"552\" src=\"https:\/\/www.swedcham.com.br\/wp-content\/uploads\/2024\/10\/max.jpg\" alt=\"\" class=\"wp-image-27867 size-full\" srcset=\"https:\/\/www.swedcham.com.br\/wp-content\/uploads\/2024\/10\/max.jpg 461w, https:\/\/www.swedcham.com.br\/wp-content\/uploads\/2024\/10\/max-251x300.jpg 251w\" sizes=\"auto, (max-width: 461px) 100vw, 461px\" \/><\/figure><div class=\"wp-block-media-text__content\">\n<p><\/p>\n\n\n\n<p><\/p>\n\n\n\n<p class=\"has-small-font-size\"><strong>Max Bavaresco- Fundador e CEO da SONNE<\/strong><\/p>\n\n\n\n<p class=\"has-small-font-size\">Um dos maiores estrategistas do Brasil, Fundador e CEO da SONNE Consultoria, autor do livro\/conceito ACIMA DE TUDO\u00a9 e criador da metodologia ESTRAT\u00c9GIA DOS 3 PILARES\u00a9. Possui mais de 30 anos de experi\u00eancia profissional e empresarial, dos quais 15 deles dedicados \u00e0 consultoria. A sua voca\u00e7\u00e3o \u00e9 antecipar o futuro e evoluir empresas, marcas e pessoas para alcan\u00e7arem seu potencial m\u00e1ximo.Ministrou aulas, palestras e mentorias na FAAP, FIA, FGV, HBR WEEK, HSM, INSPER, USP, entre outras.\u00a0Para saber mais acesse https:\/\/sonne.global\/<\/p>\n\n\n\n<p><\/p>\n\n\n\n<p><\/p>\n\n\n\n<p><\/p>\n\n\n\n<p><\/p>\n\n\n\n<p><\/p>\n<\/div><\/div>\n\n\n\n<p><\/p>\n\n\n\n<p><strong>Quando:<\/strong><br>Ter\u00e7a-feira, 15&nbsp;de outubro<br><br><strong>Agenda:<\/strong><\/p>\n\n\n\n<p>08:30 &#8211; Welcome coffee<br>09:00 &#8211; Palestra &#8211;&nbsp;Max Bavaresco- SONNE<br>10:00 &#8211; Q&amp;As<br>10:30 &#8211; Encerramento &#8211; Jonas Lindstr\u00f6m- Swedcham<\/p>\n\n\n\n<p><strong>Onde:<\/strong><br>Swedcham \u2013 Rua Oscar Freire, 379 \u2013 cj 121&nbsp;<\/p>\n\n\n\n<p><strong>Estacionamento:<\/strong><br>Recomendamos o estacionamento do Hotel Regent Park \u2013 Rua Oscar Freire, 533.<\/p>\n\n\n\n<div class=\"wp-block-buttons is-layout-flex wp-block-buttons-is-layout-flex\">\n<div class=\"wp-block-button has-custom-width wp-block-button__width-75 is-style-fill\"><a class=\"wp-block-button__link has-background wp-element-button\" href=\"https:\/\/docs.google.com\/forms\/d\/e\/1FAIpQLSeEerlpGLfMTWU8ikEvsYzxTkgFt74ZChUU6tr5QfAL0PILvg\/viewform?vc=0&amp;c=0&amp;w=1&amp;flr=0\" style=\"background-color:#092739\">Clique aqui e confirme sua presen\u00e7a!<\/a><\/div>\n<\/div>\n\n\n\n<p><\/p>\n","protected":false},"excerpt":{"rendered":"<p>ACIMA DE TUDO\u00a9 Estrat\u00e9gia, gest\u00e3o, marketing e design para antecipar o futuro, entender seus clientes e fazer sua empresa crescer.<\/p>\n","protected":false},"featured_media":27896,"template":"","meta":[],"product_brand":[],"product_cat":[228],"product_tag":[],"class_list":{"0":"post-27871","1":"product","2":"type-product","3":"status-publish","4":"has-post-thumbnail","6":"product_cat-our-events","8":"first","9":"instock","10":"shipping-taxable","11":"product-type-simple"},"_links":{"self":[{"href":"https:\/\/www.swedcham.com.br\/en\/wp-json\/wp\/v2\/product\/27871","targetHints":{"allow":["GET"]}}],"collection":[{"href":"https:\/\/www.swedcham.com.br\/en\/wp-json\/wp\/v2\/product"}],"about":[{"href":"https:\/\/www.swedcham.com.br\/en\/wp-json\/wp\/v2\/types\/product"}],"wp:featuredmedia":[{"embeddable":true,"href":"https:\/\/www.swedcham.com.br\/en\/wp-json\/wp\/v2\/media\/27896"}],"wp:attachment":[{"href":"https:\/\/www.swedcham.com.br\/en\/wp-json\/wp\/v2\/media?parent=27871"}],"wp:term":[{"taxonomy":"product_brand","embeddable":true,"href":"https:\/\/www.swedcham.com.br\/en\/wp-json\/wp\/v2\/product_brand?post=27871"},{"taxonomy":"product_cat","embeddable":true,"href":"https:\/\/www.swedcham.com.br\/en\/wp-json\/wp\/v2\/product_cat?post=27871"},{"taxonomy":"product_tag","embeddable":true,"href":"https:\/\/www.swedcham.com.br\/en\/wp-json\/wp\/v2\/product_tag?post=27871"}],"curies":[{"name":"wp","href":"https:\/\/api.w.org\/{rel}","templated":true}]}}