{"id":27777,"date":"2024-09-23T10:38:43","date_gmt":"2024-09-23T13:38:43","guid":{"rendered":"https:\/\/www.swedcham.com.br\/?post_type=product&#038;p=27777"},"modified":"2024-09-23T10:38:45","modified_gmt":"2024-09-23T13:38:45","slug":"e-se-eu-mudar-de-carreira","status":"publish","type":"product","link":"https:\/\/www.swedcham.com.br\/en\/product\/our-events\/e-se-eu-mudar-de-carreira\/","title":{"rendered":"Carreira em Movimento! Navegando mudan\u00e7as na sua jornada"},"content":{"rendered":"\n<p class=\"has-medium-font-size\"><strong>Carreira em Movimento! Navegando mudan\u00e7as na sua jornada<\/strong><br><\/p>\n\n\n\n<p>Enfrentar mudan\u00e7as de carreira pode ser desafiador, mas tamb\u00e9m profundamente transformador! \u00c9 nas transi\u00e7\u00f5es que profissionais t\u00eam a oportunidade de reconectar-se interiormente e de redirecionar suas habilidades e experi\u00eancias, descobrindo novas potencialidades e conquistando novos horizontes!<\/p>\n\n\n\n<p>Para explorar como ter sucesso nesta transforma\u00e7\u00e3o &#8211; o&nbsp;<strong>Comit\u00ea de Capital Humano&nbsp;<\/strong>da&nbsp;<strong>SWEDCHAM<\/strong>&nbsp;tem o privil\u00e9gio de receber:<\/p>\n\n\n\n<p><strong>In\u00eas Bog\u00e9a<\/strong>, Diretora da S\u00e3o Paulo Companhia de Dan\u00e7a; e&nbsp;<strong>Matheus Dellagnelo<\/strong>, velejador e CEO \/ Cofundador da&nbsp;<em>Indicium<\/em>; para um painel inovador e inspirador sobre &nbsp;desenvolvimento de carreira, dan\u00e7a, lideran\u00e7a, esporte e empreendedorismo &#8211; mediado por&nbsp;<strong>Carol B\u00f6ttcher<\/strong>&nbsp;(Coordenadora do HCC e Diretora da&nbsp;<em>BrainKapital Executive Search<\/em>).<\/p>\n\n\n\n<p>Toda mudan\u00e7a pode ser enriquecedora! Venha se inspirar com insights valiosos das trajet\u00f3rias de In\u00eas e Matheus!<\/p>\n\n\n\n<div class=\"wp-block-media-text is-stacked-on-mobile\" style=\"grid-template-columns:24% auto\"><figure class=\"wp-block-media-text__media\"><img loading=\"lazy\" decoding=\"async\" width=\"731\" height=\"1024\" src=\"https:\/\/www.swedcham.com.br\/wp-content\/uploads\/2024\/09\/Ines_Bogea_credito_MarceloMachado-1222-731x1024.jpg\" alt=\"\" class=\"wp-image-27773 size-full\" srcset=\"https:\/\/www.swedcham.com.br\/wp-content\/uploads\/2024\/09\/Ines_Bogea_credito_MarceloMachado-1222-731x1024.jpg 731w, https:\/\/www.swedcham.com.br\/wp-content\/uploads\/2024\/09\/Ines_Bogea_credito_MarceloMachado-1222-214x300.jpg 214w, https:\/\/www.swedcham.com.br\/wp-content\/uploads\/2024\/09\/Ines_Bogea_credito_MarceloMachado-1222-768x1075.jpg 768w, https:\/\/www.swedcham.com.br\/wp-content\/uploads\/2024\/09\/Ines_Bogea_credito_MarceloMachado-1222-600x840.jpg 600w, https:\/\/www.swedcham.com.br\/wp-content\/uploads\/2024\/09\/Ines_Bogea_credito_MarceloMachado-1222.jpg 800w\" sizes=\"auto, (max-width: 731px) 100vw, 731px\" \/><\/figure><div class=\"wp-block-media-text__content\">\n<p><\/p>\n\n\n\n<p><\/p>\n\n\n\n<p><strong>In\u00eas Bog\u00e9a<\/strong>&nbsp;\u00e9 uma l\u00edder multifacetada na dan\u00e7a e na educa\u00e7\u00e3o, com vasta experi\u00eancia na gest\u00e3o, cria\u00e7\u00e3o e implementa\u00e7\u00e3o de projetos culturais, sociais e educacionais de grande impacto. Desde 2008, atua como&nbsp;Diretora Art\u00edstica da S\u00e3o Paulo Companhia de Dan\u00e7a,&nbsp;criada pelo Governo do Estado de S\u00e3o Paulo, onde j\u00e1 dirigiu mais de&nbsp;1.300 espet\u00e1culos&nbsp;em&nbsp;19 pa\u00edses&nbsp;e recebeu&nbsp;38 pr\u00eamios e indica\u00e7\u00f5es internacionais. \u00c9 tamb\u00e9m&nbsp;Diretora Art\u00edstica e Educacional&nbsp;da&nbsp;S\u00e3o Paulo Escola de Dan\u00e7a&nbsp;e leciona na USP e na FURB. Foi respons\u00e1vel por iniciativas inovadoras, como a&nbsp;Mostra Internacional de Dan\u00e7a de SP, em parceria com o Ita\u00fa Cultural. Reconhecida com a&nbsp;Medalha Tarsila do Amaral, foi nomeada pela&nbsp;Critic&#8217;s Choice of Dance Europe&nbsp;e condecorada com o t\u00edtulo de&nbsp;Chavali\u00e8re de L&#8217;Ordre des Arts et des Lettres&nbsp;pelo&nbsp;Minist\u00e9rio da Cultura Franc\u00eas.&nbsp;<\/p>\n\n\n\n<p><\/p>\n\n\n\n<p><\/p>\n<\/div><\/div>\n\n\n\n<div class=\"wp-block-media-text is-stacked-on-mobile\" style=\"grid-template-columns:24% auto\"><figure class=\"wp-block-media-text__media\"><img loading=\"lazy\" decoding=\"async\" width=\"773\" height=\"1024\" src=\"https:\/\/www.swedcham.com.br\/wp-content\/uploads\/2024\/09\/Mat2-773x1024.png\" alt=\"\" class=\"wp-image-27775 size-full\" srcset=\"https:\/\/www.swedcham.com.br\/wp-content\/uploads\/2024\/09\/Mat2-773x1024.png 773w, https:\/\/www.swedcham.com.br\/wp-content\/uploads\/2024\/09\/Mat2-226x300.png 226w, https:\/\/www.swedcham.com.br\/wp-content\/uploads\/2024\/09\/Mat2-768x1018.png 768w, https:\/\/www.swedcham.com.br\/wp-content\/uploads\/2024\/09\/Mat2-600x795.png 600w, https:\/\/www.swedcham.com.br\/wp-content\/uploads\/2024\/09\/Mat2.png 800w\" sizes=\"auto, (max-width: 773px) 100vw, 773px\" \/><\/figure><div class=\"wp-block-media-text__content\">\n<p><\/p>\n\n\n\n<p><\/p>\n\n\n\n<p><\/p>\n\n\n\n<p><strong>Matheus Dellagnelo&nbsp;<\/strong>\u00e9 um&nbsp;talentoso velejador&nbsp;e&nbsp;empres\u00e1rio, com uma carreira marcada por&nbsp;competi\u00e7\u00f5es em alto n\u00edvel, incluindo&nbsp;duas participa\u00e7\u00f5es&nbsp;nos&nbsp;Jogos Pan-Americanos, onde conquistou&nbsp;medalhas de ouro&nbsp;em ambas as edi\u00e7\u00f5es. Formado em&nbsp;Engenharia de Materiais&nbsp;pela&nbsp;UFSC&nbsp;e com mestrado em&nbsp;Engineering Management&nbsp;pela&nbsp;University of Southern California, Matheus acumulou experi\u00eancia em empresas no Brasil e no exterior. Atualmente, \u00e9&nbsp;CEO e cofundador da Indicium, uma&nbsp;empresa global de servi\u00e7os de dados com sede em Nova York. Fundada h\u00e1 7 anos em Florian\u00f3polis, a Indicium hoje emprega mais de 300 pessoas&nbsp;no Brasil e nos EUA, e recentemente recebeu um&nbsp;investimento de USD 40 milh\u00f5es&nbsp;para se tornar a&nbsp;principal empresa de servi\u00e7os de dados moderna das Am\u00e9ricas.&nbsp;<\/p>\n\n\n\n<p><\/p>\n\n\n\n<p><\/p>\n<\/div><\/div>\n\n\n\n<p><\/p>\n\n\n\n<p><strong>Quando:<\/strong><br>Ter\u00e7a-feira, 24 de setembro<br><br><strong>Agenda:<\/strong><\/p>\n\n\n\n<p>16.30 &#8211; Welcome Coffee&nbsp;<\/p>\n\n\n\n<p>17.00 &#8211; Abertura &#8211; Jonas Lindstr\u00f6m &#8211; Diretor Executivo da Swedcham<\/p>\n\n\n\n<p>17.05 &#8211; Painel<\/p>\n\n\n\n<p>17:45 &#8211; Q&amp;A<\/p>\n\n\n\n<p>18.10 &#8211; Encerramento e Happy Hour<br><br><strong>Investimento:<\/strong><br>Associados &#8211; cortesia<br>N\u00e3o associados &#8211; entrar em contato com a Swedcham<\/p>\n\n\n\n<p><strong>Onde:<\/strong><br>Swedcham \u2013 Rua Oscar Freire, 379 \u2013 cj 121&nbsp;<\/p>\n\n\n\n<p><strong>Estacionamento:<\/strong><br>Recomendamos o estacionamento do Hotel Regent Park \u2013 Rua Oscar Freire, 533.<\/p>\n\n\n\n<div class=\"wp-block-buttons is-layout-flex wp-block-buttons-is-layout-flex\">\n<div class=\"wp-block-button\"><a class=\"wp-block-button__link has-background wp-element-button\" href=\"https:\/\/docs.google.com\/forms\/d\/e\/1FAIpQLScTZy3DcxoMgWzFNPoTo2R6A1CDDAR4u_me3qqgEaFNJbV3Bw\/viewform?vc=0&amp;c=0&amp;w=1&amp;flr=0\" style=\"background-color:#0f4463\">Clique aqui e confirme aqui sua presen\u00e7a!<\/a><\/div>\n<\/div>\n","protected":false},"excerpt":{"rendered":"<p>Carreira em Movimento! Navegando mudan\u00e7as na sua jornada Enfrentar mudan\u00e7as de carreira pode ser desafiador, mas tamb\u00e9m profundamente transformador! \u00c9<\/p>\n","protected":false},"featured_media":27808,"template":"","meta":[],"product_brand":[],"product_cat":[228],"product_tag":[],"class_list":{"0":"post-27777","1":"product","2":"type-product","3":"status-publish","4":"has-post-thumbnail","6":"product_cat-our-events","8":"first","9":"instock","10":"shipping-taxable","11":"product-type-simple"},"_links":{"self":[{"href":"https:\/\/www.swedcham.com.br\/en\/wp-json\/wp\/v2\/product\/27777","targetHints":{"allow":["GET"]}}],"collection":[{"href":"https:\/\/www.swedcham.com.br\/en\/wp-json\/wp\/v2\/product"}],"about":[{"href":"https:\/\/www.swedcham.com.br\/en\/wp-json\/wp\/v2\/types\/product"}],"wp:featuredmedia":[{"embeddable":true,"href":"https:\/\/www.swedcham.com.br\/en\/wp-json\/wp\/v2\/media\/27808"}],"wp:attachment":[{"href":"https:\/\/www.swedcham.com.br\/en\/wp-json\/wp\/v2\/media?parent=27777"}],"wp:term":[{"taxonomy":"product_brand","embeddable":true,"href":"https:\/\/www.swedcham.com.br\/en\/wp-json\/wp\/v2\/product_brand?post=27777"},{"taxonomy":"product_cat","embeddable":true,"href":"https:\/\/www.swedcham.com.br\/en\/wp-json\/wp\/v2\/product_cat?post=27777"},{"taxonomy":"product_tag","embeddable":true,"href":"https:\/\/www.swedcham.com.br\/en\/wp-json\/wp\/v2\/product_tag?post=27777"}],"curies":[{"name":"wp","href":"https:\/\/api.w.org\/{rel}","templated":true}]}}