{"id":27747,"date":"2024-08-15T18:20:02","date_gmt":"2024-08-15T21:20:02","guid":{"rendered":"https:\/\/www.swedcham.com.br\/?post_type=product&#038;p=27747"},"modified":"2024-08-29T11:33:24","modified_gmt":"2024-08-29T14:33:24","slug":"governanca-e-compliance-10-anos-da-lei-anticorrupcao-brasileira-e-seus-impactos-para-empresas-estrangeiras","status":"publish","type":"product","link":"https:\/\/www.swedcham.com.br\/en\/product\/our-events\/governanca-e-compliance-10-anos-da-lei-anticorrupcao-brasileira-e-seus-impactos-para-empresas-estrangeiras\/","title":{"rendered":"Governan\u00e7a e Compliance &#8211;\u00a010 anos da lei anticorrup\u00e7\u00e3o brasileira e seus impactos para empresas estrangeiras"},"content":{"rendered":"\n<figure class=\"wp-block-embed is-type-video is-provider-youtube wp-block-embed-youtube wp-embed-aspect-16-9 wp-has-aspect-ratio\"><div class=\"wp-block-embed__wrapper\">\n<iframe loading=\"lazy\" title=\"Governan\u00e7a e Compliance \u2013 10 anos da lei anticorrup\u00e7\u00e3o brasileira\" width=\"640\" height=\"360\" src=\"https:\/\/www.youtube.com\/embed\/4xd7xNMh020?feature=oembed\" frameborder=\"0\" allow=\"accelerometer; autoplay; clipboard-write; encrypted-media; gyroscope; picture-in-picture; web-share\" referrerpolicy=\"strict-origin-when-cross-origin\" allowfullscreen><\/iframe>\n<\/div><\/figure>\n\n\n\n<p>No dia 29\/08, \u00e0s 9 tivemos um bate-papo com o escrit\u00f3rio\u00a0<em><strong>Oliveira Paolucci <\/strong><\/em>sobre o tema Governan\u00e7a e Compliance. Este \u00e9 um tema cada vez mais presente na realidade\u00a0das empresas estrangeiras que investem no Brasil,\u00a0principalmente a partir da edi\u00e7\u00e3o da lei anticorrup\u00e7\u00e3o (lei n\u00b0 12.846, de 2013). O escrit\u00f3rio fez um balan\u00e7o sobre os 10 primeiros anos da lei, apresentando os principais aspectos nela abordados e alguns cases interessantes. Tamb\u00e9m discutiram a import\u00e2ncia de um bom programa de governan\u00e7a corporativa, a partir de seus principais pilares: integridade, transpar\u00eancia, equidade, responsabiliza\u00e7\u00e3o e sustentabilidade<\/p>\n\n\n\n<div class=\"wp-block-media-text is-stacked-on-mobile\" style=\"grid-template-columns:21% auto\"><figure class=\"wp-block-media-text__media\"><img loading=\"lazy\" decoding=\"async\" width=\"908\" height=\"1024\" src=\"https:\/\/www.swedcham.com.br\/wp-content\/uploads\/2024\/08\/Mirela-908x1024.png\" alt=\"\" class=\"wp-image-27745 size-full\" srcset=\"https:\/\/www.swedcham.com.br\/wp-content\/uploads\/2024\/08\/Mirela-908x1024.png 908w, https:\/\/www.swedcham.com.br\/wp-content\/uploads\/2024\/08\/Mirela-266x300.png 266w, https:\/\/www.swedcham.com.br\/wp-content\/uploads\/2024\/08\/Mirela-768x866.png 768w, https:\/\/www.swedcham.com.br\/wp-content\/uploads\/2024\/08\/Mirela-600x677.png 600w, https:\/\/www.swedcham.com.br\/wp-content\/uploads\/2024\/08\/Mirela.png 936w\" sizes=\"auto, (max-width: 908px) 100vw, 908px\" \/><\/figure><div class=\"wp-block-media-text__content\">\n<p><strong>Mirela Righetti &#8211;<\/strong>&nbsp;advogada com mais de 20 anos de experi\u00eancia em Direito Empresarial, com foco em quest\u00f5es de Direito Civil, Comercial e Internacional. Respons\u00e1vel pela implanta\u00e7\u00e3o do Departamento de Compliance da Comexport, maior&nbsp;<em>trading&nbsp;<\/em>de servi\u00e7os do Brasil e desde janeiro de 2024 com&nbsp;o&nbsp;OLP&nbsp;Advogados<\/p>\n<\/div><\/div>\n\n\n\n<p><\/p>\n","protected":false},"excerpt":{"rendered":"<p>No dia 29\/08, \u00e0s 9 tivemos um bate-papo com o escrit\u00f3rio\u00a0Oliveira Paolucci sobre o tema Governan\u00e7a e Compliance. Este \u00e9<\/p>\n","protected":false},"featured_media":27760,"template":"","meta":[],"product_brand":[],"product_cat":[228],"product_tag":[],"class_list":{"0":"post-27747","1":"product","2":"type-product","3":"status-publish","4":"has-post-thumbnail","6":"product_cat-our-events","8":"first","9":"instock","10":"shipping-taxable","11":"product-type-simple"},"_links":{"self":[{"href":"https:\/\/www.swedcham.com.br\/en\/wp-json\/wp\/v2\/product\/27747","targetHints":{"allow":["GET"]}}],"collection":[{"href":"https:\/\/www.swedcham.com.br\/en\/wp-json\/wp\/v2\/product"}],"about":[{"href":"https:\/\/www.swedcham.com.br\/en\/wp-json\/wp\/v2\/types\/product"}],"wp:featuredmedia":[{"embeddable":true,"href":"https:\/\/www.swedcham.com.br\/en\/wp-json\/wp\/v2\/media\/27760"}],"wp:attachment":[{"href":"https:\/\/www.swedcham.com.br\/en\/wp-json\/wp\/v2\/media?parent=27747"}],"wp:term":[{"taxonomy":"product_brand","embeddable":true,"href":"https:\/\/www.swedcham.com.br\/en\/wp-json\/wp\/v2\/product_brand?post=27747"},{"taxonomy":"product_cat","embeddable":true,"href":"https:\/\/www.swedcham.com.br\/en\/wp-json\/wp\/v2\/product_cat?post=27747"},{"taxonomy":"product_tag","embeddable":true,"href":"https:\/\/www.swedcham.com.br\/en\/wp-json\/wp\/v2\/product_tag?post=27747"}],"curies":[{"name":"wp","href":"https:\/\/api.w.org\/{rel}","templated":true}]}}