{"id":27736,"date":"2024-09-05T11:24:02","date_gmt":"2024-09-05T14:24:02","guid":{"rendered":"https:\/\/www.swedcham.com.br\/?post_type=product&#038;p=27736"},"modified":"2024-09-05T11:24:04","modified_gmt":"2024-09-05T14:24:04","slug":"empreendedorismo-riscos-e-rh-como-garantir-seus-investimentos-no-brasil","status":"publish","type":"product","link":"https:\/\/www.swedcham.com.br\/en\/product\/our-events\/empreendedorismo-riscos-e-rh-como-garantir-seus-investimentos-no-brasil\/","title":{"rendered":"Desarmar as armadilhas do mercado brasileiro: Chaves para prosperar em per\u00edodo de permacrise"},"content":{"rendered":"\n<p><strong>A empresa associada&nbsp;Telos Transition, em parceria com a Swedcham convidam para:<\/strong><\/p>\n\n\n\n<h2 class=\"wp-block-heading\"><strong>Desarmar as armadilhas do mercado brasileiro: Chaves para prosperar em per\u00edodo de permacrise<\/strong><\/h2>\n\n\n\n<p>O Brasil est\u00e1 de volta, mas em um mundo fr\u00e1gil, ansioso, n\u00e3o linear e incompreens\u00edvel, que conhece uma sucess\u00e3o de crises intermin\u00e1veis.<\/p>\n\n\n\n<p>Nessas condi\u00e7\u00f5es, como garantir que sua experi\u00eancia no Brasil seja um sucesso?<\/p>\n\n\n\n<p>Halifax Consulting, Telos e Velours International acumulam mais de 50 anos de experi\u00eancia no Brasil no apoio a empresas e seus executivos de alto n\u00edvel.<\/p>\n\n\n\n<p>Eles apresentar\u00e3o um panorama do ambiente em que o Brasil est\u00e1 inserido, destacando as ferramentas necess\u00e1rias para garantir o sucesso, colocando o fator humano no centro dos alavancadores\u201d<br><br><strong>Tr\u00eas temas ser\u00e3o abordados:<\/strong><br>Otimizar e transformar: Realizar o potencial de valor de sua organiza\u00e7\u00e3o por Halifax.<br>Proteger e assegurar seus ativos: Pessoas, bens, tecnologias e informa\u00e7\u00f5es, e gerenciar crises<br>por Velours.<br>Flexibilizar e gerenciar: Garantir o sucesso das transforma\u00e7\u00f5es e gerenciar da melhor forma as<br>situa\u00e7\u00f5es cr\u00edticas por Telos.<\/p>\n\n\n\n<div class=\"wp-block-media-text is-stacked-on-mobile\" style=\"grid-template-columns:24% auto\"><figure class=\"wp-block-media-text__media\"><img loading=\"lazy\" decoding=\"async\" width=\"200\" height=\"200\" src=\"https:\/\/www.swedcham.com.br\/wp-content\/uploads\/2024\/08\/Laurent-Serafini.jpeg\" alt=\"\" class=\"wp-image-27728 size-full\" srcset=\"https:\/\/www.swedcham.com.br\/wp-content\/uploads\/2024\/08\/Laurent-Serafini.jpeg 200w, https:\/\/www.swedcham.com.br\/wp-content\/uploads\/2024\/08\/Laurent-Serafini-150x150.jpeg 150w, https:\/\/www.swedcham.com.br\/wp-content\/uploads\/2024\/08\/Laurent-Serafini-100x100.jpeg 100w\" sizes=\"auto, (max-width: 200px) 100vw, 200px\" \/><\/figure><div class=\"wp-block-media-text__content\">\n<p><strong>LAURENT SERAFINI<\/strong>&nbsp;\u2013&nbsp;Come\u00e7ou a carreira como chefe de servi\u00e7os operacionais especializados do Minist\u00e9rio do Interior Franc\u00eas, antes de assumir, no setor privado em 2011, o cargo de CEO da Velours<br>International, uma empresa l\u00edder na Europa e na Am\u00e9rica latina de gest\u00e3o de riscos e intelig\u00eancia estrat\u00e9gica.<\/p>\n\n\n\n<p><\/p>\n\n\n\n<p><\/p>\n<\/div><\/div>\n\n\n\n<div class=\"wp-block-media-text is-stacked-on-mobile\" style=\"grid-template-columns:24% auto\"><figure class=\"wp-block-media-text__media\"><img loading=\"lazy\" decoding=\"async\" width=\"200\" height=\"200\" src=\"https:\/\/www.swedcham.com.br\/wp-content\/uploads\/2024\/08\/VINCENT.jpeg\" alt=\"\" class=\"wp-image-27730 size-full\" srcset=\"https:\/\/www.swedcham.com.br\/wp-content\/uploads\/2024\/08\/VINCENT.jpeg 200w, https:\/\/www.swedcham.com.br\/wp-content\/uploads\/2024\/08\/VINCENT-150x150.jpeg 150w, https:\/\/www.swedcham.com.br\/wp-content\/uploads\/2024\/08\/VINCENT-100x100.jpeg 100w\" sizes=\"auto, (max-width: 200px) 100vw, 200px\" \/><\/figure><div class=\"wp-block-media-text__content\">\n<p><\/p>\n\n\n\n<p><\/p>\n\n\n\n<p><\/p>\n\n\n\n<p><strong>VINCENT PARACHINI <\/strong>&#8211; Como s\u00f3cio-diretor da LATAM na Halifax Consulting, Vincent se dedica a impulsionar o crescimento estrat\u00e9gico e aprimorar a produtividade dos neg\u00f3cios na Am\u00e9rica Latina. Ex-CEO com mais de 15 anos de experi\u00eancia na gest\u00e3o de neg\u00f3cios internacionais na BIC, 25 anos em vendas e 8 em treinamento e consultoria, ele \u00e9 apaixonado por ajudar empresas a alcan\u00e7arseus objetivos por meio de solu\u00e7\u00f5es personalizadas e insights pr\u00e1ticos.<\/p>\n\n\n\n<p><\/p>\n\n\n\n<p><\/p>\n<\/div><\/div>\n\n\n\n<div class=\"wp-block-media-text is-stacked-on-mobile\" style=\"grid-template-columns:25% auto\"><figure class=\"wp-block-media-text__media\"><img loading=\"lazy\" decoding=\"async\" width=\"656\" height=\"881\" src=\"https:\/\/www.swedcham.com.br\/wp-content\/uploads\/2024\/08\/150_TimeTelos_IJ8A2642-4.jpg\" alt=\"\" class=\"wp-image-27757 size-full\" srcset=\"https:\/\/www.swedcham.com.br\/wp-content\/uploads\/2024\/08\/150_TimeTelos_IJ8A2642-4.jpg 656w, https:\/\/www.swedcham.com.br\/wp-content\/uploads\/2024\/08\/150_TimeTelos_IJ8A2642-4-223x300.jpg 223w, https:\/\/www.swedcham.com.br\/wp-content\/uploads\/2024\/08\/150_TimeTelos_IJ8A2642-4-600x806.jpg 600w\" sizes=\"auto, (max-width: 656px) 100vw, 656px\" \/><\/figure><div class=\"wp-block-media-text__content\">\n<p><strong>NICOLAS&nbsp;TOUCHET&nbsp;&#8211;<\/strong> Ap\u00f3s uma carreira como executivo em empresas multinacionais, fundou a Telos Transition, empresa especializada em Gest\u00e3o Executiva Interina, pioneira na Am\u00e9rica Latina e membro da Valtus Alliance, l\u00edder global do segmento. Acompanhou dezenas de empresas nos seus desafios de melhorias, transforma\u00e7\u00f5es, e gest\u00e3o de situa\u00e7\u00f5es cr\u00edticas. Membro do capitalismo consciente.<\/p>\n<\/div><\/div>\n\n\n\n<p><\/p>\n\n\n\n<p><strong>Quando:<\/strong><br>Quarta-feira, 18 de setembro \u00e0s 16h15<\/p>\n\n\n\n<p><strong>Agenda:<\/strong><br>16:15 Welcome Coffee<br>16:30 Apresenta\u00e7\u00e3o<br>17:45 Q&amp;As<br>18:00 Vinhos e petiscos<br>19:00 Encerramento<\/p>\n\n\n\n<p><strong>Onde:<\/strong><br>Swedcham \u2013 Rua Oscar Freire, 379 \u2013 cj 121&nbsp;<\/p>\n\n\n\n<div class=\"wp-block-buttons is-layout-flex wp-block-buttons-is-layout-flex\">\n<div class=\"wp-block-button\"><a class=\"wp-block-button__link has-background wp-element-button\" href=\"https:\/\/docs.google.com\/forms\/d\/e\/1FAIpQLSf1cI72DXAZp40Kv0ycHc6qbVkKxOdoSvxflTZLLtTyldszXg\/viewform?vc=0&amp;c=0&amp;w=1&amp;flr=0\" style=\"background-color:#0f4463\">Clique aqui e confirme aqui sua presen\u00e7a!<\/a><\/div>\n<\/div>\n","protected":false},"excerpt":{"rendered":"<p>A empresa associada&nbsp;Telos Transition, em parceria com a Swedcham convidam para: Desarmar as armadilhas do mercado brasileiro: Chaves para prosperar<\/p>\n","protected":false},"featured_media":27762,"template":"","meta":[],"product_brand":[],"product_cat":[228],"product_tag":[],"class_list":{"0":"post-27736","1":"product","2":"type-product","3":"status-publish","4":"has-post-thumbnail","6":"product_cat-our-events","8":"first","9":"instock","10":"shipping-taxable","11":"product-type-simple"},"_links":{"self":[{"href":"https:\/\/www.swedcham.com.br\/en\/wp-json\/wp\/v2\/product\/27736","targetHints":{"allow":["GET"]}}],"collection":[{"href":"https:\/\/www.swedcham.com.br\/en\/wp-json\/wp\/v2\/product"}],"about":[{"href":"https:\/\/www.swedcham.com.br\/en\/wp-json\/wp\/v2\/types\/product"}],"wp:featuredmedia":[{"embeddable":true,"href":"https:\/\/www.swedcham.com.br\/en\/wp-json\/wp\/v2\/media\/27762"}],"wp:attachment":[{"href":"https:\/\/www.swedcham.com.br\/en\/wp-json\/wp\/v2\/media?parent=27736"}],"wp:term":[{"taxonomy":"product_brand","embeddable":true,"href":"https:\/\/www.swedcham.com.br\/en\/wp-json\/wp\/v2\/product_brand?post=27736"},{"taxonomy":"product_cat","embeddable":true,"href":"https:\/\/www.swedcham.com.br\/en\/wp-json\/wp\/v2\/product_cat?post=27736"},{"taxonomy":"product_tag","embeddable":true,"href":"https:\/\/www.swedcham.com.br\/en\/wp-json\/wp\/v2\/product_tag?post=27736"}],"curies":[{"name":"wp","href":"https:\/\/api.w.org\/{rel}","templated":true}]}}