{"id":27628,"date":"2024-09-19T11:24:36","date_gmt":"2024-09-19T14:24:36","guid":{"rendered":"https:\/\/www.swedcham.com.br\/product\/uncategorized\/save-the-date-5g\/"},"modified":"2024-09-19T17:32:51","modified_gmt":"2024-09-19T20:32:51","slug":"save-the-date-5g","status":"publish","type":"product","link":"https:\/\/www.swedcham.com.br\/en\/product\/our-events\/save-the-date-5g\/","title":{"rendered":"5G no Brasil &#8211; A revolu\u00e7\u00e3o come\u00e7ou?"},"content":{"rendered":"\n<p><strong>5G no Brasil &#8211; A revolu\u00e7\u00e3o come\u00e7ou?<\/strong><\/p>\n\n\n\n<p>O Comit\u00ea de Inova\u00e7\u00e3o tem o prazer de convidar para um evento exclusivo totalmente focado na tecnologia 5G. Os recentes avan\u00e7os nessa \u00e1rea certamente n\u00e3o passaram despercebidos \u2013 57% das empresas que pesquisamos j\u00e1 come\u00e7aram a implementar solu\u00e7\u00f5es 5G. Mas, al\u00e9m da baixa lat\u00eancia e do aumento da produtividade, quais s\u00e3o os verdadeiros benef\u00edcios que essa tecnologia revolucion\u00e1ria pode oferecer \u00e0s empresas, como novos ecossistemas de inova\u00e7\u00e3o? E como podemos, como sociedade, enfrentar desafios como ciberseguran\u00e7a e infraestrutura para realmente aproveitar todo o potencial do 5G?<br><br>Para responder a essas perguntas, convidamos voc\u00eas para um painel que abordar\u00e1 desde competitividade e sustentabilidade at\u00e9 os complexos ecossistemas de inova\u00e7\u00e3o que o 5G cria. Esta \u00e9 uma manh\u00e3 que voc\u00eas n\u00e3o v\u00e3o querer perder, com palestrantes da Ericsson, Embratel e TIM!<\/p>\n\n\n\n<div class=\"wp-block-media-text is-stacked-on-mobile has-small-font-size\" style=\"grid-template-columns:24% auto\"><figure class=\"wp-block-media-text__media\"><img loading=\"lazy\" decoding=\"async\" width=\"400\" height=\"400\" src=\"https:\/\/www.swedcham.com.br\/wp-content\/uploads\/2024\/09\/FlaviaB.jpg\" alt=\"\" class=\"wp-image-27819 size-full\" srcset=\"https:\/\/www.swedcham.com.br\/wp-content\/uploads\/2024\/09\/FlaviaB.jpg 400w, https:\/\/www.swedcham.com.br\/wp-content\/uploads\/2024\/09\/FlaviaB-300x300.jpg 300w, https:\/\/www.swedcham.com.br\/wp-content\/uploads\/2024\/09\/FlaviaB-150x150.jpg 150w, https:\/\/www.swedcham.com.br\/wp-content\/uploads\/2024\/09\/FlaviaB-100x100.jpg 100w\" sizes=\"auto, (max-width: 400px) 100vw, 400px\" \/><\/figure><div class=\"wp-block-media-text__content\">\n<p><strong>Fl\u00e1via M. T. Bittencourt<\/strong> &#8211;&nbsp;Graduada em Engenharia de Telecomunica\u00e7\u00f5es pelo Instituto Nacional de Telecomunica\u00e7\u00f5es (INATEL) e com MBA em Administra\u00e7\u00e3o de Neg\u00f3cios pela Funda\u00e7\u00e3o Get\u00falio Vargas (FGV), possui mais de 23 anos de trajet\u00f3ria no setor de telecomunica\u00e7\u00f5es. Ao longo desse per\u00edodo, acompanhou de perto as transforma\u00e7\u00f5es tecnol\u00f3gicas, com experi\u00eancia em educa\u00e7\u00e3o e operadoras. Atua h\u00e1 16 anos na Ericsson, com suporte t\u00e9cnico as \u00e1reas de negocios, atualmente em redes 5G, novos servi\u00e7os e suas aplica\u00e7\u00f5es.<\/p>\n<\/div><\/div>\n\n\n\n<p><\/p>\n\n\n\n<div class=\"wp-block-media-text is-stacked-on-mobile\" style=\"grid-template-columns:24% auto\"><figure class=\"wp-block-media-text__media\"><img loading=\"lazy\" decoding=\"async\" width=\"166\" height=\"155\" src=\"https:\/\/www.swedcham.com.br\/wp-content\/uploads\/2024\/08\/asss.jpg\" alt=\"\" class=\"wp-image-27784 size-full\"\/><\/figure><div class=\"wp-block-media-text__content\">\n<p class=\"has-small-font-size\"><strong>Alexandre Gomes <\/strong>\u00e9 Diretor de Marketing da Embratel. \u00c9 formado em Engenharia Eletr\u00f4nica e Telecomunica\u00e7\u00f5es pelo Instituto Nacional de Telecomunica\u00e7\u00f5es (Inatel) e possui MBA pela Funda\u00e7\u00e3o Getulio Vargas (FGV). Realizou diversos cursos de neg\u00f3cios em institui\u00e7\u00f5es brasileiras e internacionais. Tem grande experi\u00eancia no segmento de telecomunica\u00e7\u00f5es, com desenvolvimento de produtos e neg\u00f3cios. Atua h\u00e1 15 anos na Embratel, tendo ocupado diversos cargos de lideran\u00e7a at\u00e9 assumir a diretoria de marketing.<\/p>\n<\/div><\/div>\n\n\n\n<p><\/p>\n\n\n\n<div class=\"wp-block-media-text is-stacked-on-mobile\" style=\"grid-template-columns:24% auto\"><figure class=\"wp-block-media-text__media\"><img loading=\"lazy\" decoding=\"async\" width=\"390\" height=\"395\" src=\"https:\/\/www.swedcham.com.br\/wp-content\/uploads\/2024\/09\/ssss.jpg\" alt=\"\" class=\"wp-image-27798 size-full\" srcset=\"https:\/\/www.swedcham.com.br\/wp-content\/uploads\/2024\/09\/ssss.jpg 390w, https:\/\/www.swedcham.com.br\/wp-content\/uploads\/2024\/09\/ssss-296x300.jpg 296w, https:\/\/www.swedcham.com.br\/wp-content\/uploads\/2024\/09\/ssss-100x100.jpg 100w\" sizes=\"auto, (max-width: 390px) 100vw, 390px\" \/><\/figure><div class=\"wp-block-media-text__content\">\n<p class=\"has-small-font-size\"><strong>Leonardo Belotti <\/strong>iniciou sua trajet\u00f3ria na \u00e1rea de vendas da TIM Brasil em 2005 e h\u00e1 cinco anos \u00e9 diretor do segmento Corporate Solutions da TIM S\u00e3o Paulo. O executivo possui mais de 20 anos de experi\u00eancia na \u00e1rea comercial, atuando em empresas de Telecomunica\u00e7\u00f5es e Tecnologia da Informa\u00e7\u00e3o como Intelig e Xerox, entre outras. Nesse percurso, desenvolveu a carreira em cargos de gest\u00e3o e lideran\u00e7a tanto na \u00e1rea comercial, como t\u00e9cnica e operacional. Leonardo Belotti \u00e9 graduado em Ci\u00eancia da Computa\u00e7\u00e3o pela Universidade do Vale do Itaja\u00ed (Univali) e p\u00f3s-graduado em Administra\u00e7\u00e3o e Gest\u00e3o Financeira, Controladoria e Auditoria, ambas pela Funda\u00e7\u00e3o Get\u00falio Vargas.<\/p>\n<\/div><\/div>\n\n\n\n<p><\/p>\n\n\n\n<p><strong>Quando:<\/strong><br>Sexta-feira, 20 de setembro&nbsp;<br><br><strong>Onde:<\/strong><br>Swedcham<br>Rua Oscar Freire, 379- cj 121<br><br><strong>Agenda:<\/strong><br>09:15 &#8211; Welcome Coffee<br>09.30 &#8211; Abertura &#8211; Sergio Quiroga &#8211; Swedcham Chairman<br>09.35 &#8211;&nbsp; Painel<br>11.30 &#8211; &nbsp;Q&amp;As<br>12.00 &#8211; Encerramento &#8211; Edvaldo Santos &#8211; Ericsson \/Coordenador do Comit\u00ea de Inova\u00e7\u00e3o\/ Swedcham<strong><br><br><em>Ap\u00f3s o encerramento, aqueles que tiverem interesse podem se juntar aos palestrantes para um almo\u00e7o no restaurante Tuy Cocina. Comanda individual &#8211; pagamento no local.<\/em><\/strong><\/p>\n\n\n\n<div class=\"wp-block-buttons is-layout-flex wp-block-buttons-is-layout-flex\">\n<div class=\"wp-block-button has-custom-width wp-block-button__width-75\"><a class=\"wp-block-button__link has-background wp-element-button\" href=\"https:\/\/docs.google.com\/forms\/d\/e\/1FAIpQLScHt-0fZs4jvo09fjFvxbEMBAYg3dENKWpC5AdYsa-O1WUnlQ\/viewform?vc=0&amp;c=0&amp;w=1&amp;flr=0\" style=\"background-color:#0e3043\">CLIQUE AQUI PARA CONFIRMAR SUA PRESEN\u00c7A!<\/a><\/div>\n<\/div>\n","protected":false},"excerpt":{"rendered":"<p>5G no Brasil &#8211; A revolu\u00e7\u00e3o come\u00e7ou? O Comit\u00ea de Inova\u00e7\u00e3o tem o prazer de convidar para um evento exclusivo<\/p>\n","protected":false},"featured_media":27802,"template":"","meta":[],"product_brand":[],"product_cat":[228],"product_tag":[],"class_list":{"0":"post-27628","1":"product","2":"type-product","3":"status-publish","4":"has-post-thumbnail","6":"product_cat-our-events","8":"first","9":"instock","10":"shipping-taxable","11":"product-type-simple"},"_links":{"self":[{"href":"https:\/\/www.swedcham.com.br\/en\/wp-json\/wp\/v2\/product\/27628","targetHints":{"allow":["GET"]}}],"collection":[{"href":"https:\/\/www.swedcham.com.br\/en\/wp-json\/wp\/v2\/product"}],"about":[{"href":"https:\/\/www.swedcham.com.br\/en\/wp-json\/wp\/v2\/types\/product"}],"wp:featuredmedia":[{"embeddable":true,"href":"https:\/\/www.swedcham.com.br\/en\/wp-json\/wp\/v2\/media\/27802"}],"wp:attachment":[{"href":"https:\/\/www.swedcham.com.br\/en\/wp-json\/wp\/v2\/media?parent=27628"}],"wp:term":[{"taxonomy":"product_brand","embeddable":true,"href":"https:\/\/www.swedcham.com.br\/en\/wp-json\/wp\/v2\/product_brand?post=27628"},{"taxonomy":"product_cat","embeddable":true,"href":"https:\/\/www.swedcham.com.br\/en\/wp-json\/wp\/v2\/product_cat?post=27628"},{"taxonomy":"product_tag","embeddable":true,"href":"https:\/\/www.swedcham.com.br\/en\/wp-json\/wp\/v2\/product_tag?post=27628"}],"curies":[{"name":"wp","href":"https:\/\/api.w.org\/{rel}","templated":true}]}}