{"id":27612,"date":"2024-06-11T10:42:27","date_gmt":"2024-06-11T13:42:27","guid":{"rendered":"https:\/\/www.swedcham.com.br\/product\/uncategorized\/kick-off-do-segundo-semestre-almoco-de-networking\/"},"modified":"2024-08-07T11:28:16","modified_gmt":"2024-08-07T14:28:16","slug":"kick-off-do-segundo-semestre-almoco-de-networking","status":"publish","type":"product","link":"https:\/\/www.swedcham.com.br\/en\/product\/our-events\/kick-off-do-segundo-semestre-almoco-de-networking\/","title":{"rendered":"Kick off do segundo semestre &#8211; Almo\u00e7o de networking!"},"content":{"rendered":"\n<figure class=\"wp-block-image size-large is-resized\"><a href=\"https:\/\/www.swedcham.com.br\/wp-content\/uploads\/2024\/06\/2.jpg\"><img loading=\"lazy\" decoding=\"async\" width=\"1024\" height=\"487\" src=\"https:\/\/www.swedcham.com.br\/wp-content\/uploads\/2024\/06\/2-1024x487.jpg\" alt=\"\" class=\"wp-image-27606\" style=\"width:662px;height:auto\" srcset=\"https:\/\/www.swedcham.com.br\/wp-content\/uploads\/2024\/06\/2-1024x487.jpg 1024w, https:\/\/www.swedcham.com.br\/wp-content\/uploads\/2024\/06\/2-300x143.jpg 300w, https:\/\/www.swedcham.com.br\/wp-content\/uploads\/2024\/06\/2-768x365.jpg 768w, https:\/\/www.swedcham.com.br\/wp-content\/uploads\/2024\/06\/2-600x286.jpg 600w, https:\/\/www.swedcham.com.br\/wp-content\/uploads\/2024\/06\/2.jpg 1366w\" sizes=\"auto, (max-width: 1024px) 100vw, 1024px\" \/><\/a><\/figure>\n\n\n<div class=\"wp-block-image\">\n<figure class=\"aligncenter size-full is-resized\"><a href=\"https:\/\/www.swedcham.com.br\/wp-content\/uploads\/2024\/06\/2-removebg-preview.png\"><img loading=\"lazy\" decoding=\"async\" width=\"321\" height=\"157\" src=\"https:\/\/www.swedcham.com.br\/wp-content\/uploads\/2024\/06\/2-removebg-preview.png\" alt=\"\" class=\"wp-image-27698\" style=\"width:429px;height:auto\" srcset=\"https:\/\/www.swedcham.com.br\/wp-content\/uploads\/2024\/06\/2-removebg-preview.png 321w, https:\/\/www.swedcham.com.br\/wp-content\/uploads\/2024\/06\/2-removebg-preview-300x147.png 300w\" sizes=\"auto, (max-width: 321px) 100vw, 321px\" \/><\/a><\/figure>\n<\/div>\n\n\n<p><strong>Almo\u00e7o de Networking<\/strong><\/p>\n\n\n\n<p>Para dar inicio aos eventos do segundo semestre, preparamos um almo\u00e7o de networking.<br>Venha conhecer outros membros, trocar ideias com os coordenadores dos Comit\u00eas, e ampliar sua rede de relacionamentos.<br>Nosso encontro ser\u00e1 no restaurante franc\u00eas <em><strong>Sena<\/strong><\/em>&nbsp;&#8211; refer\u00eancia gastr\u00f4nomica em S\u00e3o Paulo.&nbsp;<\/p>\n\n\n\n<p>Desfrute o melhor da cozinha internacional com toques brasileiros e deliciosas sobremesas.<br><strong>Durante o almo\u00e7o vamos sortear uma vaga em nosso Jantar de Natal!<\/strong><br><br><strong>Quando:<\/strong><br>Sexta-feira, 09 de agosto \u00e0s 12h<br><br><strong>Onde:<\/strong><br><strong>Restaurante Sena &#8211; Grand Mercure Ibirapuera<\/strong><br>Rua Sena Madureira, 1355 &#8211; Vila Clementino &#8211; S\u00e3o Paulo &#8211; SP<br><br>Incluso:\u00a0Buffet com pratos variados, bebidas n\u00e3o alco\u00f3lica e caf\u00e9<br><strong><br>VAGAS ESGOTADAS!!!!<\/strong><br><br><strong>Estacionamento:\u00a0<\/strong><br>Valet no local &#8211; R$40,00<br><br><strong>Bem vindos!<\/strong><\/p>\n","protected":false},"excerpt":{"rendered":"<p>Almo\u00e7o de Networking Para dar inicio aos eventos do segundo semestre, preparamos um almo\u00e7o de networking.Venha conhecer outros membros, trocar<\/p>\n","protected":false},"featured_media":27701,"template":"","meta":[],"product_brand":[],"product_cat":[228],"product_tag":[],"class_list":{"0":"post-27612","1":"product","2":"type-product","3":"status-publish","4":"has-post-thumbnail","6":"product_cat-our-events","8":"first","9":"instock","10":"shipping-taxable","11":"purchasable","12":"product-type-variable"},"_links":{"self":[{"href":"https:\/\/www.swedcham.com.br\/en\/wp-json\/wp\/v2\/product\/27612","targetHints":{"allow":["GET"]}}],"collection":[{"href":"https:\/\/www.swedcham.com.br\/en\/wp-json\/wp\/v2\/product"}],"about":[{"href":"https:\/\/www.swedcham.com.br\/en\/wp-json\/wp\/v2\/types\/product"}],"wp:featuredmedia":[{"embeddable":true,"href":"https:\/\/www.swedcham.com.br\/en\/wp-json\/wp\/v2\/media\/27701"}],"wp:attachment":[{"href":"https:\/\/www.swedcham.com.br\/en\/wp-json\/wp\/v2\/media?parent=27612"}],"wp:term":[{"taxonomy":"product_brand","embeddable":true,"href":"https:\/\/www.swedcham.com.br\/en\/wp-json\/wp\/v2\/product_brand?post=27612"},{"taxonomy":"product_cat","embeddable":true,"href":"https:\/\/www.swedcham.com.br\/en\/wp-json\/wp\/v2\/product_cat?post=27612"},{"taxonomy":"product_tag","embeddable":true,"href":"https:\/\/www.swedcham.com.br\/en\/wp-json\/wp\/v2\/product_tag?post=27612"}],"curies":[{"name":"wp","href":"https:\/\/api.w.org\/{rel}","templated":true}]}}