{"id":27518,"date":"2024-04-29T17:56:09","date_gmt":"2024-04-29T20:56:09","guid":{"rendered":"https:\/\/www.swedcham.com.br\/product\/uncategorized\/noite-da-boliche\/"},"modified":"2024-04-29T19:39:02","modified_gmt":"2024-04-29T22:39:02","slug":"noite-da-boliche","status":"publish","type":"product","link":"https:\/\/www.swedcham.com.br\/en\/product\/our-events\/noite-da-boliche\/","title":{"rendered":"Noite da Boliche"},"content":{"rendered":"\n<figure class=\"wp-block-image size-large is-resized\"><a href=\"https:\/\/www.swedcham.com.br\/wp-content\/uploads\/2024\/04\/Amarelo-Pinos-Boliche-Convite-1-1.png\"><img loading=\"lazy\" decoding=\"async\" width=\"1024\" height=\"1024\" src=\"https:\/\/www.swedcham.com.br\/wp-content\/uploads\/2024\/04\/Amarelo-Pinos-Boliche-Convite-1-1-1024x1024.png\" alt=\"\" class=\"wp-image-27523\" style=\"width:548px;height:auto\"\/><\/a><\/figure>\n\n\n\n<p><strong>Quando:<\/strong><br>Quinta-feira, 16 de maio \u00e0s 19h<\/p>\n\n\n\n<p><strong>Onde:<\/strong><br>Boliche Villa Bowling -Shopping Vila Olimpia<br>R. Olimp\u00edadas, 360 &#8211; Vila Ol\u00edmpia, S\u00e3o Paulo &#8211; SP, 04551-00<\/p>\n\n\n\n<p><strong>Incluso:<\/strong>&nbsp;2 horas de boliche, com <strong>comidas e bebidas a vontade.<\/strong> <a href=\"https:\/\/www.swedcham.com.br\/wp-content\/uploads\/2021\/09\/NOITE-DA-BOLICHE.pdf\">Clique aqui para ver o card\u00e1pio.<\/a><\/p>\n\n\n\n<p><strong>Investimento: A C\u00e2mara est\u00e1 custeando metade do valor cobrado pela Villa Bowling.<\/strong><br>Associados: R$120,00<br>N\u00e3o associados: R$200,00<\/p>\n\n\n\n<p><strong>Vagas limitadas, garanta a sua!<\/strong><\/p>\n","protected":false},"excerpt":{"rendered":"<p>Quando:Quinta-feira, 16 de maio \u00e0s 19h Onde:Boliche Villa Bowling -Shopping Vila OlimpiaR. Olimp\u00edadas, 360 &#8211; Vila Ol\u00edmpia, S\u00e3o Paulo &#8211;<\/p>\n","protected":false},"featured_media":27524,"template":"","meta":[],"product_brand":[],"product_cat":[228],"product_tag":[],"class_list":{"0":"post-27518","1":"product","2":"type-product","3":"status-publish","4":"has-post-thumbnail","6":"product_cat-our-events","8":"first","9":"instock","10":"shipping-taxable","11":"purchasable","12":"product-type-variable"},"_links":{"self":[{"href":"https:\/\/www.swedcham.com.br\/en\/wp-json\/wp\/v2\/product\/27518","targetHints":{"allow":["GET"]}}],"collection":[{"href":"https:\/\/www.swedcham.com.br\/en\/wp-json\/wp\/v2\/product"}],"about":[{"href":"https:\/\/www.swedcham.com.br\/en\/wp-json\/wp\/v2\/types\/product"}],"wp:featuredmedia":[{"embeddable":true,"href":"https:\/\/www.swedcham.com.br\/en\/wp-json\/wp\/v2\/media\/27524"}],"wp:attachment":[{"href":"https:\/\/www.swedcham.com.br\/en\/wp-json\/wp\/v2\/media?parent=27518"}],"wp:term":[{"taxonomy":"product_brand","embeddable":true,"href":"https:\/\/www.swedcham.com.br\/en\/wp-json\/wp\/v2\/product_brand?post=27518"},{"taxonomy":"product_cat","embeddable":true,"href":"https:\/\/www.swedcham.com.br\/en\/wp-json\/wp\/v2\/product_cat?post=27518"},{"taxonomy":"product_tag","embeddable":true,"href":"https:\/\/www.swedcham.com.br\/en\/wp-json\/wp\/v2\/product_tag?post=27518"}],"curies":[{"name":"wp","href":"https:\/\/api.w.org\/{rel}","templated":true}]}}