{"id":27387,"date":"2024-04-05T10:13:54","date_gmt":"2024-04-05T13:13:54","guid":{"rendered":"https:\/\/www.swedcham.com.br\/?post_type=product&#038;p=27387"},"modified":"2024-04-10T11:39:03","modified_gmt":"2024-04-10T14:39:03","slug":"descarbonizacao-em-acao-rumo-a-um-futuro-sustentavel","status":"publish","type":"product","link":"https:\/\/www.swedcham.com.br\/en\/product\/our-events\/descarbonizacao-em-acao-rumo-a-um-futuro-sustentavel\/","title":{"rendered":"Descarboniza\u00e7\u00e3o em A\u00e7\u00e3o: Rumo a um Futuro Sustent\u00e1vel"},"content":{"rendered":"\n<p><strong>Os Young Professionals e Alumni Network convidam seus associados para a palestra:<\/strong><\/p>\n\n\n\n<p><strong>Descarboniza\u00e7\u00e3o em A\u00e7\u00e3o: Rumo a um Futuro Sustent\u00e1vel<\/strong><\/p>\n\n\n\n<figure class=\"wp-block-embed is-type-video is-provider-youtube wp-block-embed-youtube wp-embed-aspect-16-9 wp-has-aspect-ratio\"><div class=\"wp-block-embed__wrapper\">\n<iframe loading=\"lazy\" title=\"Descarboniza\u00e7\u00e3o em A\u00e7\u00e3o: Rumo a um Futuro Sustent\u00e1vel\" width=\"640\" height=\"360\" src=\"https:\/\/www.youtube.com\/embed\/iGw1lX0oi7Y?feature=oembed\" frameborder=\"0\" allow=\"accelerometer; autoplay; clipboard-write; encrypted-media; gyroscope; picture-in-picture; web-share\" referrerpolicy=\"strict-origin-when-cross-origin\" allowfullscreen><\/iframe>\n<\/div><\/figure>\n\n\n\n<p>Participe do evento que abordar\u00e1 como voc\u00ea pode contribuir para a descarboniza\u00e7\u00e3o em tempos de mudan\u00e7as clim\u00e1ticas! A descarboniza\u00e7\u00e3o refere-se ao processo de redu\u00e7\u00e3o das emiss\u00f5es de di\u00f3xido de carbono na atmosfera (CO\u2082). Este processo \u00e9 fundamental para combater as mudan\u00e7as clim\u00e1ticas, visto que o CO\u2082 \u00e9 um dos principais gases de efeito estufa respons\u00e1veis pelo aquecimento global. A\u00e7\u00f5es de descarboniza\u00e7\u00e3o envolvem a transi\u00e7\u00e3o para fontes de energia mais limpas e sustent\u00e1veis, como energia renov\u00e1vel, bem como a ado\u00e7\u00e3o de tecnologias e pr\u00e1ticas que reduzam a emiss\u00e3o de CO\u2082 em todos os setores da sociedade. Conhe\u00e7a cases de sucesso&nbsp;de organiza\u00e7\u00f5es p\u00fablicas e privadas e engaje-se nessa importante&nbsp;causa.<\/p>\n\n\n\n<p><strong>Palestrantes:<\/strong><\/p>\n\n\n\n<div class=\"wp-block-media-text is-stacked-on-mobile\" style=\"grid-template-columns:29% auto\"><figure class=\"wp-block-media-text__media\"><img loading=\"lazy\" decoding=\"async\" width=\"200\" height=\"202\" src=\"https:\/\/www.swedcham.com.br\/wp-content\/uploads\/2024\/03\/Marcela-e1711636585191.png\" alt=\"\" class=\"wp-image-27381 size-full\"\/><\/figure><div class=\"wp-block-media-text__content\">\n<p><\/p>\n\n\n\n<p><strong>Marcela Miranda \u2013 <\/strong>Mestra em Ci\u00eancia para o Desenvolvimento Sustent\u00e1vel pela Universidade de Link\u00f6ping (Su\u00e9cia), Bacharel em Gest\u00e3o Ambiental pela Universidade de S\u00e3o Paulo (USP). Comunicadora de Educa\u00e7\u00e3o Clim\u00e1tica &amp;amp; Sustentabilidade, Marcela tem mais de 10 anos de experi\u00eancia profissional atuando no exterior em clima, sustentabilidade e compliance por meio da multinacional sueca IKEA e no Brasil em m\u00faltiplas organiza\u00e7\u00f5es.<\/p>\n\n\n\n<p class=\"has-white-color has-text-color has-link-color wp-elements-b6ebfec92597fd971d61395e0ad4e8d3\">xxxxxxx<\/p>\n<\/div><\/div>\n\n\n\n<div class=\"wp-block-media-text is-stacked-on-mobile\" style=\"grid-template-columns:29% auto\"><figure class=\"wp-block-media-text__media\"><img loading=\"lazy\" decoding=\"async\" width=\"200\" height=\"200\" src=\"https:\/\/www.swedcham.com.br\/wp-content\/uploads\/2024\/03\/Bild-Maria-Fernanda-e1711636690106.jpeg\" alt=\"\" class=\"wp-image-27383 size-full\"\/><\/figure><div class=\"wp-block-media-text__content\">\n<p><strong>Maria Fernanda Pistori &#8211;<\/strong>&nbsp;Bi\u00f3loga, mestre em Ecologia e fez MBA em Gest\u00e3o de Projetos, todos pela Universidade de S\u00e3o Paulo (USP). Atualmente trabalha como Analista S\u00eanior de Clima no Pacto Global da ONU, gerinda projetos e parceiros para auxiliar empresas na trajet\u00f3ria da descarboniza\u00e7\u00e3o visando a Ambi\u00e7\u00e3o 2030 ao engajar e impulsionar a agenda do ODS 13 no meio corporativo<\/p>\n<\/div><\/div>\n\n\n\n<p><\/p>\n\n\n\n<p><strong>Moderadora:<\/strong><\/p>\n\n\n\n<div class=\"wp-block-media-text is-stacked-on-mobile\" style=\"grid-template-columns:29% auto\"><figure class=\"wp-block-media-text__media\"><img loading=\"lazy\" decoding=\"async\" width=\"542\" height=\"542\" src=\"https:\/\/www.swedcham.com.br\/wp-content\/uploads\/2024\/03\/Bild-Karin.jpeg\" alt=\"\" class=\"wp-image-27385 size-full\" srcset=\"https:\/\/www.swedcham.com.br\/wp-content\/uploads\/2024\/03\/Bild-Karin.jpeg 542w, https:\/\/www.swedcham.com.br\/wp-content\/uploads\/2024\/03\/Bild-Karin-300x300.jpeg 300w, https:\/\/www.swedcham.com.br\/wp-content\/uploads\/2024\/03\/Bild-Karin-150x150.jpeg 150w, https:\/\/www.swedcham.com.br\/wp-content\/uploads\/2024\/03\/Bild-Karin-100x100.jpeg 100w\" sizes=\"auto, (max-width: 542px) 100vw, 542px\" \/><\/figure><div class=\"wp-block-media-text__content\">\n<p><strong>Karin Vecchiatti &#8211; E<\/strong>ngenheira agr\u00f4noma (ESALQ\/USP), mestre em Ci\u00eancia Ambiental (Procam\/USP) e doutora em Comunica\u00e7\u00e3o e Semi\u00f3tica (PUC-SP), \u00e9 docente e pesquisadora no Centro Universit\u00e1rio FMU (SP), no Instituto de Estudos Avan\u00e7ados (IEA\/USP) e coordenadora do Comit\u00ea ESG da C\u00e2mara de Com\u00e9rcio Sueco-Brasileira.<\/p>\n<\/div><\/div>\n\n\n\n<p class=\"has-white-color has-text-color has-link-color wp-elements-0f8c0c75ee25feacf57bd3b23141a97b\">xxxxxxxxxxxxx<\/p>\n\n\n\n<p><\/p>\n","protected":false},"excerpt":{"rendered":"<p>Os Young Professionals e Alumni Network convidam seus associados para a palestra: Descarboniza\u00e7\u00e3o em A\u00e7\u00e3o: Rumo a um Futuro Sustent\u00e1vel<\/p>\n","protected":false},"featured_media":27389,"template":"","meta":[],"product_brand":[],"product_cat":[228],"product_tag":[],"class_list":{"0":"post-27387","1":"product","2":"type-product","3":"status-publish","4":"has-post-thumbnail","6":"product_cat-our-events","8":"first","9":"instock","10":"shipping-taxable","11":"product-type-simple"},"_links":{"self":[{"href":"https:\/\/www.swedcham.com.br\/en\/wp-json\/wp\/v2\/product\/27387","targetHints":{"allow":["GET"]}}],"collection":[{"href":"https:\/\/www.swedcham.com.br\/en\/wp-json\/wp\/v2\/product"}],"about":[{"href":"https:\/\/www.swedcham.com.br\/en\/wp-json\/wp\/v2\/types\/product"}],"wp:featuredmedia":[{"embeddable":true,"href":"https:\/\/www.swedcham.com.br\/en\/wp-json\/wp\/v2\/media\/27389"}],"wp:attachment":[{"href":"https:\/\/www.swedcham.com.br\/en\/wp-json\/wp\/v2\/media?parent=27387"}],"wp:term":[{"taxonomy":"product_brand","embeddable":true,"href":"https:\/\/www.swedcham.com.br\/en\/wp-json\/wp\/v2\/product_brand?post=27387"},{"taxonomy":"product_cat","embeddable":true,"href":"https:\/\/www.swedcham.com.br\/en\/wp-json\/wp\/v2\/product_cat?post=27387"},{"taxonomy":"product_tag","embeddable":true,"href":"https:\/\/www.swedcham.com.br\/en\/wp-json\/wp\/v2\/product_tag?post=27387"}],"curies":[{"name":"wp","href":"https:\/\/api.w.org\/{rel}","templated":true}]}}