{"id":27369,"date":"2024-04-03T12:24:05","date_gmt":"2024-04-03T15:24:05","guid":{"rendered":"https:\/\/www.swedcham.com.br\/?post_type=product&#038;p=27369"},"modified":"2024-04-03T12:24:12","modified_gmt":"2024-04-03T15:24:12","slug":"descubra-o-futuro-da-inteligenciaartificial-no-brasil","status":"publish","type":"product","link":"https:\/\/www.swedcham.com.br\/en\/product\/our-events\/descubra-o-futuro-da-inteligenciaartificial-no-brasil\/","title":{"rendered":"Descubra o Futuro da Intelig\u00eancia Artificial no Brasil"},"content":{"rendered":"\n<h1 class=\"wp-block-heading\"><strong>Descubra o Futuro da Intelig\u00eancia Artificial no Brasil<\/strong><\/h1>\n\n\n\n<p>Junte-se a n\u00f3s em uma palestra que ir\u00e1 desvendar os segredos do mercado de IA no Brasil, uma for\u00e7a que est\u00e1 remodelando o futuro diante de nossos olhos.<br><br><strong>Sobre o Evento:<\/strong><br>Nossa palestra cobrir\u00e1 t\u00f3picos cruciais, incluindo a infraestrutura necess\u00e1ria para sustentar o crescimento acelerado da IA, as \u00e1reas mais promissoras para investimentos estrat\u00e9gicos no Brasil, e um olhar detalhado sobre o estado atual da regula\u00e7\u00e3o que molda este campo din\u00e2mico:&nbsp;<br><br>*Infraestrutura de Ponta:* Entenda o que \u00e9 necess\u00e1rio para criar um ecossistema de IA robusto e como o Brasil est\u00e1 se posicionando neste cen\u00e1rio global.<br>*Oportunidades de Investimento:* Descubra as \u00e1reas com maior potencial de inova\u00e7\u00e3o e crescimento no mercado brasileiro de IA.<br>*Regula\u00e7\u00e3o Atualizada:* Fique por dentro das mais recentes regulamenta\u00e7\u00f5es governamentais que influenciam a implementa\u00e7\u00e3o e desenvolvimento da IA no pa\u00eds.<\/p>\n\n\n\n<div class=\"wp-block-media-text is-stacked-on-mobile\" style=\"grid-template-columns:29% auto\"><figure class=\"wp-block-media-text__media\"><img loading=\"lazy\" decoding=\"async\" width=\"750\" height=\"733\" src=\"https:\/\/www.swedcham.com.br\/wp-content\/uploads\/2024\/03\/Gustavo-Macedo-2.png\" alt=\"\" class=\"wp-image-27364 size-full\" srcset=\"https:\/\/www.swedcham.com.br\/wp-content\/uploads\/2024\/03\/Gustavo-Macedo-2.png 750w, https:\/\/www.swedcham.com.br\/wp-content\/uploads\/2024\/03\/Gustavo-Macedo-2-300x293.png 300w, https:\/\/www.swedcham.com.br\/wp-content\/uploads\/2024\/03\/Gustavo-Macedo-2-600x586.png 600w\" sizes=\"auto, (max-width: 750px) 100vw, 750px\" \/><\/figure><div class=\"wp-block-media-text__content\">\n<p><strong>Gustavo Macedo <\/strong>&nbsp;&#8211; especialista em intelig\u00eancia artificial, diplomacia cientifica e inova\u00e7\u00e3o. Palestrante e consultor de empresas. Professor de administra\u00e7\u00e3o e economia do INSPER, e professor de rela\u00e7\u00f5es internacionais do IBMEC. Consultor da ONU para intelig\u00eancia artificial, e pesquisador da USP em inova\u00e7\u00e3o. Doutor pela USP\/Columbia University. @profgustavomacedo. Comentarista frequente nos canais da Band, Record, Globo e outras emissoras de TV.<\/p>\n<\/div><\/div>\n\n\n\n<p><\/p>\n\n\n\n<p><strong>Quando:&nbsp;<\/strong><br>Quinta-feira, 4 de abril \u00e0s 18:00<\/p>\n\n\n\n<p><strong>Agenda:<\/strong><br>18:00 &#8211; Welcome Coffee<br>18:30 &#8211; Bem vindos &#8211; Jonas Lindstr\u00f6m&nbsp;&#8211; Diretor Executivo da Swedcham<br>18:35 &#8211; Apresenta\u00e7\u00e3o &#8211; Gustavo Macedo<br>19:30 &#8211; Encerramento&nbsp;<br>19:30 &#8211; Happy Hour<\/p>\n\n\n\n<p><strong>Onde:<\/strong><br>Swedcham &#8211; Rua Oscar Freire, 379 &#8211; cj 121&nbsp;<\/p>\n\n\n\n<p><strong>Investimento:<\/strong><br><strong>Sem custo para associados da Swedcham <\/strong><br><strong>N\u00e3o associados:<\/strong> R$80,00 &#8211; entrar em contato com a Swedcham<\/p>\n\n\n\n<p><strong>Estacionamento:<\/strong><br>Recomendamos o estacionamento do Hotel Regent Park &#8211; Rua Oscar Freire, 533.<\/p>\n\n\n\n<div class=\"wp-block-buttons is-layout-flex wp-block-buttons-is-layout-flex\">\n<div class=\"wp-block-button\"><a class=\"wp-block-button__link has-background wp-element-button\" href=\"https:\/\/docs.google.com\/forms\/d\/e\/1FAIpQLSfNZ0Vch6V8Jl_2qz-Hq4Wa3SpaBAUQl57xd7tvlJQvbWcBlQ\/viewform?vc=0&amp;c=0&amp;w=1&amp;flr=0\" style=\"background-color:#0f4463\">Associados &#8211; Confirme aqui sua presen\u00e7a!<\/a><\/div>\n<\/div>\n","protected":false},"excerpt":{"rendered":"<p>Descubra o Futuro da Intelig\u00eancia Artificial no Brasil Junte-se a n\u00f3s em uma palestra que ir\u00e1 desvendar os segredos do<\/p>\n","protected":false},"featured_media":27374,"template":"","meta":[],"product_brand":[],"product_cat":[228],"product_tag":[],"class_list":{"0":"post-27369","1":"product","2":"type-product","3":"status-publish","4":"has-post-thumbnail","6":"product_cat-our-events","8":"first","9":"instock","10":"shipping-taxable","11":"purchasable","12":"product-type-variable"},"_links":{"self":[{"href":"https:\/\/www.swedcham.com.br\/en\/wp-json\/wp\/v2\/product\/27369","targetHints":{"allow":["GET"]}}],"collection":[{"href":"https:\/\/www.swedcham.com.br\/en\/wp-json\/wp\/v2\/product"}],"about":[{"href":"https:\/\/www.swedcham.com.br\/en\/wp-json\/wp\/v2\/types\/product"}],"wp:featuredmedia":[{"embeddable":true,"href":"https:\/\/www.swedcham.com.br\/en\/wp-json\/wp\/v2\/media\/27374"}],"wp:attachment":[{"href":"https:\/\/www.swedcham.com.br\/en\/wp-json\/wp\/v2\/media?parent=27369"}],"wp:term":[{"taxonomy":"product_brand","embeddable":true,"href":"https:\/\/www.swedcham.com.br\/en\/wp-json\/wp\/v2\/product_brand?post=27369"},{"taxonomy":"product_cat","embeddable":true,"href":"https:\/\/www.swedcham.com.br\/en\/wp-json\/wp\/v2\/product_cat?post=27369"},{"taxonomy":"product_tag","embeddable":true,"href":"https:\/\/www.swedcham.com.br\/en\/wp-json\/wp\/v2\/product_tag?post=27369"}],"curies":[{"name":"wp","href":"https:\/\/api.w.org\/{rel}","templated":true}]}}