{"id":27334,"date":"2024-02-28T15:30:58","date_gmt":"2024-02-28T18:30:58","guid":{"rendered":"https:\/\/www.swedcham.com.br\/?post_type=product&#038;p=27334"},"modified":"2024-02-28T15:31:00","modified_gmt":"2024-02-28T18:31:00","slug":"visita-a-empresa-alfa-laval","status":"publish","type":"product","link":"https:\/\/www.swedcham.com.br\/en\/product\/uncategorized\/visita-a-empresa-alfa-laval\/","title":{"rendered":"Visita \u00e0 empresa Alfa Laval"},"content":{"rendered":"\n<figure class=\"wp-block-image size-large is-resized\"><a href=\"https:\/\/www.swedcham.com.br\/wp-content\/uploads\/2024\/02\/WhatsApp-Image-2024-02-22-at-15.30.52-e1708697020636.jpeg\"><img loading=\"lazy\" decoding=\"async\" width=\"1024\" height=\"1024\" src=\"https:\/\/www.swedcham.com.br\/wp-content\/uploads\/2024\/02\/WhatsApp-Image-2024-02-22-at-15.30.52-1024x1024.jpeg\" alt=\"\" class=\"wp-image-27330\" style=\"width:742px;height:auto\"\/><\/a><\/figure>\n\n\n\n<p>A C\u00e2mara Sueca convida seus associados para uma visita exclusiva \u00e0 <strong>Alfa Laval.<\/strong><\/p>\n\n\n\n<p><strong>Fabio Ricardi <\/strong>(Head de Marketing Latam), <strong>Gustavo Carvalho<\/strong> (Gerente da Divis\u00e3o Energy, Sustentabilidade), <strong>Rafael Costa <\/strong>(Gerente da Divis\u00e3o Service) e <strong>Filipe Oliveira <\/strong>(Gerente de F\u00e1brica) estar\u00e3o conosco e est\u00e3o prontos para responder a quaisquer perguntas que voc\u00ea possa ter.<\/p>\n\n\n\n<p><strong>Alfa Laval Global:<\/strong><br>A Alfa Laval \u00e9 l\u00edder mundial de produtos de alta qualidade nas \u00e1reas de transfer\u00eancia de calor, separa\u00e7\u00e3o e manuseio de fluidos. Com esses como base, a Alfa Laval tem como objetivo ajudar a aumentar a produtividade e a competitividade de seus clientes em v\u00e1rias ind\u00fastrias ao redor do mundo. Definimos seus desafios e entregamos produtos e solu\u00e7\u00f5es sustent\u00e1veis que atendam \u00e0s suas necessidades &#8211; principalmente nos setores de energia, meio ambiente, alimentos e ind\u00fastria mar\u00edtima.<\/p>\n\n\n\n<p><strong>Alfa Laval Brasil:<\/strong><br>Presente no Brasil desde 1959, contribu\u00edmos para a revolu\u00e7\u00e3o energ\u00e9tica brasileira nos anos 70, desenvolvendo solu\u00e7\u00f5es e m\u00e1quinas locais para a produ\u00e7\u00e3o de etanol. Ao longo das d\u00e9cadas, consolidamos nossa posi\u00e7\u00e3o como um parceiro estrat\u00e9gico de neg\u00f3cios para nossos clientes em diversas ind\u00fastrias no Brasil, tais como: Etanol, Latic\u00ednios, \u00d3leo &amp; Gorduras, Petr\u00f3leo &amp; G\u00e1s, Minera\u00e7\u00e3o, etc. Nossa miss\u00e3o \u00e9 acelerar o sucesso de nossos colaboradores, possibilitando que nossos clientes sejam sustent\u00e1veis e juntos criamos melhores condi\u00e7\u00f5es para as pessoas e nosso planeta.<\/p>\n\n\n\n<p>N\u00e3o perca essa oportunidade!<\/p>\n\n\n\n<p><strong>Quando:&nbsp;<\/strong><br>Quinta-feira, 07 de mar\u00e7o.<\/p>\n\n\n\n<p><strong>Agenda:<\/strong><br>08:00 &#8211; Sa\u00edda da Swedcham&nbsp;<br>09:00 <strong>&#8211;&nbsp;<\/strong>Welcome coffee&nbsp;<br>09:30 &#8211; Apresenta\u00e7\u00e3o Alfa Laval&nbsp;<br>10:30 &#8211; Bate papo<br>11:30 &#8211; Visita \u00e0 f\u00e1brica<br>13:00 &#8211; Almo\u00e7o<br>14:00 &#8211; Retorno para Swedcham<\/p>\n\n\n\n<p><strong>P\u00fablico alvo:<\/strong> Young Professionals<\/p>\n\n\n\n<p><strong>O&nbsp;evento \u00e9 exclusivo para associados.<\/strong><\/p>\n\n\n\n<div class=\"wp-block-buttons is-layout-flex wp-block-buttons-is-layout-flex\">\n<div class=\"wp-block-button has-custom-width wp-block-button__width-75\"><a class=\"wp-block-button__link has-background wp-element-button\" href=\"https:\/\/docs.google.com\/forms\/d\/e\/1FAIpQLSfI8IJ6YPjX0kTuNyPx4SS9oLDUEyo7kyH_4rpz7oyghG672A\/viewform?vc=0&amp;c=0&amp;w=1&amp;flr=0\" style=\"background-color:#053a54\">Clique aqui para confirmar a sua presen\u00e7a!<\/a><\/div>\n<\/div>\n","protected":false},"excerpt":{"rendered":"<p>A C\u00e2mara Sueca convida seus associados para uma visita exclusiva \u00e0 Alfa Laval. Fabio Ricardi (Head de Marketing Latam), Gustavo<\/p>\n","protected":false},"featured_media":27333,"template":"","meta":[],"product_brand":[],"product_cat":[],"product_tag":[],"class_list":{"0":"post-27334","1":"product","2":"type-product","3":"status-publish","4":"has-post-thumbnail","7":"first","8":"instock","9":"shipping-taxable","10":"product-type-simple"},"_links":{"self":[{"href":"https:\/\/www.swedcham.com.br\/en\/wp-json\/wp\/v2\/product\/27334","targetHints":{"allow":["GET"]}}],"collection":[{"href":"https:\/\/www.swedcham.com.br\/en\/wp-json\/wp\/v2\/product"}],"about":[{"href":"https:\/\/www.swedcham.com.br\/en\/wp-json\/wp\/v2\/types\/product"}],"wp:featuredmedia":[{"embeddable":true,"href":"https:\/\/www.swedcham.com.br\/en\/wp-json\/wp\/v2\/media\/27333"}],"wp:attachment":[{"href":"https:\/\/www.swedcham.com.br\/en\/wp-json\/wp\/v2\/media?parent=27334"}],"wp:term":[{"taxonomy":"product_brand","embeddable":true,"href":"https:\/\/www.swedcham.com.br\/en\/wp-json\/wp\/v2\/product_brand?post=27334"},{"taxonomy":"product_cat","embeddable":true,"href":"https:\/\/www.swedcham.com.br\/en\/wp-json\/wp\/v2\/product_cat?post=27334"},{"taxonomy":"product_tag","embeddable":true,"href":"https:\/\/www.swedcham.com.br\/en\/wp-json\/wp\/v2\/product_tag?post=27334"}],"curies":[{"name":"wp","href":"https:\/\/api.w.org\/{rel}","templated":true}]}}