{"id":27321,"date":"2024-03-07T11:09:29","date_gmt":"2024-03-07T14:09:29","guid":{"rendered":"https:\/\/www.swedcham.com.br\/?post_type=product&#038;p=27321"},"modified":"2024-03-15T11:56:37","modified_gmt":"2024-03-15T14:56:37","slug":"explore-create-and-study-in-jonkoping-sweden-your-gateway-to-a-world-of-entrepreneurship-and-creativity","status":"publish","type":"product","link":"https:\/\/www.swedcham.com.br\/en\/product\/our-events\/explore-create-and-study-in-jonkoping-sweden-your-gateway-to-a-world-of-entrepreneurship-and-creativity\/","title":{"rendered":"Explore, Create, and Study in J\u00f6nk\u00f6ping, Sweden \u2013 Your Gateway to a World of Entrepreneurship and Creativity!"},"content":{"rendered":"\n<figure class=\"wp-block-embed is-type-video is-provider-youtube wp-block-embed-youtube wp-embed-aspect-16-9 wp-has-aspect-ratio\"><div class=\"wp-block-embed__wrapper\">\n<iframe loading=\"lazy\" title=\"Explore, Create, and Study in J\u00f6nk\u00f6ping, Sweden\" width=\"640\" height=\"360\" src=\"https:\/\/www.youtube.com\/embed\/r2WwvaIPRvQ?start=117&#038;feature=oembed\" frameborder=\"0\" allow=\"accelerometer; autoplay; clipboard-write; encrypted-media; gyroscope; picture-in-picture; web-share\" referrerpolicy=\"strict-origin-when-cross-origin\" allowfullscreen><\/iframe>\n<\/div><\/figure>\n\n\n\n<p>Welcome to learn about the opportunity to study in J\u00f6nk\u00f6ping University, one of the most international universities in Sweden offering high quality education and research. J\u00f6nk\u00f6ping is located strategically in the south of Sweden in the Sm\u00e5land region, known for its entrepreneurial and innovative ecosystem.<\/p>\n\n\n\n<p>The event was hosted by J\u00f6nk\u00f6ping University and the Swedish Chamber of Commerce in Brazil.<\/p>\n\n\n\n<p>Presenting:<\/p>\n\n\n\n<p><strong>Carla G Machado, <\/strong>Director of Societal Engagement and Assistant Professor in Business Administration, JlBS<\/p>\n\n\n\n<p><strong>&amp;<\/strong> <strong>JIBS alumni:<\/strong><\/p>\n\n\n\n<p><strong>Victor Vallim,<\/strong> graduated from Bachelor in International Management (2020)<\/p>\n\n\n\n<p><strong>Lucas Alban<\/strong>, graduated from Master International Marketing (2018)<\/p>\n\n\n\n<p>Date: <strong>12 March, 2024<\/strong><\/p>\n","protected":false},"excerpt":{"rendered":"<p>Welcome to learn about the opportunity to study in J\u00f6nk\u00f6ping University, one of the most international universities in Sweden offering<\/p>\n","protected":false},"featured_media":27325,"template":"","meta":[],"product_brand":[],"product_cat":[228],"product_tag":[],"class_list":{"0":"post-27321","1":"product","2":"type-product","3":"status-publish","4":"has-post-thumbnail","6":"product_cat-our-events","8":"first","9":"instock","10":"shipping-taxable","11":"product-type-simple"},"_links":{"self":[{"href":"https:\/\/www.swedcham.com.br\/en\/wp-json\/wp\/v2\/product\/27321","targetHints":{"allow":["GET"]}}],"collection":[{"href":"https:\/\/www.swedcham.com.br\/en\/wp-json\/wp\/v2\/product"}],"about":[{"href":"https:\/\/www.swedcham.com.br\/en\/wp-json\/wp\/v2\/types\/product"}],"wp:featuredmedia":[{"embeddable":true,"href":"https:\/\/www.swedcham.com.br\/en\/wp-json\/wp\/v2\/media\/27325"}],"wp:attachment":[{"href":"https:\/\/www.swedcham.com.br\/en\/wp-json\/wp\/v2\/media?parent=27321"}],"wp:term":[{"taxonomy":"product_brand","embeddable":true,"href":"https:\/\/www.swedcham.com.br\/en\/wp-json\/wp\/v2\/product_brand?post=27321"},{"taxonomy":"product_cat","embeddable":true,"href":"https:\/\/www.swedcham.com.br\/en\/wp-json\/wp\/v2\/product_cat?post=27321"},{"taxonomy":"product_tag","embeddable":true,"href":"https:\/\/www.swedcham.com.br\/en\/wp-json\/wp\/v2\/product_tag?post=27321"}],"curies":[{"name":"wp","href":"https:\/\/api.w.org\/{rel}","templated":true}]}}