{"id":27198,"date":"2023-12-18T10:00:03","date_gmt":"2023-12-18T13:00:03","guid":{"rendered":"https:\/\/www.swedcham.com.br\/?post_type=product&#038;p=27198"},"modified":"2023-12-18T10:00:03","modified_gmt":"2023-12-18T13:00:03","slug":"feliz-natal-e-prospero-ano-novo","status":"publish","type":"product","link":"https:\/\/www.swedcham.com.br\/en\/product\/uncategorized\/feliz-natal-e-prospero-ano-novo\/","title":{"rendered":"Feliz Natal e Pr\u00f3spero Ano Novo!"},"content":{"rendered":"\n<figure class=\"wp-block-image size-full\"><a href=\"https:\/\/www.swedcham.com.br\/wp-content\/uploads\/2023\/12\/natal.png\"><img loading=\"lazy\" decoding=\"async\" width=\"735\" height=\"141\" src=\"https:\/\/www.swedcham.com.br\/wp-content\/uploads\/2023\/12\/natal.png\" alt=\"\" class=\"wp-image-27196\" srcset=\"https:\/\/www.swedcham.com.br\/wp-content\/uploads\/2023\/12\/natal.png 735w, https:\/\/www.swedcham.com.br\/wp-content\/uploads\/2023\/12\/natal-300x58.png 300w, https:\/\/www.swedcham.com.br\/wp-content\/uploads\/2023\/12\/natal-600x115.png 600w\" sizes=\"auto, (max-width: 735px) 100vw, 735px\" \/><\/a><\/figure>\n\n\n\n<p><strong>Esse ano a Swedcham completou 70 anos no Brasil!<br>Agradecemos e brindamos a todos voc\u00eas que fazem parte dessa hist\u00f3ria!<br><br>A todos nossos associados e amigos desejamos um Feliz Natal e um Pr\u00f3spero Ano Novo!<\/strong><br><br><strong>Que 2024\u00a0traga muita sa\u00fade, amor e paz!<\/strong><\/p>\n\n\n\n<p><br>Informamos que a Swedcham\u00a0entrar\u00e1 em recesso no dia 21\/12\/2023\u00a0 e retorna suas atividades\u00a0dia 02\/01\/2024.*\u00a0<br><br>Equipe Swedcham<br><br>*\u00a0<em>The Chamber will close on\u00a0the 21st\u00a0of December\u00a0 and\u00a0re-open the 2nd of January.<br><br>Happy Holidays!<\/em><\/p>\n","protected":false},"excerpt":{"rendered":"<p>Esse ano a Swedcham completou 70 anos no Brasil!Agradecemos e brindamos a todos voc\u00eas que fazem parte dessa hist\u00f3ria! A<\/p>\n","protected":false},"featured_media":27195,"template":"","meta":[],"product_brand":[],"product_cat":[],"product_tag":[],"class_list":{"0":"post-27198","1":"product","2":"type-product","3":"status-publish","4":"has-post-thumbnail","7":"first","8":"instock","9":"shipping-taxable","10":"product-type-simple"},"_links":{"self":[{"href":"https:\/\/www.swedcham.com.br\/en\/wp-json\/wp\/v2\/product\/27198","targetHints":{"allow":["GET"]}}],"collection":[{"href":"https:\/\/www.swedcham.com.br\/en\/wp-json\/wp\/v2\/product"}],"about":[{"href":"https:\/\/www.swedcham.com.br\/en\/wp-json\/wp\/v2\/types\/product"}],"wp:featuredmedia":[{"embeddable":true,"href":"https:\/\/www.swedcham.com.br\/en\/wp-json\/wp\/v2\/media\/27195"}],"wp:attachment":[{"href":"https:\/\/www.swedcham.com.br\/en\/wp-json\/wp\/v2\/media?parent=27198"}],"wp:term":[{"taxonomy":"product_brand","embeddable":true,"href":"https:\/\/www.swedcham.com.br\/en\/wp-json\/wp\/v2\/product_brand?post=27198"},{"taxonomy":"product_cat","embeddable":true,"href":"https:\/\/www.swedcham.com.br\/en\/wp-json\/wp\/v2\/product_cat?post=27198"},{"taxonomy":"product_tag","embeddable":true,"href":"https:\/\/www.swedcham.com.br\/en\/wp-json\/wp\/v2\/product_tag?post=27198"}],"curies":[{"name":"wp","href":"https:\/\/api.w.org\/{rel}","templated":true}]}}