{"id":27155,"date":"2024-04-26T10:03:37","date_gmt":"2024-04-26T13:03:37","guid":{"rendered":"https:\/\/www.swedcham.com.br\/?post_type=product&#038;p=27155"},"modified":"2024-04-26T10:03:39","modified_gmt":"2024-04-26T13:03:39","slug":"curso-esg-descomplicado-da-pratica-aos-desafios","status":"publish","type":"product","link":"https:\/\/www.swedcham.com.br\/en\/product\/our-events\/curso-esg-descomplicado-da-pratica-aos-desafios\/","title":{"rendered":"Curso &#8211; ESG Descomplicado: da pr\u00e1tica aos desafios"},"content":{"rendered":"\n<p><strong>ESG<\/strong> \u00e9 um tema essencialmente complexo por envolver quest\u00f5es interdisciplinares, multifacetadas e que, em sua completude, abrange v\u00e1rias profiss\u00f5es e diferentes abordagens. Em raz\u00e3o disso, muitos profissionais se sentem inseguros no processo de implementa\u00e7\u00e3o dos crit\u00e9rios ESG nas organiza\u00e7\u00f5es, na escolha das metodologias, nos caminhos a serem seguidos, quanto aos pontos a serem priorizados, entre outros.<\/p>\n\n\n\n<p>E foi pensando nessas quest\u00f5es que as professoras Patr\u00edcia&nbsp;Bianchi&nbsp;e Karin Vecchiatti elaboraram o curso \u201cESG Descomplicado: da pr\u00e1tica aos desafios\u201d. O curso visa conferir aos participantes uma ampla perspectiva sobre ESG, mesclando aspectos te\u00f3ricos relevantes sobre a mat\u00e9ria com os principais&nbsp;<em>cases<\/em>&nbsp;de empresas que implementaram o ESG em seus planos estrat\u00e9gicos.<\/p>\n\n\n\n<p>Pretende-se conferir aos participantes recursos te\u00f3ricos e, sobretudo, PR\u00c1TICOS, nos moldes de um passo a passo, para a aplica\u00e7\u00e3o daqueles crit\u00e9rios na organiza\u00e7\u00e3o, desde a fase diagn\u00f3stica ao plano estrat\u00e9gico da empresa, terminando com os principais desafios futuros que cercam o tema.<\/p>\n\n\n\n<p>As aulas s\u00e3o online e ao vivo e acontecer\u00e3o de<strong>&nbsp;07 a 16 de maio de 2024<\/strong>&nbsp;(dias 07, 08, 09, 14, 15, 16\/05, ter\u00e7a a quinta, das 18h40 \u00e0s 21h40). S\u00e3o 6 aulas de 3 tr\u00eas horas de dura\u00e7\u00e3o cada, totalizando 18 horas de curso. &nbsp;<\/p>\n\n\n\n<p><strong>Descontos especiais<\/strong>&nbsp;para estudantes, associados da Associa\u00e7\u00e3o Brasileira de Professores de Direito Ambiental &#8211; Aprodab e associados da C\u00e2mara de Com\u00e9rcio Sueco-Brasileira.<\/p>\n\n\n\n<p><strong>As vagas s\u00e3o LIMITADAS!<\/strong><\/p>\n\n\n\n<p><strong>Conte\u00fado do curso, informa\u00e7\u00f5es sobre pagamento e Inscri\u00e7\u00f5es:<\/strong><\/p>\n\n\n\n<div class=\"wp-block-buttons is-layout-flex wp-block-buttons-is-layout-flex\">\n<div class=\"wp-block-button has-custom-width wp-block-button__width-100\"><a class=\"wp-block-button__link has-background wp-element-button\" href=\"https:\/\/docs.google.com\/forms\/d\/e\/1FAIpQLSfmeDufXvxh6lpFEz2AIPRw9LxqUlJ6MDOpCFaAK42mi7_E-w\/viewform?pli=1\" style=\"background-color:#11415d\">Clique aqui para fazer sua inscri\u00e7\u00e3o!<\/a><\/div>\n<\/div>\n","protected":false},"excerpt":{"rendered":"<p>ESG \u00e9 um tema essencialmente complexo por envolver quest\u00f5es interdisciplinares, multifacetadas e que, em sua completude, abrange v\u00e1rias profiss\u00f5es e<\/p>\n","protected":false},"featured_media":27361,"template":"","meta":[],"product_brand":[],"product_cat":[228],"product_tag":[],"class_list":{"0":"post-27155","1":"product","2":"type-product","3":"status-publish","4":"has-post-thumbnail","6":"product_cat-our-events","8":"first","9":"instock","10":"shipping-taxable","11":"product-type-simple"},"_links":{"self":[{"href":"https:\/\/www.swedcham.com.br\/en\/wp-json\/wp\/v2\/product\/27155","targetHints":{"allow":["GET"]}}],"collection":[{"href":"https:\/\/www.swedcham.com.br\/en\/wp-json\/wp\/v2\/product"}],"about":[{"href":"https:\/\/www.swedcham.com.br\/en\/wp-json\/wp\/v2\/types\/product"}],"wp:featuredmedia":[{"embeddable":true,"href":"https:\/\/www.swedcham.com.br\/en\/wp-json\/wp\/v2\/media\/27361"}],"wp:attachment":[{"href":"https:\/\/www.swedcham.com.br\/en\/wp-json\/wp\/v2\/media?parent=27155"}],"wp:term":[{"taxonomy":"product_brand","embeddable":true,"href":"https:\/\/www.swedcham.com.br\/en\/wp-json\/wp\/v2\/product_brand?post=27155"},{"taxonomy":"product_cat","embeddable":true,"href":"https:\/\/www.swedcham.com.br\/en\/wp-json\/wp\/v2\/product_cat?post=27155"},{"taxonomy":"product_tag","embeddable":true,"href":"https:\/\/www.swedcham.com.br\/en\/wp-json\/wp\/v2\/product_tag?post=27155"}],"curies":[{"name":"wp","href":"https:\/\/api.w.org\/{rel}","templated":true}]}}