{"id":27069,"date":"2023-11-12T13:33:25","date_gmt":"2023-11-12T16:33:25","guid":{"rendered":"https:\/\/www.swedcham.com.br\/?post_type=product&#038;p=27069"},"modified":"2023-11-28T16:21:36","modified_gmt":"2023-11-28T19:21:36","slug":"desafios-e-oportunidades-relacionados-ao-hidrogenio-verde-no-brasil","status":"publish","type":"product","link":"https:\/\/www.swedcham.com.br\/en\/product\/our-events\/desafios-e-oportunidades-relacionados-ao-hidrogenio-verde-no-brasil\/","title":{"rendered":"Desafios e oportunidades relacionados ao hidrog\u00eanio verde no Brasil\u00a0"},"content":{"rendered":"\n<figure class=\"wp-block-embed is-type-video is-provider-youtube wp-block-embed-youtube wp-embed-aspect-16-9 wp-has-aspect-ratio\"><div class=\"wp-block-embed__wrapper\">\n<iframe loading=\"lazy\" title=\"Desafios e oportunidades relacionados ao hidrog\u00eanio verde no Brasil\" width=\"640\" height=\"360\" src=\"https:\/\/www.youtube.com\/embed\/BVsMS8xVajs?feature=oembed\" frameborder=\"0\" allow=\"accelerometer; autoplay; clipboard-write; encrypted-media; gyroscope; picture-in-picture; web-share\" referrerpolicy=\"strict-origin-when-cross-origin\" allowfullscreen><\/iframe>\n<\/div><\/figure>\n\n\n\n<p>Nesta reuni\u00e3o do Comit\u00ea\u00a0ESG da Swedcham, a\u00a0<em>Mirow &amp; Co<\/em>., consultoria associada \u00e0 C\u00e2mara Sueca, apresentou uma vis\u00e3o sobre\u00a0o<strong>\u00a0<\/strong>desenvolvimento de hidrog\u00eanio verdeno mundo e<strong>\u00a0desafios, oportunidades e proje\u00e7\u00f5es para o hidrog\u00eanio verde no Brasil.<\/strong><\/p>\n\n\n\n<p>Tamb\u00e9m discutimos pontos-chave do\u00a0<em>Manual de Sourcing Respons\u00e1vel\u00a0<\/em>em elabora\u00e7\u00e3o pelo Comit\u00ea.<\/p>\n\n\n\n<div class=\"wp-block-media-text is-stacked-on-mobile\" style=\"grid-template-columns:20% auto\"><figure class=\"wp-block-media-text__media\"><img loading=\"lazy\" decoding=\"async\" width=\"200\" height=\"200\" src=\"https:\/\/www.swedcham.com.br\/wp-content\/uploads\/2023\/11\/renato.jpg\" alt=\"\" class=\"wp-image-27067 size-full\" srcset=\"https:\/\/www.swedcham.com.br\/wp-content\/uploads\/2023\/11\/renato.jpg 200w, https:\/\/www.swedcham.com.br\/wp-content\/uploads\/2023\/11\/renato-150x150.jpg 150w, https:\/\/www.swedcham.com.br\/wp-content\/uploads\/2023\/11\/renato-100x100.jpg 100w\" sizes=\"auto, (max-width: 200px) 100vw, 200px\" \/><\/figure><div class=\"wp-block-media-text__content\">\n<p><strong>Renato de Alvarenga<\/strong>&nbsp;\u00e9 Senior Expert na&nbsp;<strong>Mirow &amp; Co.&nbsp;<\/strong>desde 2014. Tem foco em&nbsp;estrat\u00e9gia, novos neg\u00f3cios, inova\u00e7\u00e3o e organiza\u00e7\u00e3o nos setores de energia, servi\u00e7os, ind\u00fastria de base, fertilizantes e tecnologia. Ocupou diferentes posi\u00e7\u00f5es de diretoria e ger\u00eancia nas empresas do Grupo Endesa\/Enel.&nbsp;Foi tamb\u00e9m gerente de projetos na McKinsey &amp; Company entre 1999 e 2003.<\/p>\n<\/div><\/div>\n\n\n\n<p><\/p>\n\n\n\n<figure class=\"wp-block-table\"><table><tbody><tr><td><br><\/td><\/tr><\/tbody><\/table><\/figure>\n","protected":false},"excerpt":{"rendered":"<p>Nesta reuni\u00e3o do Comit\u00ea\u00a0ESG da Swedcham, a\u00a0Mirow &amp; Co., consultoria associada \u00e0 C\u00e2mara Sueca, apresentou uma vis\u00e3o sobre\u00a0o\u00a0desenvolvimento de hidrog\u00eanio<\/p>\n","protected":false},"featured_media":27076,"template":"","meta":[],"product_brand":[],"product_cat":[228],"product_tag":[],"class_list":{"0":"post-27069","1":"product","2":"type-product","3":"status-publish","4":"has-post-thumbnail","6":"product_cat-our-events","8":"first","9":"instock","10":"shipping-taxable","11":"product-type-simple"},"_links":{"self":[{"href":"https:\/\/www.swedcham.com.br\/en\/wp-json\/wp\/v2\/product\/27069","targetHints":{"allow":["GET"]}}],"collection":[{"href":"https:\/\/www.swedcham.com.br\/en\/wp-json\/wp\/v2\/product"}],"about":[{"href":"https:\/\/www.swedcham.com.br\/en\/wp-json\/wp\/v2\/types\/product"}],"wp:featuredmedia":[{"embeddable":true,"href":"https:\/\/www.swedcham.com.br\/en\/wp-json\/wp\/v2\/media\/27076"}],"wp:attachment":[{"href":"https:\/\/www.swedcham.com.br\/en\/wp-json\/wp\/v2\/media?parent=27069"}],"wp:term":[{"taxonomy":"product_brand","embeddable":true,"href":"https:\/\/www.swedcham.com.br\/en\/wp-json\/wp\/v2\/product_brand?post=27069"},{"taxonomy":"product_cat","embeddable":true,"href":"https:\/\/www.swedcham.com.br\/en\/wp-json\/wp\/v2\/product_cat?post=27069"},{"taxonomy":"product_tag","embeddable":true,"href":"https:\/\/www.swedcham.com.br\/en\/wp-json\/wp\/v2\/product_tag?post=27069"}],"curies":[{"name":"wp","href":"https:\/\/api.w.org\/{rel}","templated":true}]}}