{"id":26862,"date":"2023-09-22T16:26:41","date_gmt":"2023-09-22T19:26:41","guid":{"rendered":"https:\/\/www.swedcham.com.br\/?post_type=product&#038;p=26862"},"modified":"2023-10-05T12:25:14","modified_gmt":"2023-10-05T15:25:14","slug":"como-historias-bem-contadas-contribuem-para-a-perpetuidade-das-marcas","status":"publish","type":"product","link":"https:\/\/www.swedcham.com.br\/en\/product\/our-events\/como-historias-bem-contadas-contribuem-para-a-perpetuidade-das-marcas\/","title":{"rendered":"Como hist\u00f3rias bem contadas contribuem para a  perpetuidade das marcas"},"content":{"rendered":"\n<figure class=\"wp-block-embed is-type-video is-provider-youtube wp-block-embed-youtube wp-embed-aspect-16-9 wp-has-aspect-ratio\"><div class=\"wp-block-embed__wrapper\">\n<iframe loading=\"lazy\" title=\"Como Hist\u00f3rias Bem Contadas Contribuem para a Perpetuidade das Marcas\" width=\"640\" height=\"360\" src=\"https:\/\/www.youtube.com\/embed\/2EYu4fyerCs?feature=oembed\" frameborder=\"0\" allow=\"accelerometer; autoplay; clipboard-write; encrypted-media; gyroscope; picture-in-picture; web-share\" referrerpolicy=\"strict-origin-when-cross-origin\" allowfullscreen><\/iframe>\n<\/div><\/figure>\n\n\n\n<p><strong>COMO HIST\u00d3RIAS BEM CONTADAS CONTRIBUEM PARA A PERPETUIDADE DAS MARCAS<\/strong><\/p>\n\n\n\n<p>O comunicador <strong>Marcelo Duarte<\/strong>, autor do best seller &#8220;O Guia dos Curiosos&#8221;, iniciou a investiga\u00e7\u00e3o de hist\u00f3rias de marcas em 1996, quando as empresas ainda n\u00e3o tinham sites e tamb\u00e9m n\u00e3o havia o Google. Hist\u00f3rias de marcas como Omo, Fanta e Toddy d\u00e3o o tom da dificuldade de realizar esse trabalho. &nbsp;Ao saltarmos para 2023, vamos perceber que muitas empresas aprenderam a cuidar bem de sua mem\u00f3ria, mas que h\u00e1 muitas que ainda d\u00e3o pouca aten\u00e7\u00e3o a algo que pode contribuir para a perpetuidade de suas marcas. Uma prova \u00e9 como os p\u00fablicos das redes sociais s\u00e3o apaixonados e engajados por essas hist\u00f3rias.&nbsp;<\/p>\n\n\n\n<div class=\"wp-block-media-text is-stacked-on-mobile\" style=\"grid-template-columns:20% auto\"><figure class=\"wp-block-media-text__media\"><img loading=\"lazy\" decoding=\"async\" width=\"225\" height=\"225\" src=\"https:\/\/www.swedcham.com.br\/wp-content\/uploads\/2023\/09\/Marcelo-Duarte.jpg\" alt=\"\" class=\"wp-image-26860 size-full\" srcset=\"https:\/\/www.swedcham.com.br\/wp-content\/uploads\/2023\/09\/Marcelo-Duarte.jpg 225w, https:\/\/www.swedcham.com.br\/wp-content\/uploads\/2023\/09\/Marcelo-Duarte-150x150.jpg 150w, https:\/\/www.swedcham.com.br\/wp-content\/uploads\/2023\/09\/Marcelo-Duarte-100x100.jpg 100w\" sizes=\"auto, (max-width: 225px) 100vw, 225px\" \/><\/figure><div class=\"wp-block-media-text__content\">\n<p class=\"has-text-align-left\"><strong>Marcelo Duarte <\/strong>\u00e9 jornalista, escritor, apresentador, curador de curiosidades e criador de solu\u00e7\u00f5es criativas. &nbsp;Autor da cole\u00e7\u00e3o \u201cO Guia dos Curiosos\u201d, j\u00e1 tem 35 livros publicados. Passou por alguns dos mais importantes ve\u00edculos de comunica\u00e7\u00e3o do pa\u00eds. Comanda desde agosto de 2020 os perfis do \u201cGuia dos Curiosos\u201d no YouTube, no Instagram, no TikTok, no Facebook e no Spotify, alcan\u00e7ando um total de cerca de 1 milh\u00e3o de seguidores.<\/p>\n<\/div><\/div>\n\n\n\n<p><\/p>\n\n\n\n<p><strong>Quando:&nbsp;<\/strong><br>Quinta-feira, 05 de outubro<\/p>\n\n\n\n<p><\/p>\n","protected":false},"excerpt":{"rendered":"<p>COMO HIST\u00d3RIAS BEM CONTADAS CONTRIBUEM PARA A PERPETUIDADE DAS MARCAS O comunicador Marcelo Duarte, autor do best seller &#8220;O Guia<\/p>\n","protected":false},"featured_media":26886,"template":"","meta":[],"product_brand":[],"product_cat":[228],"product_tag":[],"class_list":{"0":"post-26862","1":"product","2":"type-product","3":"status-publish","4":"has-post-thumbnail","6":"product_cat-our-events","8":"first","9":"instock","10":"shipping-taxable","11":"product-type-simple"},"_links":{"self":[{"href":"https:\/\/www.swedcham.com.br\/en\/wp-json\/wp\/v2\/product\/26862","targetHints":{"allow":["GET"]}}],"collection":[{"href":"https:\/\/www.swedcham.com.br\/en\/wp-json\/wp\/v2\/product"}],"about":[{"href":"https:\/\/www.swedcham.com.br\/en\/wp-json\/wp\/v2\/types\/product"}],"wp:featuredmedia":[{"embeddable":true,"href":"https:\/\/www.swedcham.com.br\/en\/wp-json\/wp\/v2\/media\/26886"}],"wp:attachment":[{"href":"https:\/\/www.swedcham.com.br\/en\/wp-json\/wp\/v2\/media?parent=26862"}],"wp:term":[{"taxonomy":"product_brand","embeddable":true,"href":"https:\/\/www.swedcham.com.br\/en\/wp-json\/wp\/v2\/product_brand?post=26862"},{"taxonomy":"product_cat","embeddable":true,"href":"https:\/\/www.swedcham.com.br\/en\/wp-json\/wp\/v2\/product_cat?post=26862"},{"taxonomy":"product_tag","embeddable":true,"href":"https:\/\/www.swedcham.com.br\/en\/wp-json\/wp\/v2\/product_tag?post=26862"}],"curies":[{"name":"wp","href":"https:\/\/api.w.org\/{rel}","templated":true}]}}