{"id":26854,"date":"2023-10-06T11:41:22","date_gmt":"2023-10-06T14:41:22","guid":{"rendered":"https:\/\/www.swedcham.com.br\/?post_type=product&#038;p=26854"},"modified":"2023-10-19T11:33:52","modified_gmt":"2023-10-19T14:33:52","slug":"fintechs-operacoes-com-sociedade-de-credito-direto-scd-e-fidc","status":"publish","type":"product","link":"https:\/\/www.swedcham.com.br\/en\/product\/our-events\/fintechs-operacoes-com-sociedade-de-credito-direto-scd-e-fidc\/","title":{"rendered":"Fintechs: Opera\u00e7\u00f5es com Sociedade de Cr\u00e9dito Direto (SCD) e FIDC"},"content":{"rendered":"\n<p>O\u00a0Comit\u00ea Jur\u00eddico e de Neg\u00f3cios convida para a palestra:<br><br><strong>Fintechs: Opera\u00e7\u00f5es com Sociedade de Cr\u00e9dito Direto (SCD) e FIDC<\/strong><\/p>\n\n\n\n<figure class=\"wp-block-embed is-type-video is-provider-youtube wp-block-embed-youtube wp-embed-aspect-16-9 wp-has-aspect-ratio\"><div class=\"wp-block-embed__wrapper\">\n<iframe loading=\"lazy\" title=\"Fintechs: Opera\u00e7\u00f5es com Sociedade de Cr\u00e9dito Direto (SCD) e FIDC\" width=\"640\" height=\"360\" src=\"https:\/\/www.youtube.com\/embed\/cVwVVOb1SjY?feature=oembed\" frameborder=\"0\" allow=\"accelerometer; autoplay; clipboard-write; encrypted-media; gyroscope; picture-in-picture; web-share\" referrerpolicy=\"strict-origin-when-cross-origin\" allowfullscreen><\/iframe>\n<\/div><\/figure>\n\n\n\n<p>Neste encontro, nossos palestrantes abordaram as quest\u00f5es jur\u00eddicas (regras de constitui\u00e7\u00e3o e normas do BACEN) relacionados \u00e0 Sociedade de Cr\u00e9dito Direto (SCD), esp\u00e9cie de Fintech largamente utilizada para opera\u00e7\u00f5es de cr\u00e9dito por meio de plataforma eletr\u00f4nica, e modelos de opera\u00e7\u00f5es em que a SCD atua em conjunto com um FIDC, permitindo melhor alavancagem.<\/p>\n\n\n\n<div class=\"wp-block-media-text is-stacked-on-mobile\" style=\"grid-template-columns:20% auto\"><figure class=\"wp-block-media-text__media\"><img loading=\"lazy\" decoding=\"async\" width=\"477\" height=\"597\" src=\"https:\/\/www.swedcham.com.br\/wp-content\/uploads\/2023\/09\/olavo.jpg\" alt=\"\" class=\"wp-image-26849 size-full\" srcset=\"https:\/\/www.swedcham.com.br\/wp-content\/uploads\/2023\/09\/olavo.jpg 477w, https:\/\/www.swedcham.com.br\/wp-content\/uploads\/2023\/09\/olavo-240x300.jpg 240w\" sizes=\"auto, (max-width: 477px) 100vw, 477px\" \/><\/figure><div class=\"wp-block-media-text__content\">\n<p><strong>Olavo Guarnieri &#8211;&nbsp;<\/strong>Advogado com 20 anos de experi\u00eancia nas \u00e1reas do Direito Contratual, no Mercado Financeiro e de Capitais e no Direito Imobili\u00e1rio.<br>S\u00f3cio do Oliveira Paolucci Advogados, respons\u00e1vel pelas \u00e1reas de Contratos, Agroneg\u00f3cios, Mercado Financeiro e de Capitais e Direito Imobili\u00e1rio e Registral.<\/p>\n<\/div><\/div>\n\n\n\n<div style=\"height:100px\" aria-hidden=\"true\" class=\"wp-block-spacer\"><\/div>\n\n\n\n<div class=\"wp-block-media-text is-stacked-on-mobile\" style=\"grid-template-columns:20% auto\"><figure class=\"wp-block-media-text__media\"><img loading=\"lazy\" decoding=\"async\" width=\"731\" height=\"1024\" src=\"https:\/\/www.swedcham.com.br\/wp-content\/uploads\/2023\/09\/eeee-731x1024.jpg\" alt=\"\" class=\"wp-image-26851 size-full\" srcset=\"https:\/\/www.swedcham.com.br\/wp-content\/uploads\/2023\/09\/eeee-731x1024.jpg 731w, https:\/\/www.swedcham.com.br\/wp-content\/uploads\/2023\/09\/eeee-214x300.jpg 214w, https:\/\/www.swedcham.com.br\/wp-content\/uploads\/2023\/09\/eeee-768x1075.jpg 768w, https:\/\/www.swedcham.com.br\/wp-content\/uploads\/2023\/09\/eeee-600x840.jpg 600w, https:\/\/www.swedcham.com.br\/wp-content\/uploads\/2023\/09\/eeee.jpg 955w\" sizes=\"auto, (max-width: 731px) 100vw, 731px\" \/><\/figure><div class=\"wp-block-media-text__content\">\n<p><strong>Amauri de Oliveira<\/strong><br>Advogado inscrito na OAB\/SP desde 2005, com vasta experi\u00eancia nos setores Agroneg\u00f3cios, Mercado Financeiro e de Capitais, em especial na condu\u00e7\u00e3o de lit\u00edgios estrat\u00e9gicos e recupera\u00e7\u00e3o de cr\u00e9dito. Experi\u00eancia como&nbsp;<em>head<\/em>&nbsp;jur\u00eddico de grupo sucroalcooleiro e em renomados&nbsp;escrit\u00f3rios especializados em agroneg\u00f3cio e opera\u00e7\u00f5es estruturadas. Desde 2013 atua como s\u00f3cio de escrit\u00f3rios e em 2021 fundou o Oliveira Paolucci Advogados.<\/p>\n<\/div><\/div>\n\n\n\n<p><\/p>\n\n\n\n<p><\/p>\n\n\n\n<p><\/p>\n","protected":false},"excerpt":{"rendered":"<p>O\u00a0Comit\u00ea Jur\u00eddico e de Neg\u00f3cios convida para a palestra: Fintechs: Opera\u00e7\u00f5es com Sociedade de Cr\u00e9dito Direto (SCD) e FIDC Neste<\/p>\n","protected":false},"featured_media":26868,"template":"","meta":[],"product_brand":[],"product_cat":[228],"product_tag":[],"class_list":{"0":"post-26854","1":"product","2":"type-product","3":"status-publish","4":"has-post-thumbnail","6":"product_cat-our-events","8":"first","9":"instock","10":"shipping-taxable","11":"product-type-simple"},"_links":{"self":[{"href":"https:\/\/www.swedcham.com.br\/en\/wp-json\/wp\/v2\/product\/26854","targetHints":{"allow":["GET"]}}],"collection":[{"href":"https:\/\/www.swedcham.com.br\/en\/wp-json\/wp\/v2\/product"}],"about":[{"href":"https:\/\/www.swedcham.com.br\/en\/wp-json\/wp\/v2\/types\/product"}],"wp:featuredmedia":[{"embeddable":true,"href":"https:\/\/www.swedcham.com.br\/en\/wp-json\/wp\/v2\/media\/26868"}],"wp:attachment":[{"href":"https:\/\/www.swedcham.com.br\/en\/wp-json\/wp\/v2\/media?parent=26854"}],"wp:term":[{"taxonomy":"product_brand","embeddable":true,"href":"https:\/\/www.swedcham.com.br\/en\/wp-json\/wp\/v2\/product_brand?post=26854"},{"taxonomy":"product_cat","embeddable":true,"href":"https:\/\/www.swedcham.com.br\/en\/wp-json\/wp\/v2\/product_cat?post=26854"},{"taxonomy":"product_tag","embeddable":true,"href":"https:\/\/www.swedcham.com.br\/en\/wp-json\/wp\/v2\/product_tag?post=26854"}],"curies":[{"name":"wp","href":"https:\/\/api.w.org\/{rel}","templated":true}]}}