{"id":26732,"date":"2023-09-15T15:16:11","date_gmt":"2023-09-15T18:16:11","guid":{"rendered":"https:\/\/www.swedcham.com.br\/?post_type=product&#038;p=26732"},"modified":"2023-09-26T20:56:40","modified_gmt":"2023-09-26T23:56:40","slug":"evento-na-arena-ice-brasil","status":"publish","type":"product","link":"https:\/\/www.swedcham.com.br\/en\/product\/our-events\/evento-na-arena-ice-brasil\/","title":{"rendered":"Evento na ARENA ICE BRASIL"},"content":{"rendered":"\n<p>A <strong>Arena Ice Brasil <\/strong>\u00e9 um projeto da <strong>Confedera\u00e7\u00e3o Brasileira de Desportos no Gelo<\/strong>, que conta com Patina\u00e7\u00e3o, Hockey e as \u00fanicas pistas oficiais de Curling da Am\u00e9rica Latina.<\/p>\n\n\n\n<p>Venha conhecer o atleta <strong>Leandro Ribela <\/strong>&#8211; esquiador cross-country brasileiro.<br>Al\u00e9m de conversar sobre as semelhan\u00e7as nos desafios dos esportes de inverno&nbsp;e do mundo corporativo, vamos ter a oportunidade de jogar curling.<br>Nosso grupo ser\u00e1 recebido pelo sueco&nbsp;&nbsp;<strong>Anders Pettersson<\/strong>, presidente da&nbsp;Brazilian Snow Sports Federation (CBDN).<\/p>\n\n\n\n<p>Para quem desejar, tamb\u00e9m \u00e9 poss\u00edvel alugar patins e patinar no gelo com um instrutor.<br>Pre\u00e7os e mais informa\u00e7\u00f5es,<a href=\"https:\/\/www.arenaicebrasil.com.br\/arenaicebrasil\/1\/page\/landing-page\" target=\"_blank\" rel=\"noreferrer noopener\"> clique aqui.<\/a><\/p>\n\n\n\n<div class=\"wp-block-media-text is-stacked-on-mobile\" style=\"grid-template-columns:27% auto\"><figure class=\"wp-block-media-text__media\"><img loading=\"lazy\" decoding=\"async\" width=\"583\" height=\"600\" src=\"https:\/\/www.swedcham.com.br\/wp-content\/uploads\/2023\/08\/lean.png\" alt=\"\" class=\"wp-image-26730 size-medium\" srcset=\"https:\/\/www.swedcham.com.br\/wp-content\/uploads\/2023\/08\/lean.png 583w, https:\/\/www.swedcham.com.br\/wp-content\/uploads\/2023\/08\/lean-292x300.png 292w\" sizes=\"auto, (max-width: 583px) 100vw, 583px\" \/><\/figure><div class=\"wp-block-media-text__content\">\n<p class=\"has-small-font-size\"><strong>Leandro Ribela<\/strong> foi atleta de Ski Cross Country nos Jogos Ol\u00edmpicos de Inverno de Vancouver 2010 e Sochi 2014. Estudou economia na PUC-SP, foi instrutor e gerente de uma escola de ski nos EUA e se tornou treinador das equipes brasileiras em um Jogos Ol\u00edmpicos e tr\u00eas Paral\u00edmpicos. Nessa jornada conheceu 37 pa\u00edses, entre eles a Su\u00e9cia. Fundou a ONG Ski na Rua, para atender crian\u00e7as e adolescentes de baixa renda. Atualmente \u00e9 delegado t\u00e9cnico da FIS \u2013 Federa\u00e7\u00e3o Internacional de Ski e Coordenador do Programa Ol\u00edmpico e Paral\u00edmpico de Cross Country na CBDN \u2013 Confedera\u00e7\u00e3o Brasileira de Desportos na Neve.<\/p>\n<\/div><\/div>\n\n\n\n<p id=\"block-ae52972f-f220-45ef-bed2-5fae2565f2ec\"><\/p>\n\n\n\n<p><strong>Quando:<\/strong><br>Quinta-feira 21 de setembro \u00e0s 18h<\/p>\n\n\n\n<p><strong>Onde:<\/strong><br><strong>ARENA ICE BRASIL<\/strong><br>Av. Major Sylvio de Magalh\u00e3es Padilha, 16741 &#8211; Jardim Fonte do Morumbi &#8211; Dentro do estacionamento do P\u00e3o de A\u00e7\u00facar &#8211; Morumbi, na parte de tr\u00e1s, ao lado da entrada do estacionamento coberto. S\u00e3o Paulo \u2014 SP CEP 05693-000<\/p>\n\n\n\n<p><strong>Investimento:<\/strong><br>Associados &#8211; R$ 80,00<br>N\u00e3o associados &#8211; R$120,00<br>Incluso: Jogo na pista de curling e Happy Hour<\/p>\n\n\n\n<p><br><strong>RSVP by: 18\/09<\/strong><\/p>\n","protected":false},"excerpt":{"rendered":"<p>A Arena Ice Brasil \u00e9 um projeto da Confedera\u00e7\u00e3o Brasileira de Desportos no Gelo, que conta com Patina\u00e7\u00e3o, Hockey e<\/p>\n","protected":false},"featured_media":26738,"template":"","meta":[],"product_brand":[],"product_cat":[228],"product_tag":[],"class_list":{"0":"post-26732","1":"product","2":"type-product","3":"status-publish","4":"has-post-thumbnail","6":"product_cat-our-events","8":"first","9":"instock","10":"shipping-taxable","11":"purchasable","12":"product-type-variable"},"_links":{"self":[{"href":"https:\/\/www.swedcham.com.br\/en\/wp-json\/wp\/v2\/product\/26732","targetHints":{"allow":["GET"]}}],"collection":[{"href":"https:\/\/www.swedcham.com.br\/en\/wp-json\/wp\/v2\/product"}],"about":[{"href":"https:\/\/www.swedcham.com.br\/en\/wp-json\/wp\/v2\/types\/product"}],"wp:featuredmedia":[{"embeddable":true,"href":"https:\/\/www.swedcham.com.br\/en\/wp-json\/wp\/v2\/media\/26738"}],"wp:attachment":[{"href":"https:\/\/www.swedcham.com.br\/en\/wp-json\/wp\/v2\/media?parent=26732"}],"wp:term":[{"taxonomy":"product_brand","embeddable":true,"href":"https:\/\/www.swedcham.com.br\/en\/wp-json\/wp\/v2\/product_brand?post=26732"},{"taxonomy":"product_cat","embeddable":true,"href":"https:\/\/www.swedcham.com.br\/en\/wp-json\/wp\/v2\/product_cat?post=26732"},{"taxonomy":"product_tag","embeddable":true,"href":"https:\/\/www.swedcham.com.br\/en\/wp-json\/wp\/v2\/product_tag?post=26732"}],"curies":[{"name":"wp","href":"https:\/\/api.w.org\/{rel}","templated":true}]}}