{"id":26719,"date":"2023-09-22T16:20:34","date_gmt":"2023-09-22T19:20:34","guid":{"rendered":"https:\/\/www.swedcham.com.br\/uncategorized\/teste\/"},"modified":"2023-10-18T13:30:37","modified_gmt":"2023-10-18T16:30:37","slug":"teste","status":"publish","type":"product","link":"https:\/\/www.swedcham.com.br\/en\/product\/our-events\/teste\/","title":{"rendered":"Festa &#8211; Swedcham 70 anos!"},"content":{"rendered":"\n<figure class=\"wp-block-image size-full is-resized\"><a href=\"https:\/\/www.swedcham.com.br\/wp-content\/uploads\/2023\/09\/WhatsApp-Image-2023-09-22-at-16.57.40.jpeg\"><img decoding=\"async\" src=\"https:\/\/www.swedcham.com.br\/wp-content\/uploads\/2023\/09\/WhatsApp-Image-2023-09-22-at-16.57.40.jpeg\" alt=\"\" class=\"wp-image-26889\" style=\"width:601px;height:601px\"\/><\/a><\/figure>\n\n\n\n<p><strong>Uma jornada de sucesso, conquistas e parcerias merece ser comemorada em grande estilo!<\/strong><\/p>\n\n\n\n<p>Este ano, a Swedcham&nbsp;comemora seus 70 anos com a importante miss\u00e3o de ser uma plataforma que conecta pessoas e neg\u00f3cios para engajar e promover parcerias entre os dois pa\u00edses. E \u00e9 com grande alegria, que convidamos voc\u00ea para participar dessa celebra\u00e7\u00e3o em uma noite \u00fanica e memor\u00e1vel.&nbsp;<\/p>\n\n\n\n<p>Junte-se a n\u00f3s e desfrute de um <strong>delicioso jantar <\/strong>em um momento mais que especial. Ser\u00e1 uma \u00f3tima oportunidade para reencontrar amigos, fazer novos contatos e celebrar a hist\u00f3ria que constru\u00edmos.<\/p>\n\n\n\n<p>Preparamos uma noite de pr\u00eamios com sorteios incr\u00edveis e&nbsp;atra\u00e7\u00f5es musicais.&nbsp;<br><br><strong>Garanta j\u00e1 o seu lugar &#8211; vagas limitadas!<\/strong><\/p>\n\n\n\n<p><strong>Quando:<\/strong><br>Quinta-feira 26 de outubro \u00e0s 19h<\/p>\n\n\n\n<p><strong>Onde:<\/strong><br>Grand Mercure S\u00e3o Paulo Ibirapuera<br>Rua Sena Madureira, 1355 &#8211; Ibirapuera, S\u00e3o Paulo &#8211; SP, 04021-051<\/p>\n\n\n\n<p><strong>Investimento:<\/strong><br>Associados: R$ 120,00<br>N\u00e3o associados: R$ 200,00<\/p>\n\n\n\n<p><strong>Estacionamento:<\/strong><br>R$ 45,00<br>Se for beber (vamos servir aquavit&#8230;), venha de taxi ou uber<\/p>\n\n\n\n<p><strong>RSVP:<\/strong> by 20\/10\/2023<\/p>\n","protected":false},"excerpt":{"rendered":"<p>Uma jornada de sucesso, conquistas e parcerias merece ser comemorada em grande estilo! Este ano, a Swedcham&nbsp;comemora seus 70 anos<\/p>\n","protected":false},"featured_media":26980,"template":"","meta":[],"product_brand":[],"product_cat":[228],"product_tag":[],"class_list":{"0":"post-26719","1":"product","2":"type-product","3":"status-publish","4":"has-post-thumbnail","6":"product_cat-our-events","8":"first","9":"outofstock","10":"shipping-taxable","11":"purchasable","12":"product-type-variable"},"_links":{"self":[{"href":"https:\/\/www.swedcham.com.br\/en\/wp-json\/wp\/v2\/product\/26719","targetHints":{"allow":["GET"]}}],"collection":[{"href":"https:\/\/www.swedcham.com.br\/en\/wp-json\/wp\/v2\/product"}],"about":[{"href":"https:\/\/www.swedcham.com.br\/en\/wp-json\/wp\/v2\/types\/product"}],"wp:featuredmedia":[{"embeddable":true,"href":"https:\/\/www.swedcham.com.br\/en\/wp-json\/wp\/v2\/media\/26980"}],"wp:attachment":[{"href":"https:\/\/www.swedcham.com.br\/en\/wp-json\/wp\/v2\/media?parent=26719"}],"wp:term":[{"taxonomy":"product_brand","embeddable":true,"href":"https:\/\/www.swedcham.com.br\/en\/wp-json\/wp\/v2\/product_brand?post=26719"},{"taxonomy":"product_cat","embeddable":true,"href":"https:\/\/www.swedcham.com.br\/en\/wp-json\/wp\/v2\/product_cat?post=26719"},{"taxonomy":"product_tag","embeddable":true,"href":"https:\/\/www.swedcham.com.br\/en\/wp-json\/wp\/v2\/product_tag?post=26719"}],"curies":[{"name":"wp","href":"https:\/\/api.w.org\/{rel}","templated":true}]}}