{"id":26638,"date":"2023-06-19T14:27:15","date_gmt":"2023-06-19T17:27:15","guid":{"rendered":"https:\/\/www.swedcham.com.br\/uncategorized\/transformando-times-e-pessoas-em-campeoes\/"},"modified":"2023-08-02T12:49:00","modified_gmt":"2023-08-02T15:49:00","slug":"transformando-times-e-pessoas-em-campeoes","status":"publish","type":"product","link":"https:\/\/www.swedcham.com.br\/en\/product\/our-events\/transformando-times-e-pessoas-em-campeoes\/","title":{"rendered":"Transformando times e pessoas em campe\u00f5es"},"content":{"rendered":"\n<figure class=\"wp-block-image size-full is-resized\"><a href=\"https:\/\/www.swedcham.com.br\/wp-content\/uploads\/2023\/06\/3333-1-e1685636947116.png\"><img loading=\"lazy\" decoding=\"async\" src=\"https:\/\/www.swedcham.com.br\/wp-content\/uploads\/2023\/06\/3333-1-e1685636947116.png\" alt=\"\" class=\"wp-image-26535\" width=\"484\" height=\"127\" srcset=\"https:\/\/www.swedcham.com.br\/wp-content\/uploads\/2023\/06\/3333-1-e1685636947116.png 460w, https:\/\/www.swedcham.com.br\/wp-content\/uploads\/2023\/06\/3333-1-e1685636947116-300x79.png 300w\" sizes=\"auto, (max-width: 484px) 100vw, 484px\" \/><\/a><\/figure>\n\n\n\n<figure class=\"wp-block-image size-full\"><a href=\"https:\/\/www.swedcham.com.br\/wp-content\/uploads\/2023\/06\/22.png\"><img loading=\"lazy\" decoding=\"async\" width=\"486\" height=\"447\" src=\"https:\/\/www.swedcham.com.br\/wp-content\/uploads\/2023\/06\/22.png\" alt=\"\" class=\"wp-image-26533\" srcset=\"https:\/\/www.swedcham.com.br\/wp-content\/uploads\/2023\/06\/22.png 486w, https:\/\/www.swedcham.com.br\/wp-content\/uploads\/2023\/06\/22-300x276.png 300w\" sizes=\"auto, (max-width: 486px) 100vw, 486px\" \/><\/a><\/figure>\n\n\n\n<p>A C\u00e2mara Sueca em parceria com a empresa associada <strong><em>People+<\/em><\/strong>&nbsp;convidam para a apresenta\u00e7\u00e3o:<\/p>\n\n\n\n<p><strong>Transformando pessoas e equipes por meio da for\u00e7a do esporte de alto rendimento<\/strong><\/p>\n\n\n\n<p><em><strong>Giovane G\u00e1vio,<\/strong><\/em> bicampe\u00e3o ol\u00edmpico de v\u00f4lei, e <em><strong>Marcelo Reis,<\/strong><\/em> executivo, fundaram a People+ Treinamentos Corporativos com o prop\u00f3sito de utilizar a poderosa influ\u00eancia do esporte de alto rendimento para transformar indiv\u00edduos e equipes. Nesta palestra inspiradora, eles compartilhar\u00e3o como as li\u00e7\u00f5es aprendidas no mundo esportivo podem ser aplicadas no contexto corporativo, impulsionando o desenvolvimento pessoal e o sucesso profissional. Explorando analogias entre o esporte e o mundo dos neg\u00f3cios, eles mostrar\u00e3o como a busca pelo alto desempenho requer um equil\u00edbrio entre corpo, mente, alma e emo\u00e7\u00f5es. Por meio de exemplos pr\u00e1ticos e experi\u00eancias vividas, eles guiar\u00e3o os participantes no caminho da excel\u00eancia, fornecendo ferramentas e estrat\u00e9gias para impulsionar a transforma\u00e7\u00e3o pessoal e o trabalho em equipe. Ao unir suas trajet\u00f3rias de sucesso no esporte e no mundo corporativo, Giovane G\u00e1vio e Marcelo Reis oferecem uma abordagem \u00fanica e inspiradora para o desenvolvimento humano. Prepare-se para uma palestra motivadora e impactante, onde o esporte de alto rendimento se torna uma poderosa ferramenta para impulsionar o crescimento e alcan\u00e7ar resultados extraordin\u00e1rios.<\/p>\n\n\n\n<p><strong>Quando:&nbsp;<\/strong><br>Quarta- feira -21 de junho \u00e0s 18h<\/p>\n\n\n\n<p><strong>Onde:<\/strong><br>Swedcham &#8211; Rua Oscar Freire, 379 &#8211; cj 121<br>OBS: Evento somente presencial!<\/p>\n\n\n\n<p><strong>Ap\u00f3s a apresenta\u00e7\u00e3o, a C\u00e2mara convida a todos para um Happy Hour.<\/strong><br><strong>Evento exclusivo para associados! Vagas limitadas!<\/strong><\/p>\n\n\n\n<p><\/p>\n\n\n\n<div class=\"wp-block-buttons is-layout-flex wp-block-buttons-is-layout-flex\">\n<div class=\"wp-block-button has-custom-width wp-block-button__width-75\"><a class=\"wp-block-button__link has-background wp-element-button\" href=\"https:\/\/docs.google.com\/forms\/d\/e\/1FAIpQLSfuqy2ILzKQrlkFM8aQikiPrYj-cw9h7bsHoIbSenhwOZcz4g\/viewform?vc=0&amp;c=0&amp;w=1&amp;flr=0\" style=\"background-color:#063e5e\">Clique aqui para confirmar sua presen\u00e7a!<\/a><\/div>\n<\/div>\n","protected":false},"excerpt":{"rendered":"<p>A C\u00e2mara Sueca em parceria com a empresa associada People+&nbsp;convidam para a apresenta\u00e7\u00e3o: Transformando pessoas e equipes por meio da<\/p>\n","protected":false},"featured_media":26538,"template":"","meta":[],"product_brand":[],"product_cat":[228],"product_tag":[],"class_list":{"0":"post-26638","1":"product","2":"type-product","3":"status-publish","4":"has-post-thumbnail","6":"product_cat-our-events","8":"first","9":"instock","10":"shipping-taxable","11":"product-type-simple"},"_links":{"self":[{"href":"https:\/\/www.swedcham.com.br\/en\/wp-json\/wp\/v2\/product\/26638","targetHints":{"allow":["GET"]}}],"collection":[{"href":"https:\/\/www.swedcham.com.br\/en\/wp-json\/wp\/v2\/product"}],"about":[{"href":"https:\/\/www.swedcham.com.br\/en\/wp-json\/wp\/v2\/types\/product"}],"wp:featuredmedia":[{"embeddable":true,"href":"https:\/\/www.swedcham.com.br\/en\/wp-json\/wp\/v2\/media\/26538"}],"wp:attachment":[{"href":"https:\/\/www.swedcham.com.br\/en\/wp-json\/wp\/v2\/media?parent=26638"}],"wp:term":[{"taxonomy":"product_brand","embeddable":true,"href":"https:\/\/www.swedcham.com.br\/en\/wp-json\/wp\/v2\/product_brand?post=26638"},{"taxonomy":"product_cat","embeddable":true,"href":"https:\/\/www.swedcham.com.br\/en\/wp-json\/wp\/v2\/product_cat?post=26638"},{"taxonomy":"product_tag","embeddable":true,"href":"https:\/\/www.swedcham.com.br\/en\/wp-json\/wp\/v2\/product_tag?post=26638"}],"curies":[{"name":"wp","href":"https:\/\/api.w.org\/{rel}","templated":true}]}}