{"id":26628,"date":"2023-08-16T10:02:23","date_gmt":"2023-08-16T13:02:23","guid":{"rendered":"https:\/\/www.swedcham.com.br\/uncategorized\/after-work-com-artsoppa-och-punsch-8\/"},"modified":"2023-08-16T14:35:15","modified_gmt":"2023-08-16T17:35:15","slug":"after-work-com-artsoppa-och-punsch-8","status":"publish","type":"product","link":"https:\/\/www.swedcham.com.br\/en\/product\/our-events\/after-work-com-artsoppa-och-punsch-8\/","title":{"rendered":"After Work com \u00c4rtsoppa och Punsch"},"content":{"rendered":"\n<figure class=\"wp-block-image size-full\"><a href=\"https:\/\/www.swedcham.com.br\/wp-content\/uploads\/2023\/05\/Punsch-e1684422880995.jpg\"><img loading=\"lazy\" decoding=\"async\" width=\"500\" height=\"375\" src=\"https:\/\/www.swedcham.com.br\/wp-content\/uploads\/2023\/05\/Punsch-e1684422880995.jpg\" alt=\"\" class=\"wp-image-26502\" srcset=\"https:\/\/www.swedcham.com.br\/wp-content\/uploads\/2023\/05\/Punsch-e1684422880995.jpg 500w, https:\/\/www.swedcham.com.br\/wp-content\/uploads\/2023\/05\/Punsch-e1684422880995-300x225.jpg 300w\" sizes=\"auto, (max-width: 500px) 100vw, 500px\" \/><\/a><\/figure>\n\n\n\n<p>After Work com \u00c4rtsoppa och Punsch&nbsp;<br><strong><em>(Sopa de ervilhas e ponche)<\/em><\/strong><\/p>\n\n\n\n<p>Baseada numa tradi\u00e7\u00e3o dos tempos dos vikings, a sopa de ervilhas \u00e9 uma receita muito apreciada na Su\u00e9cia. Os restaurantes suecos e as escolas servem este prato t\u00edpico no almo\u00e7o \u00e0s quintas-feiras, seguido de uma saborosa panqueca doce. Nas festas e jantares universit\u00e1rios a sopa tamb\u00e9m \u00e9 consumida, mas sempre acompanhada&nbsp; de um delicioso&nbsp;punsch&nbsp;servido quente ou frio. O&nbsp;punsch&nbsp;\u00e9 um licor t\u00edpico da Su\u00e9cia, envelhecido em barris de madeira, e produzido a partir de gr\u00e3os e ervas n\u00f3rdicas.<\/p>\n\n\n\n<p><strong>Venha e fa\u00e7a desse Happy Hour uma noite agrad\u00e1vel e divertida!&nbsp;<\/strong><\/p>\n\n\n\n<h3 class=\"wp-block-heading\">Quando<\/h3>\n\n\n\n<p>Quinta-feira, 17 de agosto \u00e0s 19h30min<\/p>\n\n\n\n<h3 class=\"wp-block-heading\">Onde<\/h3>\n\n\n\n<p>Igreja Escandinava<br>Rua Job Lane, 1030 &#8211; Santo Amaro<\/p>\n\n\n\n<h3 class=\"wp-block-heading\">O que ser\u00e1 servido?<\/h3>\n\n\n\n<p>Os pratos a seguir est\u00e3o inclusos no pre\u00e7o do convite:<\/p>\n\n\n\n<ul class=\"wp-block-list\">\n<li><strong>Prato Principal:<\/strong>&nbsp;\u00c4rtsoppa&nbsp;(Sopa de ervilhas)<\/li>\n\n\n\n<li><strong>Sobremesa:<\/strong>&nbsp;Panqueca<\/li>\n\n\n\n<li><strong>Bebidas:<\/strong>&nbsp;Um copo de ponche e 2 cervejas ou bebidas n\u00e3o alco\u00f3licas<\/li>\n<\/ul>\n\n\n\n<p>(qualquer bebida adicional ser\u00e1 cobrada separadamente).<\/p>\n\n\n\n<h3 class=\"wp-block-heading\"><strong>Pre\u00e7o<\/strong><\/h3>\n\n\n\n<p>R$ 50,00 <\/p>\n\n\n\n<p><a href=\"https:\/\/checkout.stripe.com\/c\/pay\/cs_live_a1r7aNUHOtC1IxUvS3Nt77uT54ESzrJffzWpuf1mHTW00rT8XCcslRZVyd#fidkdWxOYHwnPyd1blppbHNgWjA0TnNSTzVAY0xzMXZgRkZibFBLdXV0S0lJcFdON2dSMF1PTWNcSGhyfDZQfENNQjFQQUt9bVBfNFdTUDJSV3xXYTxXUWZwR3NAPEdQbnFgQ0Z0YW9tRnEzNTUyak5VMXRRSCcpJ3VpbGtuQH11anZgYUxhJz8nNDFuZExAMHYxZ3VuMEF0MG5AJ3gl\" data-type=\"link\" data-id=\"https:\/\/checkout.stripe.com\/c\/pay\/cs_live_a1r7aNUHOtC1IxUvS3Nt77uT54ESzrJffzWpuf1mHTW00rT8XCcslRZVyd#fidkdWxOYHwnPyd1blppbHNgWjA0TnNSTzVAY0xzMXZgRkZibFBLdXV0S0lJcFdON2dSMF1PTWNcSGhyfDZQfENNQjFQQUt9bVBfNFdTUDJSV3xXYTxXUWZwR3NAPEdQbnFgQ0Z0YW9tRnEzNTUyak5VMXRRSCcpJ3VpbGtuQH11anZgYUxhJz8nNDFuZExAMHYxZ3VuMEF0MG5AJ3gl\">Clique aqui <\/a>para fazer o pagamento<\/p>\n\n\n\n<h3 class=\"wp-block-heading\"><strong>Reservas<\/strong><\/h3>\n\n\n\n<p>Por favor, envie um e-mail para a Swedcham confirmando sua presen\u00e7a.<br><a href=\"mailto:eventos@swedcham.com.br?subject=Sopa%20de%20ervilha\" target=\"_blank\" rel=\"noreferrer noopener\">eventos@swedcham.com.br<\/a><\/p>\n","protected":false},"excerpt":{"rendered":"<p>After Work com \u00c4rtsoppa och Punsch&nbsp;(Sopa de ervilhas e ponche) Baseada numa tradi\u00e7\u00e3o dos tempos dos vikings, a sopa de<\/p>\n","protected":false},"featured_media":26505,"template":"","meta":[],"product_brand":[],"product_cat":[228],"product_tag":[],"class_list":{"0":"post-26628","1":"product","2":"type-product","3":"status-publish","4":"has-post-thumbnail","6":"product_cat-our-events","8":"first","9":"instock","10":"shipping-taxable","11":"product-type-simple"},"_links":{"self":[{"href":"https:\/\/www.swedcham.com.br\/en\/wp-json\/wp\/v2\/product\/26628","targetHints":{"allow":["GET"]}}],"collection":[{"href":"https:\/\/www.swedcham.com.br\/en\/wp-json\/wp\/v2\/product"}],"about":[{"href":"https:\/\/www.swedcham.com.br\/en\/wp-json\/wp\/v2\/types\/product"}],"wp:featuredmedia":[{"embeddable":true,"href":"https:\/\/www.swedcham.com.br\/en\/wp-json\/wp\/v2\/media\/26505"}],"wp:attachment":[{"href":"https:\/\/www.swedcham.com.br\/en\/wp-json\/wp\/v2\/media?parent=26628"}],"wp:term":[{"taxonomy":"product_brand","embeddable":true,"href":"https:\/\/www.swedcham.com.br\/en\/wp-json\/wp\/v2\/product_brand?post=26628"},{"taxonomy":"product_cat","embeddable":true,"href":"https:\/\/www.swedcham.com.br\/en\/wp-json\/wp\/v2\/product_cat?post=26628"},{"taxonomy":"product_tag","embeddable":true,"href":"https:\/\/www.swedcham.com.br\/en\/wp-json\/wp\/v2\/product_tag?post=26628"}],"curies":[{"name":"wp","href":"https:\/\/api.w.org\/{rel}","templated":true}]}}