{"id":26524,"date":"2023-06-20T12:05:00","date_gmt":"2023-06-20T15:05:00","guid":{"rendered":"https:\/\/www.swedcham.com.br\/?post_type=product&#038;p=26524"},"modified":"2023-06-21T14:30:08","modified_gmt":"2023-06-21T17:30:08","slug":"reuniao-do-comite-de-inovacaoe-sustentabilidade-2","status":"publish","type":"product","link":"https:\/\/www.swedcham.com.br\/en\/product\/our-events\/reuniao-do-comite-de-inovacaoe-sustentabilidade-2\/","title":{"rendered":"Comit\u00ea de Inova\u00e7\u00e3o e\u00a0Sustentabilidade"},"content":{"rendered":"\n<figure class=\"wp-block-embed is-type-video is-provider-youtube wp-block-embed-youtube wp-embed-aspect-16-9 wp-has-aspect-ratio\"><div class=\"wp-block-embed__wrapper\">\n<iframe loading=\"lazy\" title=\"Comit\u00ea de Inova\u00e7\u00e3o e Sustentabilidade - economia circular\" width=\"640\" height=\"360\" src=\"https:\/\/www.youtube.com\/embed\/wkC-dUo-3vM?feature=oembed\" frameborder=\"0\" allow=\"accelerometer; autoplay; clipboard-write; encrypted-media; gyroscope; picture-in-picture; web-share\" referrerpolicy=\"strict-origin-when-cross-origin\" allowfullscreen><\/iframe>\n<\/div><\/figure>\n\n\n\n<p><em>A economia circular tem como objetivo minimizar o desperd\u00edcio e maximizar o aproveitamento dos recursos, promovendo a sustentabilidade e reduzindo o impacto ambiental.&nbsp;<\/em><\/p>\n\n\n\n<p><em>Esse foi o tema da reuni\u00e3o do Comit\u00ea de Inova\u00e7\u00e3o e Sustentabilidade <\/em>com a participa\u00e7\u00e3o da Val\u00e9ria Michel, Diretora de Sustentabilidade na Tetra Pak e Jo\u00e3o Zeni, Diretor de Sustentabilidade | ESG (Am\u00e9rica Latina) na Electrolux.<\/p>\n\n\n\n<p><em>Juntos podemos fazer a diferen\u00e7a e promover mudan\u00e7as positivas.<\/em><\/p>\n\n\n\n<p><\/p>\n\n\n\n<p><\/p>\n\n\n\n<div class=\"wp-block-buttons is-layout-flex wp-block-buttons-is-layout-flex\">\n<div class=\"wp-block-button has-custom-width wp-block-button__width-75\"><a class=\"wp-block-button__link has-background wp-element-button\" href=\"https:\/\/docs.google.com\/forms\/d\/e\/1FAIpQLSf64qKTQ-ykusi7919ZJVH0FVfOCOrY0rESX38LHP01G7NtNQ\/viewform?vc=0&amp;c=0&amp;w=1&amp;flr=0\" style=\"background-color:#083751\">Clique aqui para confir<\/a><\/div>\n<\/div>\n","protected":false},"excerpt":{"rendered":"<p>A economia circular tem como objetivo minimizar o desperd\u00edcio e maximizar o aproveitamento dos recursos, promovendo a sustentabilidade e reduzindo<\/p>\n","protected":false},"featured_media":26541,"template":"","meta":[],"product_brand":[],"product_cat":[228],"product_tag":[],"class_list":{"0":"post-26524","1":"product","2":"type-product","3":"status-publish","4":"has-post-thumbnail","6":"product_cat-our-events","8":"first","9":"instock","10":"shipping-taxable","11":"product-type-simple"},"_links":{"self":[{"href":"https:\/\/www.swedcham.com.br\/en\/wp-json\/wp\/v2\/product\/26524","targetHints":{"allow":["GET"]}}],"collection":[{"href":"https:\/\/www.swedcham.com.br\/en\/wp-json\/wp\/v2\/product"}],"about":[{"href":"https:\/\/www.swedcham.com.br\/en\/wp-json\/wp\/v2\/types\/product"}],"wp:featuredmedia":[{"embeddable":true,"href":"https:\/\/www.swedcham.com.br\/en\/wp-json\/wp\/v2\/media\/26541"}],"wp:attachment":[{"href":"https:\/\/www.swedcham.com.br\/en\/wp-json\/wp\/v2\/media?parent=26524"}],"wp:term":[{"taxonomy":"product_brand","embeddable":true,"href":"https:\/\/www.swedcham.com.br\/en\/wp-json\/wp\/v2\/product_brand?post=26524"},{"taxonomy":"product_cat","embeddable":true,"href":"https:\/\/www.swedcham.com.br\/en\/wp-json\/wp\/v2\/product_cat?post=26524"},{"taxonomy":"product_tag","embeddable":true,"href":"https:\/\/www.swedcham.com.br\/en\/wp-json\/wp\/v2\/product_tag?post=26524"}],"curies":[{"name":"wp","href":"https:\/\/api.w.org\/{rel}","templated":true}]}}