{"id":26493,"date":"2023-05-26T16:04:51","date_gmt":"2023-05-26T19:04:51","guid":{"rendered":"https:\/\/www.swedcham.com.br\/?post_type=product&#038;p=26493"},"modified":"2023-05-31T11:59:50","modified_gmt":"2023-05-31T14:59:50","slug":"as-competencias-humanas-necessarias-para-construir-um-futurosustentavel-os-objetivos-de-desenvolvimento-interno-idg","status":"publish","type":"product","link":"https:\/\/www.swedcham.com.br\/en\/product\/our-events\/as-competencias-humanas-necessarias-para-construir-um-futurosustentavel-os-objetivos-de-desenvolvimento-interno-idg\/","title":{"rendered":"\u00a0As compet\u00eancias humanas necess\u00e1rias para construir um futurosustent\u00e1vel: Os objetivos de desenvolvimento interno (IDG)"},"content":{"rendered":"\n<figure class=\"wp-block-embed is-type-video is-provider-youtube wp-block-embed-youtube wp-embed-aspect-16-9 wp-has-aspect-ratio\"><div class=\"wp-block-embed__wrapper\">\n<iframe loading=\"lazy\" title=\"As compet\u00eancias humanas necess\u00e1rias para construir um futuro sustent\u00e1vel\" width=\"640\" height=\"360\" src=\"https:\/\/www.youtube.com\/embed\/---57384Guw?feature=oembed\" frameborder=\"0\" allow=\"accelerometer; autoplay; clipboard-write; encrypted-media; gyroscope; picture-in-picture; web-share\" referrerpolicy=\"strict-origin-when-cross-origin\" allowfullscreen><\/iframe>\n<\/div><\/figure>\n\n\n\n<p><strong>As compet\u00eancias humanas necess\u00e1rias para construir um futuro<br>sustent\u00e1vel: Os objetivos de desenvolvimento interno (IDG)<\/strong><\/p>\n\n\n\n<p><\/p>\n\n\n\n<p>Em 2015 governos, organiza\u00e7\u00f5es e sociedade civil se uniram num movimento sem precedentes para definir 17 objetivos de sustentabilidade para garantir paz, prosperidade e equilibro as pessoas e ao planeta. O progresso nesses objetivos est\u00e1 muito lento, e a comunidade internacional chegou \u00e0 conclus\u00e3o de que faltam desenvolver nossas habilidades internas para lidar com nosso ambiente e desafios cada vez mais complexos: foram criados os IDGs para suprir essa necessidade.<br><br>Apresentaremos o modelo desenvolvido pela comunidade internacional de cientistas, professores, executivos, baseado em 5 grandes pilares e 23 compet\u00eancias, que ajudar\u00e1 a tornar nossas organiza\u00e7\u00f5es mais criativas, resilientes e sustent\u00e1veis. Daremos sugest\u00f5es para implementa\u00e7\u00e3o nas organiza\u00e7\u00f5es dentro do contexto da nossa realidade brasileira.<br><br><strong>Convidados:<\/strong><br><br><strong>Nathalie Trutmann\u00a0<\/strong>\u2013 Cofundadora OMTARE \u2013 Nathalie tem mais de 25 anos de experi\u00eancia<br>trabalhando com empresas l\u00edderes locais e internacionais como executiva, empreendedora, consultora e palestrante. \u200bPioneira no setor de educa\u00e7\u00e3o corporativa. Liderou iniciativas inovadoras para FIAP, Singularity University, Hyper Island e 500 Global.\u200b Selecionada nas Top 10 mulheres em Inova\u00e7\u00e3o Aberta no Brasil.\u200b Liderou v\u00e1rias jornadas de transforma\u00e7\u00e3o para times de diferentes senioridades e complexidades.<br>Autora dos livros: Reflex\u00f5es para Sonhadoras Corajosas, Manual para Sonhadores e O<br>Misterioso Significado do Dinheiro.<br>Formada pelo INSEAD, UCSD, Acumen, IBGC, Dialogue Creates<br><br><strong>Virginie Fernandez<\/strong>\u00a0\u2013 Cofundadora OMTARE &#8211; Virginie tem mais de 25 anos de experi\u00eancia em Recursos Humanos e Desenvolvimento de Neg\u00f3cios, com ampla experi\u00eancia na Europa e Am\u00e9rica Latina. Ela trabalhou primeiro na Ind\u00fastria Seguradora e 17 anos na Ind\u00fastria de Luxo, no grupo LVMH. Embaixadora da Diversidade &amp;amp; Inclus\u00e3o. Lidera projetos com organiza\u00e7\u00f5es que querem desenvolver a intelig\u00eancia coletiva levando as equipes para alto desempenho, fortalecendo a cultura e possibilitando relacionamentos interpessoais de qualidade.<br>Formada pela Essec Business School e Universidade da Sorbonne. Coach Certificada pela<br>ICF.<br><br><strong>Quando:<\/strong><br>Quarta-feira 31 de maio \u00e0s 08:30<br><\/p>\n","protected":false},"excerpt":{"rendered":"<p>As compet\u00eancias humanas necess\u00e1rias para construir um futurosustent\u00e1vel: Os objetivos de desenvolvimento interno (IDG) Em 2015 governos, organiza\u00e7\u00f5es e sociedade<\/p>\n","protected":false},"featured_media":26507,"template":"","meta":[],"product_brand":[],"product_cat":[228],"product_tag":[],"class_list":{"0":"post-26493","1":"product","2":"type-product","3":"status-publish","4":"has-post-thumbnail","6":"product_cat-our-events","8":"first","9":"instock","10":"shipping-taxable","11":"product-type-simple"},"_links":{"self":[{"href":"https:\/\/www.swedcham.com.br\/en\/wp-json\/wp\/v2\/product\/26493","targetHints":{"allow":["GET"]}}],"collection":[{"href":"https:\/\/www.swedcham.com.br\/en\/wp-json\/wp\/v2\/product"}],"about":[{"href":"https:\/\/www.swedcham.com.br\/en\/wp-json\/wp\/v2\/types\/product"}],"wp:featuredmedia":[{"embeddable":true,"href":"https:\/\/www.swedcham.com.br\/en\/wp-json\/wp\/v2\/media\/26507"}],"wp:attachment":[{"href":"https:\/\/www.swedcham.com.br\/en\/wp-json\/wp\/v2\/media?parent=26493"}],"wp:term":[{"taxonomy":"product_brand","embeddable":true,"href":"https:\/\/www.swedcham.com.br\/en\/wp-json\/wp\/v2\/product_brand?post=26493"},{"taxonomy":"product_cat","embeddable":true,"href":"https:\/\/www.swedcham.com.br\/en\/wp-json\/wp\/v2\/product_cat?post=26493"},{"taxonomy":"product_tag","embeddable":true,"href":"https:\/\/www.swedcham.com.br\/en\/wp-json\/wp\/v2\/product_tag?post=26493"}],"curies":[{"name":"wp","href":"https:\/\/api.w.org\/{rel}","templated":true}]}}