{"id":26487,"date":"2023-05-18T12:20:14","date_gmt":"2023-05-18T15:20:14","guid":{"rendered":"https:\/\/www.swedcham.com.br\/?post_type=product&#038;p=26487"},"modified":"2023-05-26T16:17:49","modified_gmt":"2023-05-26T19:17:49","slug":"brazil-sweden-business-panel","status":"publish","type":"product","link":"https:\/\/www.swedcham.com.br\/en\/product\/our-events\/brazil-sweden-business-panel\/","title":{"rendered":"\u00a0Brazil-Sweden Business Panel"},"content":{"rendered":"\n<figure class=\"wp-block-embed is-type-video is-provider-youtube wp-block-embed-youtube wp-embed-aspect-16-9 wp-has-aspect-ratio\"><div class=\"wp-block-embed__wrapper\">\n<iframe loading=\"lazy\" title=\"Business Panel with Olle Wid\u00e9n (FinanZero) &amp; \u00cccaro da Silva (Ericsson)\" width=\"640\" height=\"360\" src=\"https:\/\/www.youtube.com\/embed\/b0AI93M89fw?feature=oembed\" frameborder=\"0\" allow=\"accelerometer; autoplay; clipboard-write; encrypted-media; gyroscope; picture-in-picture; web-share\" referrerpolicy=\"strict-origin-when-cross-origin\" allowfullscreen><\/iframe>\n<\/div><\/figure>\n\n\n\n<p>Come join us at Swedcham and<strong>&nbsp;listen to&nbsp;\u00cdcaro Leonardo da Silva &#8211; Director of Intellectual Property at Ericsson in Kista, Sweden and&nbsp;Olle&nbsp;Wid\u00e9n &#8211; CEO and Co-Founder of FinanZero in S\u00e3o Paulo, Brazil.<\/strong><\/p>\n\n\n\n<p><strong>\u00cdcaro Leonardo da Silva<\/strong>&nbsp;is a Brazilian working for Ericsson in Kista, Sweden, and is considered one of the most productive inventors of Ericsson. He began his successful journey with Ericsson in 2009, then as a Federal University of Cear\u00e1 Master&#8217;s student and researcher in wireless telecom, running a project in cooperation with Ericsson. \u00cdcaro will be participating online from Sweden.<\/p>\n\n\n\n<p><strong>Olle Wid\u00e9n<\/strong>&nbsp;is a Swede who has lived in Brazil since 2010. He worked at Bloomberg with financial services in both London and S\u00e3o Paulo from 2006 to 2015, when he co-founded the successful Brazilian fintech FinanZero, which has reached over 13 million registered users. Olle will be here with us at the Chamber during the event.<\/p>\n\n\n\n<p>Learn and gain valuable insights about \u00cdcaro&#8217;s and&nbsp;Olle&#8217;s successful career trajectories and about the cultural differences between working in Brazil and in Sweden!<\/p>\n\n\n\n<p><\/p>\n","protected":false},"excerpt":{"rendered":"<p>Come join us at Swedcham and&nbsp;listen to&nbsp;\u00cdcaro Leonardo da Silva &#8211; Director of Intellectual Property at Ericsson in Kista, Sweden<\/p>\n","protected":false},"featured_media":26491,"template":"","meta":[],"product_brand":[],"product_cat":[228],"product_tag":[],"class_list":{"0":"post-26487","1":"product","2":"type-product","3":"status-publish","4":"has-post-thumbnail","6":"product_cat-our-events","8":"first","9":"instock","10":"shipping-taxable","11":"product-type-simple"},"_links":{"self":[{"href":"https:\/\/www.swedcham.com.br\/en\/wp-json\/wp\/v2\/product\/26487","targetHints":{"allow":["GET"]}}],"collection":[{"href":"https:\/\/www.swedcham.com.br\/en\/wp-json\/wp\/v2\/product"}],"about":[{"href":"https:\/\/www.swedcham.com.br\/en\/wp-json\/wp\/v2\/types\/product"}],"wp:featuredmedia":[{"embeddable":true,"href":"https:\/\/www.swedcham.com.br\/en\/wp-json\/wp\/v2\/media\/26491"}],"wp:attachment":[{"href":"https:\/\/www.swedcham.com.br\/en\/wp-json\/wp\/v2\/media?parent=26487"}],"wp:term":[{"taxonomy":"product_brand","embeddable":true,"href":"https:\/\/www.swedcham.com.br\/en\/wp-json\/wp\/v2\/product_brand?post=26487"},{"taxonomy":"product_cat","embeddable":true,"href":"https:\/\/www.swedcham.com.br\/en\/wp-json\/wp\/v2\/product_cat?post=26487"},{"taxonomy":"product_tag","embeddable":true,"href":"https:\/\/www.swedcham.com.br\/en\/wp-json\/wp\/v2\/product_tag?post=26487"}],"curies":[{"name":"wp","href":"https:\/\/api.w.org\/{rel}","templated":true}]}}